{"id":439,"date":"2026-02-02T02:47:16","date_gmt":"2026-02-02T02:47:16","guid":{"rendered":"https:\/\/gethealthyguide.org\/04-z-ab-cervical\/"},"modified":"2026-04-13T21:54:39","modified_gmt":"2026-04-13T21:54:39","slug":"ab-cervical","status":"publish","type":"page","link":"https:\/\/gethealthyguide.org\/es\/ab-cervical\/","title":{"rendered":"04.z.ab-cervical"},"content":{"rendered":"<p>[et_pb_section fb_built=\u00bb1&#8243; fullwidth=\u00bbon\u00bb _builder_version=\u00bb4.27.4&#8243; _module_preset=\u00bbdefault\u00bb global_colors_info=\u00bb{}\u00bb][et_pb_fullwidth_header title=\u00bbInformaci\u00f3n: Resultado Anormal del Cribado de C\u00e1ncer Cervical\u00bb _builder_version=\u00bb4.27.4&#8243; _module_preset=\u00bbdefault\u00bb title_font=\u00bb|700|||||||\u00bb subhead_font_size=\u00bb16px\u00bb custom_padding=\u00bb20px||13px|||\u00bb global_colors_info=\u00bb{}\u00bb][\/et_pb_fullwidth_header][\/et_pb_section][et_pb_section fb_built=\u00bb1&#8243; _builder_version=\u00bb4.27.4&#8243; _module_preset=\u00bbdefault\u00bb custom_padding=\u00bb11px||16px|||\u00bb global_colors_info=\u00bb{}\u00bb][et_pb_row _builder_version=\u00bb4.27.4&#8243; _module_preset=\u00bbdefault\u00bb custom_padding=\u00bb||27px|||\u00bb global_colors_info=\u00bb{}\u00bb][et_pb_column type=\u00bb4_4&#8243; _builder_version=\u00bb4.27.4&#8243; _module_preset=\u00bbdefault\u00bb global_colors_info=\u00bb{}\u00bb][et_pb_text _builder_version=\u00bb4.27.5&#8243; _module_preset=\u00bbdefault\u00bb global_colors_info=\u00bb{}\u00bb]<\/p>\n<ol>\n<li>Consulte inmediatamente a su m\u00e9dico de atenci\u00f3n primaria para comentar los resultados. Le informar\u00e1n exactamente qu\u00e9 fue lo anormal y qu\u00e9 podr\u00eda significar. La mayor\u00eda de los resultados anormales NO significan c\u00e1ncer.\n<\/li>\n<li>Puede que necesite repetir la prueba. A veces, el primer paso es repetir la prueba de Papanicolaou o la prueba de VPH en 1 a\u00f1o para ver si los cambios desaparecen por s\u00ed solos. <\/li>\n<\/ol>\n<ol start=\"3\">\n<li>Puede que necesite una colposcopia. Se trata de un examen m\u00e1s detallado del cuello uterino mediante un microscopio especial. Se realiza en la consulta y es similar a una prueba de Papanicolaou.  <\/li>\n<\/ol>\n<ol start=\"4\">\n<li>Puede que se tome una peque\u00f1a muestra (biopsia). Si algo parece inusual durante la colposcopia, el m\u00e9dico puede tomar un peque\u00f1o trozo de tejido para examinarlo bajo un microscopio. <\/li>\n<\/ol>\n<ol start=\"5\">\n<li>Los resultados gu\u00edan los siguientes pasos<\/li>\n<\/ol>\n<p>Si los resultados son leves, su m\u00e9dico puede simplemente observar y repetir las pruebas m\u00e1s adelante.<\/p>\n<p>Si los resultados muestran cambios moderados o de alto grado, puede que necesite tratamiento para eliminar las c\u00e9lulas anormales.<\/p>\n<ol start=\"6\">\n<li>Tratamiento, si es necesario. Los tratamientos comunes incluyen: <\/li>\n<\/ol>\n<ul>\n<li>LEEP (procedimiento LEEP) (eliminaci\u00f3n de c\u00e9lulas anormales con un alambre fino calentado)<\/li>\n<li>Biopsia de cono con bistur\u00ed fr\u00edo<\/li>\n<li>Crioterapia (congelaci\u00f3n de c\u00e9lulas anormales)<\/li>\n<\/ul>\n<p>Estos tratamientos tienen como objetivo evitar que las c\u00e9lulas anormales se conviertan en c\u00e1ncer. Si se diagnostica c\u00e1ncer, se realizar\u00e1n otras pruebas para determinar su estadio y planificar su tratamiento, que podr\u00eda incluir cirug\u00eda, radiaci\u00f3n o quimioterapia. <\/p>\n<ol start=\"7\">\n<li>Pruebas de seguimiento. Despu\u00e9s del tratamiento o la monitorizaci\u00f3n, se le realizar\u00e1n pruebas de Papanicolaou\/VPH peri\u00f3dicas para asegurarse de que todo sigue normal. <\/li>\n<\/ol>\n<p>Despu\u00e9s de un cribado de c\u00e1ncer cervical anormal, sus pr\u00f3ximos pasos dependen de los resultados, pero a menudo incluyen <strong>una colposcopia para una observaci\u00f3n m\u00e1s detallada y una biopsia, y posiblemente un tratamiento adicional como un procedimiento LEEP si se encuentran c\u00e9lulas precancerosas<\/strong>. Debe consultar inmediatamente a su m\u00e9dico para comentar los pr\u00f3ximos pasos, que tambi\u00e9n pueden incluir una repetici\u00f3n de la prueba de Papanicolaou o una vigilancia m\u00e1s frecuente. <\/p>\n<p>&nbsp;<\/p>\n<p><strong>Tenga en cuenta:<\/strong><\/p>\n<ul>\n<li>Un resultado anormal no significa autom\u00e1ticamente que tenga c\u00e1ncer, pero s\u00ed requiere seguimiento.<\/li>\n<li>Un seguimiento r\u00e1pido puede ayudar a detectar y tratar los problemas antes de que se vuelvan cancerosos.<\/li>\n<\/ul>\n<p>[\/et_pb_text][\/et_pb_column][\/et_pb_row][et_pb_row _builder_version=\u00bb4.27.4&#8243; _module_preset=\u00bbdefault\u00bb global_colors_info=\u00bb{}\u00bb][et_pb_column type=\u00bb4_4&#8243; _builder_version=\u00bb4.27.4&#8243; _module_preset=\u00bbdefault\u00bb global_colors_info=\u00bb{}\u00bb][et_pb_text _builder_version=\u00bb4.27.5&#8243; _module_preset=\u00bbdefault\u00bb hover_enabled=\u00bb0&#8243; global_colors_info=\u00bb{}\u00bb sticky_enabled=\u00bb0&#8243;]<\/p>\n<p>La informaci\u00f3n se adapta de la Fuerza de Tareas Preventiva de los Estados Unidos para el Cribado de C\u00e1ncer Cervical, con fecha 08\/21\/2018 en <a href=\"https:\/\/www.uspreventiveservicestaskforce.org\/uspstf\/recommendation\/cervical-cancer-screening\">Recomendaci\u00f3n: C\u00e1ncer Cervical: Cribado | Grupo de Trabajo de Servicios Preventivos de los Estados Unidos<\/a> y se adapta de texto generado por Gemini.\u00bb Gemini, Google, 22 de septiembre de 2025, indicaci\u00f3n \u00abapoyo a la educaci\u00f3n de adultos en Chicago Illinois\u00bb y de OpenAI el 02\/10\/2025 utilizando varias indicaciones.<\/p>\n<p>[\/et_pb_text][\/et_pb_column][\/et_pb_row][\/et_pb_section][et_pb_section fb_built=\u00bb1&#8243; _builder_version=\u00bb4.27.4&#8243; _module_preset=\u00bbdefault\u00bb custom_padding=\u00bb27px|||||\u00bb global_colors_info=\u00bb{}\u00bb][et_pb_row _builder_version=\u00bb4.27.4&#8243; _module_preset=\u00bbdefault\u00bb global_colors_info=\u00bb{}\u00bb][et_pb_column type=\u00bb4_4&#8243; _builder_version=\u00bb4.27.4&#8243; _module_preset=\u00bbdefault\u00bb global_colors_info=\u00bb{}\u00bb][et_pb_text _builder_version=\u00bb4.27.4&#8243; _module_preset=\u00bbdefault\u00bb global_colors_info=\u00bb{}\u00bb]<\/p>\n<p>Esta informaci\u00f3n no ofrece garant\u00edas sobre la exactitud o aplicaci\u00f3n de su contenido, declina la responsabilidad por su uso y no ofrece asesoramiento m\u00e9dico o legal. No respalda productos o terapias espec\u00edficas, no exige atenci\u00f3n m\u00e9dica ni representa el est\u00e1ndar de atenci\u00f3n. La informaci\u00f3n puede no actualizarse continuamente y no sustituye el juicio profesional de un proveedor de tratamiento. Se proporciona \u00abtal cual\u00bb, sin garant\u00edas expresas o impl\u00edcitas, no asume ninguna responsabilidad por cualquier da\u00f1o derivado de su uso y declina toda responsabilidad por errores u omisiones.    <\/p>\n<p>[\/et_pb_text][\/et_pb_column][\/et_pb_row][\/et_pb_section]<\/p>\n","protected":false},"excerpt":{"rendered":"<p>Consulte inmediatamente a su m\u00e9dico de atenci\u00f3n primaria para comentar los resultados. Le informar\u00e1n exactamente qu\u00e9 fue lo anormal y qu\u00e9 podr\u00eda significar. La mayor\u00eda de los resultados anormales NO significan c\u00e1ncer. Puede que necesite repetir la prueba. A veces, el primer paso es repetir la prueba de Papanicolaou o la prueba de VPH en [&hellip;]<\/p>\n","protected":false},"author":1,"featured_media":0,"parent":0,"menu_order":0,"comment_status":"closed","ping_status":"closed","template":"","meta":{"_et_pb_use_builder":"on","_et_pb_old_content":"","_et_gb_content_width":"","footnotes":""},"class_list":["post-439","page","type-page","status-publish","hentry"],"featured_image_src":null,"featured_image_src_square":null,"_links":{"self":[{"href":"https:\/\/gethealthyguide.org\/es\/wp-json\/wp\/v2\/pages\/439","targetHints":{"allow":["GET"]}}],"collection":[{"href":"https:\/\/gethealthyguide.org\/es\/wp-json\/wp\/v2\/pages"}],"about":[{"href":"https:\/\/gethealthyguide.org\/es\/wp-json\/wp\/v2\/types\/page"}],"author":[{"embeddable":true,"href":"https:\/\/gethealthyguide.org\/es\/wp-json\/wp\/v2\/users\/1"}],"replies":[{"embeddable":true,"href":"https:\/\/gethealthyguide.org\/es\/wp-json\/wp\/v2\/comments?post=439"}],"version-history":[{"count":0,"href":"https:\/\/gethealthyguide.org\/es\/wp-json\/wp\/v2\/pages\/439\/revisions"}],"wp:attachment":[{"href":"https:\/\/gethealthyguide.org\/es\/wp-json\/wp\/v2\/media?parent=439"}],"curies":[{"name":"wp","href":"https:\/\/api.w.org\/{rel}","templated":true}]}}