{"id":442,"date":"2025-12-18T00:14:20","date_gmt":"2025-12-18T00:14:20","guid":{"rendered":"https:\/\/gethealthyguide.org\/05-cribado-de-prostata\/"},"modified":"2026-04-13T21:54:51","modified_gmt":"2026-04-13T21:54:51","slug":"pc-screen","status":"publish","type":"page","link":"https:\/\/gethealthyguide.org\/es\/pc-screen\/","title":{"rendered":"05.cribado de pr\u00f3stata"},"content":{"rendered":"<p>[et_pb_section fb_built=\u00bb1&#8243; fullwidth=\u00bbon\u00bb _builder_version=\u00bb4.27.4&#8243; _module_preset=\u00bbdefault\u00bb global_colors_info=\u00bb{}\u00bb][et_pb_fullwidth_header title=\u00bbInformaci\u00f3n: Cribado del c\u00e1ncer de pr\u00f3stata\u00bb _builder_version=\u00bb4.27.4&#8243; _module_preset=\u00bbdefault\u00bb title_font=\u00bb|700|||||||\u00bb subhead_font_size=\u00bb16px\u00bb custom_padding=\u00bb20px||13px|||\u00bb global_colors_info=\u00bb{}\u00bb][\/et_pb_fullwidth_header][\/et_pb_section][et_pb_section fb_built=\u00bb1&#8243; _builder_version=\u00bb4.27.4&#8243; _module_preset=\u00bbdefault\u00bb custom_padding=\u00bb11px||16px|||\u00bb global_colors_info=\u00bb{}\u00bb][et_pb_row _builder_version=\u00bb4.27.4&#8243; _module_preset=\u00bbdefault\u00bb custom_padding=\u00bb||27px|||\u00bb global_colors_info=\u00bb{}\u00bb][et_pb_column type=\u00bb4_4&#8243; _builder_version=\u00bb4.27.4&#8243; _module_preset=\u00bbdefault\u00bb global_colors_info=\u00bb{}\u00bb][et_pb_text _builder_version=\u00bb4.27.5&#8243; _module_preset=\u00bbdefault\u00bb global_colors_info=\u00bb{}\u00bb]<\/p>\n<p>El cribado del c\u00e1ncer de pr\u00f3stata busca signos de c\u00e1ncer antes de que aparezcan los s\u00edntomas, principalmente mediante un <strong>an\u00e1lisis de sangre de PSA<\/strong> y, a veces, un <strong>tacto rectal (TR)<\/strong>. La decisi\u00f3n de someterse a un cribado debe ser una elecci\u00f3n personal tomada despu\u00e9s de hablar con su m\u00e9dico de atenci\u00f3n primaria sobre los posibles beneficios y riesgos. El cribado ayuda a detectar el c\u00e1ncer a tiempo, cuando es m\u00e1s f\u00e1cil de tratar, pero no es perfecto. Por eso es importante <strong>hablar con su m\u00e9dico de atenci\u00f3n primaria<\/strong> sobre su edad, antecedentes familiares y estado de salud para decidir si el cribado es adecuado para usted.   <\/p>\n<p>[\/et_pb_text][\/et_pb_column][\/et_pb_row][et_pb_row _builder_version=\u00bb4.27.4&#8243; _module_preset=\u00bbdefault\u00bb custom_padding=\u00bb14px||11px|||\u00bb global_colors_info=\u00bb{}\u00bb][et_pb_column type=\u00bb4_4&#8243; _builder_version=\u00bb4.27.4&#8243; _module_preset=\u00bbdefault\u00bb global_colors_info=\u00bb{}\u00bb][et_pb_blurb title=\u00bbPruebas de cribado\u00bb use_icon=\u00bbon\u00bb font_icon=\u00bb&#xf492;||fa||900&#8243; icon_color=\u00bb#0b6623&#8243; icon_placement=\u00bbleft\u00bb image_icon_width=\u00bb24px\u00bb content_max_width=\u00bb1100px\u00bb _builder_version=\u00bb4.27.5&#8243; header_font=\u00bbJosefin Sans|700|||||||\u00bb header_font_size=\u00bb21px\u00bb header_line_height=\u00bb1.4em\u00bb body_font=\u00bb||||||||\u00bb body_line_height=\u00bb1.8em\u00bb custom_margin=\u00bb||6px|||\u00bb animation_direction=\u00bbtop\u00bb animation=\u00bboff\u00bb header_font_size_phone=\u00bb24px\u00bb header_font_size_last_edited=\u00bboff|desktop\u00bb icon_font_size=\u00bb24px\u00bb locked=\u00bboff\u00bb global_colors_info=\u00bb{}\u00bb]<\/p>\n<ul>\n<li><strong>Prueba de ant\u00edgeno prost\u00e1tico espec\u00edfico (PSA):<\/strong> Es un an\u00e1lisis de sangre sencillo que mide el nivel de una prote\u00edna llamada PSA en la sangre. Las c\u00e9lulas prost\u00e1ticas normales y cancerosas producen esta prote\u00edna. Un nivel alto de PSA podr\u00eda sugerir c\u00e1ncer, pero otras afecciones no cancerosas, como una pr\u00f3stata agrandada o infectada, tambi\u00e9n pueden provocar su aumento.  <\/li>\n<li><strong>Tacto rectal (TR):<\/strong> Durante este examen f\u00edsico, un m\u00e9dico introduce un dedo enguantado y lubricado en el recto para palpar la pr\u00f3stata en busca de bultos inusuales, dureza o cambios de tama\u00f1o. <\/li>\n<\/ul>\n<p>Ninguna de las pruebas por s\u00ed sola puede diagnosticar el c\u00e1ncer de forma definitiva; los resultados anormales suelen conducir a pruebas adicionales, como una biopsia, que es la \u00fanica forma de confirmar un diagn\u00f3stico. <\/p>\n<p>[\/et_pb_blurb][et_pb_blurb title=\u00bbBeneficios y riesgos a considerar\u00bb use_icon=\u00bbon\u00bb font_icon=\u00bb&#x50;||divi||400&#8243; icon_color=\u00bb#0b6623&#8243; icon_placement=\u00bbleft\u00bb image_icon_width=\u00bb24px\u00bb content_max_width=\u00bb1100px\u00bb _builder_version=\u00bb4.27.5&#8243; header_font=\u00bbJosefin Sans|700|||||||\u00bb header_font_size=\u00bb21px\u00bb header_line_height=\u00bb1.4em\u00bb body_font=\u00bb||||||||\u00bb body_line_height=\u00bb1.8em\u00bb custom_margin=\u00bb31px||6px|||\u00bb animation_direction=\u00bbtop\u00bb animation=\u00bboff\u00bb header_font_size_phone=\u00bb24px\u00bb header_font_size_last_edited=\u00bboff|desktop\u00bb icon_font_size=\u00bb24px\u00bb locked=\u00bboff\u00bb global_colors_info=\u00bb{}\u00bb]<\/p>\n<p>El cribado puede detectar c\u00e1nceres agresivos a tiempo, cuando son m\u00e1s f\u00e1ciles de tratar y potencialmente curar, lo que puede reducir su riesgo de morir por c\u00e1ncer de pr\u00f3stata. <\/p>\n<p>Sin embargo, el cribado tambi\u00e9n tiene posibles riesgos: <\/p>\n<ul>\n<li><strong>Resultados falsos positivos:<\/strong> Los niveles altos de PSA pueden ocurrir sin c\u00e1ncer, lo que genera ansiedad y pruebas de seguimiento innecesarias, incluidas biopsias.<\/li>\n<li><strong>Sobrediagn\u00f3stico y sobretratamiento:<\/strong> Muchos c\u00e1nceres de pr\u00f3stata crecen lentamente y es posible que nunca causen problemas de salud ni acorten su vida. El cribado podr\u00eda detectar estos c\u00e1nceres de crecimiento lento, lo que llevar\u00eda a tratamientos (como cirug\u00eda o radiaci\u00f3n) que quiz\u00e1s no hubiera necesitado. <\/li>\n<\/ul>\n<p><strong>Efectos secundarios del tratamiento:<\/strong> Los tratamientos para el c\u00e1ncer de pr\u00f3stata pueden causar efectos secundarios graves, como disfunci\u00f3n er\u00e9ctil <\/p>\n<p>[\/et_pb_blurb][\/et_pb_column][\/et_pb_row][et_pb_row _builder_version=\u00bb4.27.4&#8243; _module_preset=\u00bbdefault\u00bb global_colors_info=\u00bb{}\u00bb][et_pb_column type=\u00bb4_4&#8243; _builder_version=\u00bb4.27.4&#8243; _module_preset=\u00bbdefault\u00bb global_colors_info=\u00bb{}\u00bb][et_pb_blurb title=\u00bb\u00bfQui\u00e9n debe someterse a cribado?\u00bb use_icon=\u00bbon\u00bb font_icon=\u00bb&#xf4fc;||fa||900&#8243; icon_color=\u00bb#0b6623&#8243; icon_placement=\u00bbleft\u00bb image_icon_width=\u00bb24px\u00bb content_max_width=\u00bb1100px\u00bb _builder_version=\u00bb4.27.5&#8243; header_font=\u00bbJosefin Sans|700|||||||\u00bb header_font_size=\u00bb21px\u00bb header_line_height=\u00bb1.4em\u00bb body_font=\u00bb||||||||\u00bb body_line_height=\u00bb1.8em\u00bb custom_margin=\u00bb||8px|||\u00bb animation_direction=\u00bbtop\u00bb animation=\u00bboff\u00bb header_font_size_phone=\u00bb24px\u00bb header_font_size_last_edited=\u00bboff|desktop\u00bb icon_font_size=\u00bb24px\u00bb locked=\u00bboff\u00bb global_colors_info=\u00bb{}\u00bb]<\/p>\n<p>No existe una \u00fanica respuesta \u00abcorrecta\u00bb para todos. Las gu\u00edas recomiendan una conversaci\u00f3n con su m\u00e9dico de atenci\u00f3n primaria para tomar una decisi\u00f3n compartida basada en sus factores de riesgo personales. <\/p>\n<p>Generalmente, se consideran estos factores:<\/p>\n<ul>\n<li><strong>Edad:<\/strong> Las conversaciones sobre el cribado suelen comenzar alrededor de los 50 a\u00f1os para hombres con riesgo promedio.<\/li>\n<li><strong>Grupos de mayor riesgo:<\/strong> Los hombres con mayor riesgo, como los afroamericanos o aquellos con antecedentes familiares (padre o hermano) de c\u00e1ncer de pr\u00f3stata, pueden comenzar a hablar sobre el cribado a partir de los 40 a\u00f1os.<\/li>\n<li><strong>Salud general:<\/strong> Su m\u00e9dico considerar\u00e1 su estado de salud general y esperanza de vida, ya que es menos probable que el cribado beneficie a hombres con otras afecciones de salud graves.<\/li>\n<\/ul>\n<p>&nbsp;<\/p>\n<p>En \u00faltima instancia, usted y su m\u00e9dico de atenci\u00f3n primaria deben sopesar los posibles beneficios de la detecci\u00f3n temprana frente a los posibles riesgos del cribado y el tratamiento para decidir si el cribado es adecuado para usted.<\/p>\n<p>[\/et_pb_blurb][\/et_pb_column][\/et_pb_row][et_pb_row column_structure=\u00bb1_2,1_2&#8243; _builder_version=\u00bb4.27.5&#8243; _module_preset=\u00bbdefault\u00bb global_colors_info=\u00bb{}\u00bb][et_pb_column type=\u00bb1_2&#8243; _builder_version=\u00bb4.27.5&#8243; _module_preset=\u00bbdefault\u00bb global_colors_info=\u00bb{}\u00bb][et_pb_blurb title=\u00bb\u00bfQu\u00e9 ocurre si mi resultado es anormal?\u00bb url=\u00bb@ET-DC@eyJkeW5hbWljIjp0cnVlLCJjb250ZW50IjoicG9zdF9saW5rX3VybF9wYWdlIiwic2V0dGluZ3MiOnsicG9zdF9pZCI6IjM3OSJ9fQ==@\u00bb url_new_window=\u00bbon\u00bb image=\u00bbhttps:\/\/gethealthyguide.org\/wp-content\/uploads\/2025\/09\/icon-weblink-circle-Black.jpg\u00bb icon_placement=\u00bbleft\u00bb image_icon_width=\u00bb50px\u00bb image_icon_width_tablet=\u00bb60px\u00bb image_icon_width_phone=\u00bb60px\u00bb image_icon_width_last_edited=\u00bbon|tablet\u00bb _builder_version=\u00bb4.27.5&#8243; _dynamic_attributes=\u00bburl,link_option_url\u00bb header_font=\u00bbArial|700|||||||\u00bb header_line_height=\u00bb1.8em\u00bb body_font_size=\u00bb16px\u00bb body_line_height=\u00bb2em\u00bb background_color=\u00bb#ffffff\u00bb custom_padding=\u00bb0px|30px|0px|30px|true|true\u00bb animation_style=\u00bbzoom\u00bb animation_intensity_zoom=\u00bb10%\u00bb link_option_url=\u00bb@ET-DC@eyJkeW5hbWljIjp0cnVlLCJjb250ZW50IjoicG9zdF9saW5rX3VybF9wYWdlIiwic2V0dGluZ3MiOnsicG9zdF9pZCI6IjM3OSJ9fQ==@\u00bb link_option_url_new_window=\u00bbon\u00bb border_radii=\u00bbon|10px|10px|10px|10px\u00bb border_radii_image=\u00bbon|100px|100px|100px|100px\u00bb box_shadow_style=\u00bbpreset1&#8243; box_shadow_vertical=\u00bb10px\u00bb box_shadow_blur=\u00bb60px\u00bb box_shadow_color=\u00bbrgba(1,33,92,0.1)\u00bb box_shadow_style_image=\u00bbpreset1&#8243; box_shadow_vertical_image=\u00bb10px\u00bb box_shadow_blur_image=\u00bb40px\u00bb box_shadow_spread_image=\u00bb-10px\u00bb box_shadow_color_image=\u00bb#15c39a\u00bb image_max_width=\u00bb80px\u00bb image_max_width_tablet=\u00bb60px\u00bb image_max_width_phone=\u00bb\u00bb image_max_width_last_edited=\u00bbon|tablet\u00bb global_colors_info=\u00bb{}\u00bb][\/et_pb_blurb][\/et_pb_column][et_pb_column type=\u00bb1_2&#8243; _builder_version=\u00bb4.27.5&#8243; _module_preset=\u00bbdefault\u00bb global_colors_info=\u00bb{}\u00bb][\/et_pb_column][\/et_pb_row][et_pb_row _builder_version=\u00bb4.27.4&#8243; _module_preset=\u00bbdefault\u00bb global_colors_info=\u00bb{}\u00bb][et_pb_column type=\u00bb4_4&#8243; _builder_version=\u00bb4.27.4&#8243; _module_preset=\u00bbdefault\u00bb global_colors_info=\u00bb{}\u00bb][et_pb_text _builder_version=\u00bb4.27.5&#8243; _module_preset=\u00bbdefault\u00bb hover_enabled=\u00bb0&#8243; global_colors_info=\u00bb{}\u00bb sticky_enabled=\u00bb0&#8243;]<\/p>\n<p>La informaci\u00f3n se adapta de <span class=\"T286Pc\" data-sfc-cp=\"\" jscontroller=\"fly6D\" jsuid=\"r3PP6d_s\" data-processed=\"true\">National Comprehensive Cancer Network. (2026). NCCN Clinical Practice Guidelines in Oncology: Prostate Cancer Early Detection (Version 1.2026). Disponible en <a href=\"https:\/\/www.nccn.org\/\">https:\/\/www.nccn.org\/<\/a><\/span><span jsuid=\"r3PP6d_u\" class=\"uJ19be notranslate\" jsaction=\"rcuQ6b:&amp;r3PP6d_u|npT2md\" jscontroller=\"udAs2b\" data-wiz-uids=\"r3PP6d_v,r3PP6d_w\" data-processed=\"true\"><span class=\"vKEkVd\" data-animation-atomic=\"\" data-wiz-attrbind=\"class=r3PP6d_u\/TKHnVd\" data-processed=\"true\"><span aria-hidden=\"true\" data-processed=\"true\"> y adaptada de <\/span><\/span><\/span>texto generado por Gemini.\u00bb Gemini, Google, 19 de noviembre de 2025 y de OpenAI el 19\/11\/2025 utilizando \u201ccribado de c\u00e1ncer de pr\u00f3stata en lenguaje sencillo\u201d<\/p>\n<p>[\/et_pb_text][\/et_pb_column][\/et_pb_row][\/et_pb_section][et_pb_section fb_built=\u00bb1&#8243; _builder_version=\u00bb4.27.4&#8243; _module_preset=\u00bbdefault\u00bb custom_padding=\u00bb27px|||||\u00bb global_colors_info=\u00bb{}\u00bb][et_pb_row _builder_version=\u00bb4.27.4&#8243; _module_preset=\u00bbdefault\u00bb global_colors_info=\u00bb{}\u00bb][et_pb_column type=\u00bb4_4&#8243; _builder_version=\u00bb4.27.4&#8243; _module_preset=\u00bbdefault\u00bb global_colors_info=\u00bb{}\u00bb][et_pb_text _builder_version=\u00bb4.27.4&#8243; _module_preset=\u00bbdefault\u00bb global_colors_info=\u00bb{}\u00bb]<\/p>\n<p>Esta informaci\u00f3n no ofrece garant\u00edas sobre la exactitud o aplicaci\u00f3n de su contenido, declina toda responsabilidad por su uso y no proporciona asesoramiento m\u00e9dico o legal. No respalda productos o terapias espec\u00edficas, no exige atenci\u00f3n m\u00e9dica ni representa el est\u00e1ndar de atenci\u00f3n. La informaci\u00f3n puede no actualizarse continuamente y no sustituye el juicio profesional de un proveedor de tratamiento. Se proporciona \u00abtal cual\u00bb, sin garant\u00edas expresas o impl\u00edcitas, no asume ninguna responsabilidad por cualquier da\u00f1o derivado de su uso y declina toda responsabilidad por errores u omisiones.    <\/p>\n<p>[\/et_pb_text][\/et_pb_column][\/et_pb_row][\/et_pb_section]<\/p>\n","protected":false},"excerpt":{"rendered":"<p>El cribado del c\u00e1ncer de pr\u00f3stata busca signos de c\u00e1ncer antes de que aparezcan los s\u00edntomas, principalmente mediante un an\u00e1lisis de sangre de PSA y, a veces, un tacto rectal (TR). La decisi\u00f3n de someterse a un cribado debe ser una elecci\u00f3n personal tomada despu\u00e9s de hablar con su m\u00e9dico de atenci\u00f3n primaria sobre los [&hellip;]<\/p>\n","protected":false},"author":1,"featured_media":0,"parent":0,"menu_order":0,"comment_status":"closed","ping_status":"closed","template":"","meta":{"_et_pb_use_builder":"on","_et_pb_old_content":"","_et_gb_content_width":"","footnotes":""},"class_list":["post-442","page","type-page","status-publish","hentry"],"featured_image_src":null,"featured_image_src_square":null,"_links":{"self":[{"href":"https:\/\/gethealthyguide.org\/es\/wp-json\/wp\/v2\/pages\/442","targetHints":{"allow":["GET"]}}],"collection":[{"href":"https:\/\/gethealthyguide.org\/es\/wp-json\/wp\/v2\/pages"}],"about":[{"href":"https:\/\/gethealthyguide.org\/es\/wp-json\/wp\/v2\/types\/page"}],"author":[{"embeddable":true,"href":"https:\/\/gethealthyguide.org\/es\/wp-json\/wp\/v2\/users\/1"}],"replies":[{"embeddable":true,"href":"https:\/\/gethealthyguide.org\/es\/wp-json\/wp\/v2\/comments?post=442"}],"version-history":[{"count":0,"href":"https:\/\/gethealthyguide.org\/es\/wp-json\/wp\/v2\/pages\/442\/revisions"}],"wp:attachment":[{"href":"https:\/\/gethealthyguide.org\/es\/wp-json\/wp\/v2\/media?parent=442"}],"curies":[{"name":"wp","href":"https:\/\/api.w.org\/{rel}","templated":true}]}}