{"id":447,"date":"2026-02-02T03:00:40","date_gmt":"2026-02-02T03:00:40","guid":{"rendered":"https:\/\/gethealthyguide.org\/05-z-ab-prostata\/"},"modified":"2026-04-13T21:55:02","modified_gmt":"2026-04-13T21:55:02","slug":"ab-prostate","status":"publish","type":"page","link":"https:\/\/gethealthyguide.org\/es\/ab-prostate\/","title":{"rendered":"05.z.ab-pr\u00f3stata"},"content":{"rendered":"<p>[et_pb_section fb_built=\u00bb1&#8243; fullwidth=\u00bbon\u00bb _builder_version=\u00bb4.27.4&#8243; _module_preset=\u00bbdefault\u00bb global_colors_info=\u00bb{}\u00bb][et_pb_fullwidth_header title=\u00bbInformaci\u00f3n: Despu\u00e9s de un resultado anormal en la prueba del PSA\u00bb _builder_version=\u00bb4.27.4&#8243; _module_preset=\u00bbdefault\u00bb title_font=\u00bb|700|||||||\u00bb subhead_font_size=\u00bb16px\u00bb custom_padding=\u00bb20px||13px|||\u00bb global_colors_info=\u00bb{}\u00bb][\/et_pb_fullwidth_header][\/et_pb_section][et_pb_section fb_built=\u00bb1&#8243; _builder_version=\u00bb4.27.4&#8243; _module_preset=\u00bbdefault\u00bb custom_padding=\u00bb11px||16px|||\u00bb global_colors_info=\u00bb{}\u00bb][et_pb_row _builder_version=\u00bb4.27.4&#8243; _module_preset=\u00bbdefault\u00bb custom_padding=\u00bb||27px|||\u00bb global_colors_info=\u00bb{}\u00bb][et_pb_column type=\u00bb4_4&#8243; _builder_version=\u00bb4.27.4&#8243; _module_preset=\u00bbdefault\u00bb global_colors_info=\u00bb{}\u00bb][et_pb_text _builder_version=\u00bb4.27.5&#8243; _module_preset=\u00bbdefault\u00bb global_colors_info=\u00bb{}\u00bb]<\/p>\n<p>Despu\u00e9s de un resultado anormal en la prueba del PSA, <strong>es probable que su m\u00e9dico comience con una prueba de PSA de seguimiento en 6 semanas o unos meses para ver si el nivel fue una elevaci\u00f3n temporal.<\/strong> <strong>Si permanece elevado, los siguientes pasos suelen incluir un tacto rectal (TR) y una resonancia magn\u00e9tica de pr\u00f3stata<\/strong>, que puede ayudar a identificar lesiones sospechosas. Si las im\u00e1genes muestran un \u00e1rea sospechosa, es probable que su m\u00e9dico recomiende una biopsia de pr\u00f3stata, la \u00fanica forma de diagnosticar definitivamente el c\u00e1ncer de pr\u00f3stata <\/p>\n<p>[\/et_pb_text][\/et_pb_column][\/et_pb_row][et_pb_row _builder_version=\u00bb4.27.4&#8243; _module_preset=\u00bbdefault\u00bb custom_padding=\u00bb14px||11px|||\u00bb global_colors_info=\u00bb{}\u00bb][et_pb_column type=\u00bb4_4&#8243; _builder_version=\u00bb4.27.4&#8243; _module_preset=\u00bbdefault\u00bb global_colors_info=\u00bb{}\u00bb][et_pb_blurb icon_placement=\u00bbleft\u00bb image_icon_width=\u00bb24px\u00bb content_max_width=\u00bb1100px\u00bb _builder_version=\u00bb4.27.5&#8243; header_font=\u00bbJosefin Sans|700|||||||\u00bb header_font_size=\u00bb21px\u00bb header_line_height=\u00bb1.4em\u00bb body_font=\u00bb||||||||\u00bb body_line_height=\u00bb1.8em\u00bb custom_margin=\u00bb||6px|||\u00bb custom_padding=\u00bb||73px|||\u00bb animation_direction=\u00bbtop\u00bb animation=\u00bboff\u00bb header_font_size_phone=\u00bb24px\u00bb header_font_size_last_edited=\u00bboff|desktop\u00bb icon_font_size=\u00bb24px\u00bb locked=\u00bboff\u00bb global_colors_info=\u00bb{}\u00bb]<\/p>\n<p><strong>Siguientes pasos inmediatos<\/strong><\/p>\n<ul>\n<li><strong>Prueba de PSA de seguimiento:<\/strong> Es probable que su m\u00e9dico programe una prueba repetida para ver si el nivel elevado fue un evento aislado, ya que factores como infecciones o inflamaci\u00f3n pueden elevar temporalmente los niveles de PSA<\/li>\n<li><strong>Tacto rectal (TR):<\/strong> Su m\u00e9dico realizar\u00e1 un TR para comprobar si la pr\u00f3stata presenta bultos, zonas endurecidas u otras anomal\u00edas estructurales.<\/li>\n<\/ul>\n<p>&nbsp;<\/p>\n<p><strong>Evaluaci\u00f3n adicional (si el PSA permanece elevado)<\/strong><\/p>\n<ul>\n<li><strong>Resonancia magn\u00e9tica de pr\u00f3stata:<\/strong> Una resonancia magn\u00e9tica de alta calidad puede ayudar a identificar lesiones sospechosas y guiar una futura biopsia. Tambi\u00e9n puede ser suficiente para descartar c\u00e1ncer si la pr\u00f3stata tiene aspecto normal. <\/li>\n<li><strong>Biopsia:<\/strong> Si el TR o la resonancia magn\u00e9tica revelan un \u00e1rea sospechosa, a menudo es necesaria una biopsia para obtener un diagn\u00f3stico definitivo.\n<ul>\n<li>Una biopsia tradicional implica tomar muestras aleatorias.<\/li>\n<li>Una biopsia por fusi\u00f3n de resonancia magn\u00e9tica y ecograf\u00eda utiliza im\u00e1genes de resonancia magn\u00e9tica para guiar la aguja hasta la ubicaci\u00f3n exacta de las \u00e1reas sospechosas, lo que la hace m\u00e1s precisa.<\/li>\n<\/ul>\n<\/li>\n<\/ul>\n<p>&nbsp;<\/p>\n<p><strong>Qu\u00e9 hacer a continuaci\u00f3n<\/strong><\/p>\n<ul>\n<li><strong>Comprender los resultados:<\/strong> La biopsia determinar\u00e1 si hay c\u00e1ncer presente. Si lo hay, los resultados se utilizar\u00e1n para \u00abestadificar\u00bb el c\u00e1ncer (determinar su grado de avance) y planificar el tratamiento. <\/li>\n<li><strong>Consultar las opciones con su m\u00e9dico:<\/strong> Si se diagnostica c\u00e1ncer de pr\u00f3stata, su m\u00e9dico comentar\u00e1 sus opciones, que pueden ir desde la vigilancia activa hasta la cirug\u00eda, la radioterapia u otros tratamientos, dependiendo de la agresividad del c\u00e1ncer.<\/li>\n<li><strong>Consultar a un ur\u00f3logo:<\/strong> Es habitual que su m\u00e9dico de atenci\u00f3n primaria le derive a un ur\u00f3logo para una evaluaci\u00f3n m\u00e1s exhaustiva y para orientar los siguientes pasos.<\/li>\n<\/ul>\n<p>[\/et_pb_blurb][\/et_pb_column][\/et_pb_row][et_pb_row _builder_version=\u00bb4.27.4&#8243; _module_preset=\u00bbdefault\u00bb global_colors_info=\u00bb{}\u00bb][et_pb_column type=\u00bb4_4&#8243; _builder_version=\u00bb4.27.4&#8243; _module_preset=\u00bbdefault\u00bb global_colors_info=\u00bb{}\u00bb][et_pb_text _builder_version=\u00bb4.27.5&#8243; _module_preset=\u00bbdefault\u00bb hover_enabled=\u00bb0&#8243; global_colors_info=\u00bb{}\u00bb sticky_enabled=\u00bb0&#8243;]<\/p>\n<p>La informaci\u00f3n est\u00e1 adaptada de <span class=\"T286Pc\" data-sfc-cp=\"\" jscontroller=\"fly6D\" jsuid=\"r3PP6d_s\" data-processed=\"true\">National Comprehensive Cancer Network. (2026). NCCN Clinical Practice Guidelines in Oncology: Prostate Cancer Early Detection (Version 1.2026). Disponible en <a href=\"https:\/\/www.nccn.org\/\">https:\/\/www.nccn.org\/<\/a><\/span><span jsuid=\"r3PP6d_u\" class=\"uJ19be notranslate\" jsaction=\"rcuQ6b:&amp;r3PP6d_u|npT2md\" jscontroller=\"udAs2b\" data-wiz-uids=\"r3PP6d_v,r3PP6d_w\" data-processed=\"true\"><span class=\"vKEkVd\" data-animation-atomic=\"\" data-wiz-attrbind=\"class=r3PP6d_u\/TKHnVd\" data-processed=\"true\"><span aria-hidden=\"true\" data-processed=\"true\"> y adaptada de <\/span><\/span><\/span>texto generado por Gemini.\u00bb Gemini, Google, 19 nov 2025 y de OpenAI el 19\/11\/2025 utilizando \u00abqu\u00e9 hacer despu\u00e9s de un resultado anormal en el cribado de c\u00e1ncer de pr\u00f3stata en lenguaje sencillo\u00bb<\/p>\n<p>[\/et_pb_text][\/et_pb_column][\/et_pb_row][\/et_pb_section][et_pb_section fb_built=\u00bb1&#8243; _builder_version=\u00bb4.27.4&#8243; _module_preset=\u00bbdefault\u00bb custom_padding=\u00bb27px|||||\u00bb global_colors_info=\u00bb{}\u00bb][et_pb_row _builder_version=\u00bb4.27.4&#8243; _module_preset=\u00bbdefault\u00bb global_colors_info=\u00bb{}\u00bb][et_pb_column type=\u00bb4_4&#8243; _builder_version=\u00bb4.27.4&#8243; _module_preset=\u00bbdefault\u00bb global_colors_info=\u00bb{}\u00bb][et_pb_text _builder_version=\u00bb4.27.4&#8243; _module_preset=\u00bbdefault\u00bb global_colors_info=\u00bb{}\u00bb]<\/p>\n<p>Esta informaci\u00f3n no ofrece garant\u00edas sobre la exactitud o aplicaci\u00f3n de su contenido, declina toda responsabilidad por su uso y no ofrece asesoramiento m\u00e9dico ni legal. No respalda productos o terapias espec\u00edficos, no impone atenci\u00f3n m\u00e9dica ni representa el est\u00e1ndar de atenci\u00f3n. La informaci\u00f3n puede no actualizarse continuamente y no sustituye el juicio profesional de un proveedor de tratamiento. Se proporciona \u00abtal cual\u00bb, no ofrece garant\u00edas expresas ni impl\u00edcitas, no asume responsabilidad por ning\u00fan da\u00f1o derivado de su uso y declina toda responsabilidad por errores u omisiones.    <\/p>\n<p>[\/et_pb_text][\/et_pb_column][\/et_pb_row][\/et_pb_section]<\/p>\n","protected":false},"excerpt":{"rendered":"<p>Despu\u00e9s de un resultado anormal en la prueba del PSA, es probable que su m\u00e9dico comience con una prueba de PSA de seguimiento en 6 semanas o unos meses para ver si el nivel fue una elevaci\u00f3n temporal. Si permanece elevado, los siguientes pasos suelen incluir un tacto rectal (TR) y una resonancia magn\u00e9tica de [&hellip;]<\/p>\n","protected":false},"author":1,"featured_media":0,"parent":0,"menu_order":0,"comment_status":"closed","ping_status":"closed","template":"","meta":{"_et_pb_use_builder":"on","_et_pb_old_content":"","_et_gb_content_width":"","footnotes":""},"class_list":["post-447","page","type-page","status-publish","hentry"],"featured_image_src":null,"featured_image_src_square":null,"_links":{"self":[{"href":"https:\/\/gethealthyguide.org\/es\/wp-json\/wp\/v2\/pages\/447","targetHints":{"allow":["GET"]}}],"collection":[{"href":"https:\/\/gethealthyguide.org\/es\/wp-json\/wp\/v2\/pages"}],"about":[{"href":"https:\/\/gethealthyguide.org\/es\/wp-json\/wp\/v2\/types\/page"}],"author":[{"embeddable":true,"href":"https:\/\/gethealthyguide.org\/es\/wp-json\/wp\/v2\/users\/1"}],"replies":[{"embeddable":true,"href":"https:\/\/gethealthyguide.org\/es\/wp-json\/wp\/v2\/comments?post=447"}],"version-history":[{"count":0,"href":"https:\/\/gethealthyguide.org\/es\/wp-json\/wp\/v2\/pages\/447\/revisions"}],"wp:attachment":[{"href":"https:\/\/gethealthyguide.org\/es\/wp-json\/wp\/v2\/media?parent=447"}],"curies":[{"name":"wp","href":"https:\/\/api.w.org\/{rel}","templated":true}]}}