{"id":449,"date":"2026-02-02T03:06:54","date_gmt":"2026-02-02T03:06:54","guid":{"rendered":"https:\/\/gethealthyguide.org\/06-z-ab-crc\/"},"modified":"2026-04-13T21:55:27","modified_gmt":"2026-04-13T21:55:27","slug":"ab-crc","status":"publish","type":"page","link":"https:\/\/gethealthyguide.org\/es\/ab-crc\/","title":{"rendered":"06.z.ab-crc"},"content":{"rendered":"<p>[et_pb_section fb_built=\u00bb1&#8243; fullwidth=\u00bbon\u00bb _builder_version=\u00bb4.27.4&#8243; _module_preset=\u00bbdefault\u00bb global_colors_info=\u00bb{}\u00bb][et_pb_fullwidth_header title=\u00bbInformaci\u00f3n: Tras un resultado anormal en la detecci\u00f3n de c\u00e1ncer colorrectal\u00bb _builder_version=\u00bb4.27.4&#8243; _module_preset=\u00bbdefault\u00bb title_font=\u00bb|700|||||||\u00bb subhead_font_size=\u00bb16px\u00bb custom_padding=\u00bb20px||13px|||\u00bb global_colors_info=\u00bb{}\u00bb][\/et_pb_fullwidth_header][\/et_pb_section][et_pb_section fb_built=\u00bb1&#8243; _builder_version=\u00bb4.27.4&#8243; _module_preset=\u00bbdefault\u00bb custom_padding=\u00bb11px||16px|||\u00bb global_colors_info=\u00bb{}\u00bb][et_pb_row _builder_version=\u00bb4.27.4&#8243; _module_preset=\u00bbdefault\u00bb custom_padding=\u00bb||27px|||\u00bb global_colors_info=\u00bb{}\u00bb][et_pb_column type=\u00bb4_4&#8243; _builder_version=\u00bb4.27.4&#8243; _module_preset=\u00bbdefault\u00bb global_colors_info=\u00bb{}\u00bb][et_pb_text _builder_version=\u00bb4.27.5&#8243; _module_preset=\u00bbdefault\u00bb global_colors_info=\u00bb{}\u00bb]<\/p>\n<p>Tras una prueba de c\u00e1ncer colorrectal con resultado anormal, si no se trat\u00f3 de una colonoscopia, el siguiente paso es <strong>realizarse una colonoscopia para una investigaci\u00f3n m\u00e1s profunda<\/strong>. Es probable que un enfermero o un navegador de pacientes se ponga en contacto con usted para programar este procedimiento, que se utilizar\u00e1 para extirpar y analizar cualquier p\u00f3lipo o tejido sospechoso. Si se detecta c\u00e1ncer durante la colonoscopia, se realiza una biopsia y los resultados determinar\u00e1n los siguientes pasos, que pueden incluir pruebas de imagen adicionales y una consulta con un cirujano para analizar un plan de tratamiento.<\/p>\n<p>[\/et_pb_text][\/et_pb_column][\/et_pb_row][et_pb_row _builder_version=\u00bb4.27.5&#8243; _module_preset=\u00bbdefault\u00bb custom_padding=\u00bb14px||11px|||\u00bb global_colors_info=\u00bb{}\u00bb][et_pb_column type=\u00bb4_4&#8243; _builder_version=\u00bb4.27.4&#8243; _module_preset=\u00bbdefault\u00bb global_colors_info=\u00bb{}\u00bb][et_pb_blurb title=\u00bbPruebas basadas en heces (pruebas en casa)\u00bb icon_placement=\u00bbleft\u00bb image_icon_width=\u00bb24px\u00bb content_max_width=\u00bb1100px\u00bb _builder_version=\u00bb4.27.5&#8243; header_font=\u00bbJosefin Sans|700|||||||\u00bb header_font_size=\u00bb21px\u00bb header_line_height=\u00bb1.4em\u00bb body_font=\u00bb||||||||\u00bb body_line_height=\u00bb1.8em\u00bb custom_margin=\u00bb||6px|||\u00bb animation_direction=\u00bbtop\u00bb animation=\u00bboff\u00bb header_font_size_phone=\u00bb24px\u00bb header_font_size_last_edited=\u00bboff|desktop\u00bb icon_font_size=\u00bb24px\u00bb locked=\u00bboff\u00bb global_colors_info=\u00bb{}\u00bb]<\/p>\n<p>&nbsp;<\/p>\n<p><strong>Paso 1: Seguimiento con su proveedor de atenci\u00f3n m\u00e9dica<\/strong><\/p>\n<ul>\n<li>Un enfermero o un navegador de pacientes se pondr\u00e1 en contacto con usted para analizar los resultados anormales de la prueba, como una prueba FIT o Cologuard positiva.<\/li>\n<li>Se le informar\u00e1 de que la colonoscopia es el siguiente paso recomendado y se le proporcionar\u00e1 informaci\u00f3n y una programaci\u00f3n para el procedimiento.<\/li>\n<li>Si presenta alg\u00fan s\u00edntoma preocupante, como sangre en las heces, dolor abdominal o cambios en los h\u00e1bitos intestinales, es importante que se lo comunique a su proveedor de inmediato.<\/li>\n<\/ul>\n<p>&nbsp;<\/p>\n<p><strong>Paso 2: Realizarse una colonoscopia (si se someti\u00f3 a un tipo diferente de prueba de detecci\u00f3n)<\/strong><\/p>\n<ul>\n<li>La colonoscopia se utiliza para encontrar la causa del resultado anormal, ya sea un p\u00f3lipo precanceroso, c\u00e1ncer u otro problema como hemorroides.<\/li>\n<li>Durante el procedimiento, un m\u00e9dico utilizar\u00e1 una herramienta fina y flexible para examinar todo el colon.<\/li>\n<li>Si se encuentran p\u00f3lipos o tejido sospechoso, pueden extirparse durante la colonoscopia y enviarse a un laboratorio para su an\u00e1lisis.<\/li>\n<\/ul>\n<p>&nbsp;<\/p>\n<p><strong>Paso 3: Esperar los resultados de la biopsia y someterse a m\u00e1s pruebas<\/strong><\/p>\n<ul>\n<li>Tras la colonoscopia, las muestras de tejido se enviar\u00e1n para una biopsia.<\/li>\n<li>Los resultados finales pueden tardar aproximadamente una semana.<\/li>\n<li>Bas\u00e1ndose en la biopsia, su proveedor determinar\u00e1 los siguientes pasos, que podr\u00edan incluir:\n<ul>\n<li><strong>Colonoscopias m\u00e1s frecuentes:<\/strong> si se le extirparon p\u00f3lipos, es posible que necesite colonoscopias de seguimiento para supervisar la zona. [<\/li>\n<li><strong>Pruebas de imagen adicionales:<\/strong> si se detecta c\u00e1ncer, es posible que necesite m\u00e1s pruebas de imagen para ver si se ha extendido a otras partes del cuerpo.<\/li>\n<li><strong>Planificaci\u00f3n del tratamiento:<\/strong> un equipo de atenci\u00f3n m\u00e9dica analizar\u00e1 un plan de tratamiento, que puede incluir cirug\u00eda, quimioterapia u otras terapias.<\/li>\n<\/ul>\n<\/li>\n<\/ul>\n<p>[\/et_pb_blurb][\/et_pb_column][\/et_pb_row][et_pb_row _builder_version=\u00bb4.27.4&#8243; _module_preset=\u00bbdefault\u00bb global_colors_info=\u00bb{}\u00bb][et_pb_column type=\u00bb4_4&#8243; _builder_version=\u00bb4.27.4&#8243; _module_preset=\u00bbdefault\u00bb global_colors_info=\u00bb{}\u00bb][et_pb_text _builder_version=\u00bb4.27.5&#8243; _module_preset=\u00bbdefault\u00bb hover_enabled=\u00bb0&#8243; global_colors_info=\u00bb{}\u00bb sticky_enabled=\u00bb0&#8243;]<\/p>\n<p>La informaci\u00f3n ha sido adaptada de la <span class=\"T286Pc\" data-sfc-cp=\"\" jscontroller=\"fly6D\" jsuid=\"r3PP6d_s\" data-processed=\"true\">National Comprehensive Cancer Network. (2025). NCCN Clinical Practice Guidelines in Oncology: Colorectal Cancer Screening and Diagnosis (Versi\u00f3n 2.2025). Disponible en <a href=\"https:\/\/www.nccn.org\/\">https:\/\/www.nccn.org\/<\/a><\/span><span jsuid=\"r3PP6d_u\" class=\"uJ19be notranslate\" jsaction=\"rcuQ6b:&amp;r3PP6d_u|npT2md\" jscontroller=\"udAs2b\" data-wiz-uids=\"r3PP6d_v,r3PP6d_w\" data-processed=\"true\"><span class=\"vKEkVd\" data-animation-atomic=\"\" data-wiz-attrbind=\"class=r3PP6d_u\/TKHnVd\" data-processed=\"true\"><span aria-hidden=\"true\" data-processed=\"true\"> y adaptada de<\/span><\/span><\/span> texto generado por Gemini\u00bb. Gemini, Google, 19 de noviembre de 2025 y de OpenAI el 19\/11\/2025 utilizando \u201cqu\u00e9 sucede despu\u00e9s de un resultado anormal en la detecci\u00f3n de c\u00e1ncer colorrectal en lenguaje sencillo\u201d<\/p>\n<p>[\/et_pb_text][\/et_pb_column][\/et_pb_row][\/et_pb_section][et_pb_section fb_built=\u00bb1&#8243; _builder_version=\u00bb4.27.4&#8243; _module_preset=\u00bbdefault\u00bb custom_padding=\u00bb27px|||||\u00bb global_colors_info=\u00bb{}\u00bb][et_pb_row _builder_version=\u00bb4.27.4&#8243; _module_preset=\u00bbdefault\u00bb global_colors_info=\u00bb{}\u00bb][et_pb_column type=\u00bb4_4&#8243; _builder_version=\u00bb4.27.4&#8243; _module_preset=\u00bbdefault\u00bb global_colors_info=\u00bb{}\u00bb][et_pb_text _builder_version=\u00bb4.27.4&#8243; _module_preset=\u00bbdefault\u00bb global_colors_info=\u00bb{}\u00bb]<\/p>\n<p>Esta informaci\u00f3n no ofrece garant\u00edas respecto a la exactitud o aplicaci\u00f3n de su contenido, declina toda responsabilidad por su uso y no ofrece asesoramiento m\u00e9dico ni legal. No respalda productos o terapias espec\u00edficos, no impone cuidados m\u00e9dicos ni representa el est\u00e1ndar de atenci\u00f3n. Es posible que la informaci\u00f3n no se actualice continuamente y no sustituye al criterio profesional de un proveedor m\u00e9dico. Proporcionada \u00abtal cual\u00bb, no ofrece garant\u00edas expresas o impl\u00edcitas, no asume responsabilidad por cualquier da\u00f1o derivado de su uso y declina toda responsabilidad por errores u omisiones. <\/p>\n<p>[\/et_pb_text][\/et_pb_column][\/et_pb_row][\/et_pb_section]<\/p>\n","protected":false},"excerpt":{"rendered":"<p>Tras una prueba de c\u00e1ncer colorrectal con resultado anormal, si no se trat\u00f3 de una colonoscopia, el siguiente paso es realizarse una colonoscopia para una investigaci\u00f3n m\u00e1s profunda. Es probable que un enfermero o un navegador de pacientes se ponga en contacto con usted para programar este procedimiento, que se utilizar\u00e1 para extirpar y analizar [&hellip;]<\/p>\n","protected":false},"author":1,"featured_media":0,"parent":0,"menu_order":0,"comment_status":"closed","ping_status":"closed","template":"","meta":{"_et_pb_use_builder":"on","_et_pb_old_content":"","_et_gb_content_width":"","footnotes":""},"class_list":["post-449","page","type-page","status-publish","hentry"],"featured_image_src":null,"featured_image_src_square":null,"_links":{"self":[{"href":"https:\/\/gethealthyguide.org\/es\/wp-json\/wp\/v2\/pages\/449","targetHints":{"allow":["GET"]}}],"collection":[{"href":"https:\/\/gethealthyguide.org\/es\/wp-json\/wp\/v2\/pages"}],"about":[{"href":"https:\/\/gethealthyguide.org\/es\/wp-json\/wp\/v2\/types\/page"}],"author":[{"embeddable":true,"href":"https:\/\/gethealthyguide.org\/es\/wp-json\/wp\/v2\/users\/1"}],"replies":[{"embeddable":true,"href":"https:\/\/gethealthyguide.org\/es\/wp-json\/wp\/v2\/comments?post=449"}],"version-history":[{"count":0,"href":"https:\/\/gethealthyguide.org\/es\/wp-json\/wp\/v2\/pages\/449\/revisions"}],"wp:attachment":[{"href":"https:\/\/gethealthyguide.org\/es\/wp-json\/wp\/v2\/media?parent=449"}],"curies":[{"name":"wp","href":"https:\/\/api.w.org\/{rel}","templated":true}]}}