{"id":452,"date":"2025-12-18T00:44:20","date_gmt":"2025-12-18T00:44:20","guid":{"rendered":"https:\/\/gethealthyguide.org\/09-cribado-de-hepatitis-b-y-c\/"},"modified":"2026-04-13T21:56:27","modified_gmt":"2026-04-13T21:56:27","slug":"hbc-screen","status":"publish","type":"page","link":"https:\/\/gethealthyguide.org\/es\/hbc-screen\/","title":{"rendered":"09.cribado de hepatitis B y C"},"content":{"rendered":"<p>[et_pb_section fb_built=\u00bb1&#8243; fullwidth=\u00bbon\u00bb _builder_version=\u00bb4.27.4&#8243; _module_preset=\u00bbdefault\u00bb global_colors_info=\u00bb{}\u00bb][et_pb_fullwidth_header title=\u00bbInformaci\u00f3n: Cribado de hepatitis B y C\u00bb _builder_version=\u00bb4.27.4&#8243; _module_preset=\u00bbdefault\u00bb title_font=\u00bb|700|||||||\u00bb subhead_font_size=\u00bb16px\u00bb custom_padding=\u00bb20px||13px|||\u00bb global_colors_info=\u00bb{}\u00bb][\/et_pb_fullwidth_header][\/et_pb_section][et_pb_section fb_built=\u00bb1&#8243; _builder_version=\u00bb4.27.4&#8243; _module_preset=\u00bbdefault\u00bb custom_padding=\u00bb11px||16px|||\u00bb global_colors_info=\u00bb{}\u00bb][et_pb_row _builder_version=\u00bb4.27.4&#8243; _module_preset=\u00bbdefault\u00bb custom_padding=\u00bb||27px|||\u00bb global_colors_info=\u00bb{}\u00bb][et_pb_column type=\u00bb4_4&#8243; _builder_version=\u00bb4.27.4&#8243; _module_preset=\u00bbdefault\u00bb global_colors_info=\u00bb{}\u00bb][et_pb_text _builder_version=\u00bb4.27.5&#8243; _module_preset=\u00bbdefault\u00bb global_colors_info=\u00bb{}\u00bb]<\/p>\n<p>El cribado de hepatitis B (Hep B) y hepatitis C (Hep C) consiste en realizarse un an\u00e1lisis de sangre para comprobar si tiene estos virus. Ambos se detectan normalmente mediante una simple extracci\u00f3n de sangre. Tambi\u00e9n puede adquirir un kit de prueba para usar en casa.     <\/p>\n<p>[\/et_pb_text][\/et_pb_column][\/et_pb_row][et_pb_row _builder_version=\u00bb4.27.4&#8243; _module_preset=\u00bbdefault\u00bb custom_padding=\u00bb14px||11px|||\u00bb global_colors_info=\u00bb{}\u00bb][et_pb_column type=\u00bb4_4&#8243; _builder_version=\u00bb4.27.4&#8243; _module_preset=\u00bbdefault\u00bb global_colors_info=\u00bb{}\u00bb][et_pb_blurb title=\u00bb\u00bfC\u00f3mo hacerse el cribado?\u00bb use_icon=\u00bbon\u00bb font_icon=\u00bb&#xf492;||fa||900&#8243; icon_color=\u00bb#0b6623&#8243; icon_placement=\u00bbleft\u00bb image_icon_width=\u00bb24px\u00bb content_max_width=\u00bb1100px\u00bb _builder_version=\u00bb4.27.5&#8243; header_font=\u00bbJosefin Sans|700|||||||\u00bb header_font_size=\u00bb21px\u00bb header_line_height=\u00bb1.4em\u00bb body_font=\u00bb||||||||\u00bb body_line_height=\u00bb1.8em\u00bb custom_margin=\u00bb31px||6px|||\u00bb animation_direction=\u00bbtop\u00bb animation=\u00bboff\u00bb header_font_size_phone=\u00bb24px\u00bb header_font_size_last_edited=\u00bboff|desktop\u00bb icon_font_size=\u00bb24px\u00bb locked=\u00bboff\u00bb global_colors_info=\u00bb{}\u00bb]<\/p>\n<p><strong>Consulte con su m\u00e9dico o cl\u00ednica.<\/strong><br \/>Puede solicitar una prueba de Hep B o Hep C a su m\u00e9dico de atenci\u00f3n primaria, una cl\u00ednica local o un centro de salud comunitario. Simplemente diga: \u00abMe gustar\u00eda hacerme un cribado de hepatitis B y hepatitis C\u00bb. <\/p>\n<p><strong>H\u00e1gase un an\u00e1lisis de sangre.<\/strong><br \/>Se extrae una peque\u00f1a muestra de sangre de su brazo.<\/p>\n<ul>\n<li style=\"list-style-type: none;\">\n<ul>\n<li>Para la <strong>Hep B<\/strong>, el an\u00e1lisis de sangre comprueba si est\u00e1 infectado actualmente, si lo estuvo en el pasado o si est\u00e1 protegido por la vacuna.<\/li>\n<li>Para la <strong>Hep C<\/strong>, la primera prueba comprueba si <em>alguna vez<\/em> tuvo el virus. Si esa prueba es positiva, una segunda prueba muestra si el virus sigue activo. <\/li>\n<\/ul>\n<\/li>\n<\/ul>\n<p><strong>Espere los resultados.<\/strong><br \/>Los resultados suelen estar disponibles en unos d\u00edas. Su m\u00e9dico le explicar\u00e1 qu\u00e9 significan. <\/p>\n<p><strong>Seguimiento si es necesario.<\/strong><\/p>\n<ul>\n<li style=\"list-style-type: none;\">\n<ul>\n<li>Si sus resultados son normales, no se necesitan m\u00e1s pruebas a menos que su m\u00e9dico lo recomiende.<\/li>\n<li>Si el resultado es positivo, su m\u00e9dico hablar\u00e1 con usted sobre el tratamiento o el seguimiento. La Hep C ahora puede curarse con medicaci\u00f3n, y la Hep B puede controlarse de forma segura con la atenci\u00f3n adecuada. <\/li>\n<\/ul>\n<\/li>\n<\/ul>\n<p>[\/et_pb_blurb][et_pb_blurb title=\u00bb\u00bfD\u00f3nde hacerse el cribado?\u00bb use_icon=\u00bbon\u00bb font_icon=\u00bb&#xf7f2;||fa||900&#8243; icon_color=\u00bb#0b6623&#8243; icon_placement=\u00bbleft\u00bb image_icon_width=\u00bb24px\u00bb content_max_width=\u00bb1100px\u00bb _builder_version=\u00bb4.27.5&#8243; header_font=\u00bbJosefin Sans|700|||||||\u00bb header_font_size=\u00bb21px\u00bb header_line_height=\u00bb1.4em\u00bb body_font=\u00bb||||||||\u00bb body_line_height=\u00bb1.8em\u00bb custom_margin=\u00bb31px||6px|||\u00bb animation_direction=\u00bbtop\u00bb animation=\u00bboff\u00bb header_font_size_phone=\u00bb24px\u00bb header_font_size_last_edited=\u00bboff|desktop\u00bb icon_font_size=\u00bb24px\u00bb locked=\u00bboff\u00bb global_colors_info=\u00bb{}\u00bb]<\/p>\n<ul>\n<li>La consulta de su m\u00e9dico habitual<\/li>\n<li>Centros de salud comunitarios<\/li>\n<li>Cl\u00ednicas de salud p\u00fablica<\/li>\n<li>Algunas cl\u00ednicas de atenci\u00f3n urgente<\/li>\n<li>Algunas farmacias y programas de salud m\u00f3viles (var\u00eda seg\u00fan la ubicaci\u00f3n)<\/li>\n<\/ul>\n<p>[\/et_pb_blurb][\/et_pb_column][\/et_pb_row][et_pb_row _builder_version=\u00bb4.27.4&#8243; _module_preset=\u00bbdefault\u00bb custom_padding=\u00bb10px|||||\u00bb global_colors_info=\u00bb{}\u00bb][et_pb_column type=\u00bb4_4&#8243; _builder_version=\u00bb4.27.4&#8243; _module_preset=\u00bbdefault\u00bb global_colors_info=\u00bb{}\u00bb][et_pb_blurb title=\u00bbCoste\u00bb use_icon=\u00bbon\u00bb font_icon=\u00bb&#xf155;||fa||900&#8243; icon_color=\u00bb#0b6623&#8243; icon_placement=\u00bbleft\u00bb image_icon_width=\u00bb24px\u00bb content_max_width=\u00bb1100px\u00bb _builder_version=\u00bb4.27.5&#8243; header_font=\u00bbJosefin Sans|700|||||||\u00bb header_font_size=\u00bb21px\u00bb header_line_height=\u00bb1.4em\u00bb body_font=\u00bb||||||||\u00bb body_line_height=\u00bb1.8em\u00bb custom_margin=\u00bb||8px|||\u00bb animation_direction=\u00bbtop\u00bb animation=\u00bboff\u00bb header_font_size_phone=\u00bb24px\u00bb header_font_size_last_edited=\u00bboff|desktop\u00bb icon_font_size=\u00bb24px\u00bb locked=\u00bboff\u00bb global_colors_info=\u00bb{}\u00bb]<\/p>\n<p>La mayor\u00eda de los planes de seguro cubren el cribado de Hep B y Hep C, a menudo sin coste alguno. Muchas cl\u00ednicas de salud p\u00fablica ofrecen pruebas gratuitas o de bajo coste si no tiene seguro. <\/p>\n<p>[\/et_pb_blurb][et_pb_blurb title=\u00bbImportante\u00bb use_icon=\u00bbon\u00bb font_icon=\u00bb&#xf12a;||fa||900&#8243; icon_color=\u00bb#0b6623&#8243; icon_placement=\u00bbleft\u00bb image_icon_width=\u00bb24px\u00bb content_max_width=\u00bb1100px\u00bb _builder_version=\u00bb4.27.5&#8243; header_font=\u00bbJosefin Sans|700|||||||\u00bb header_font_size=\u00bb21px\u00bb header_line_height=\u00bb1.4em\u00bb body_font=\u00bb||||||||\u00bb body_line_height=\u00bb1.8em\u00bb custom_margin=\u00bb40px||8px|||\u00bb animation_direction=\u00bbtop\u00bb animation=\u00bboff\u00bb header_font_size_phone=\u00bb24px\u00bb header_font_size_last_edited=\u00bboff|desktop\u00bb icon_font_size=\u00bb24px\u00bb locked=\u00bboff\u00bb global_colors_info=\u00bb{}\u00bb]<\/p>\n<p>El cribado es f\u00e1cil, r\u00e1pido y puede ayudar a proteger su salud. Un simple an\u00e1lisis de sangre le proporciona respuestas claras. <\/p>\n<p>[\/et_pb_blurb][\/et_pb_column][\/et_pb_row][et_pb_row column_structure=\u00bb1_2,1_2&#8243; _builder_version=\u00bb4.27.5&#8243; _module_preset=\u00bbdefault\u00bb global_colors_info=\u00bb{}\u00bb][et_pb_column type=\u00bb1_2&#8243; _builder_version=\u00bb4.27.5&#8243; _module_preset=\u00bbdefault\u00bb global_colors_info=\u00bb{}\u00bb][et_pb_blurb title=\u00bbQu\u00e9 hacer si mi resultado de HEP B es anormal\u00bb url=\u00bb@ET-DC@eyJkeW5hbWljIjp0cnVlLCJjb250ZW50IjoicG9zdF9saW5rX3VybF9wYWdlIiwic2V0dGluZ3MiOnsicG9zdF9pZCI6IjM4NSJ9fQ==@\u00bb url_new_window=\u00bbon\u00bb image=\u00bbhttps:\/\/gethealthyguide.org\/wp-content\/uploads\/2025\/09\/icon-weblink-circle-Black.jpg\u00bb icon_placement=\u00bbleft\u00bb image_icon_width=\u00bb50px\u00bb image_icon_width_tablet=\u00bb60px\u00bb image_icon_width_phone=\u00bb60px\u00bb image_icon_width_last_edited=\u00bbon|tablet\u00bb _builder_version=\u00bb4.27.5&#8243; _dynamic_attributes=\u00bburl,link_option_url\u00bb header_font=\u00bbArial|700|||||||\u00bb header_line_height=\u00bb1.8em\u00bb body_font_size=\u00bb16px\u00bb body_line_height=\u00bb2em\u00bb background_color=\u00bb#ffffff\u00bb custom_padding=\u00bb0px|30px|0px|30px|true|true\u00bb animation_style=\u00bbzoom\u00bb animation_intensity_zoom=\u00bb10%\u00bb link_option_url=\u00bb@ET-DC@eyJkeW5hbWljIjp0cnVlLCJjb250ZW50IjoicG9zdF9saW5rX3VybF9wYWdlIiwic2V0dGluZ3MiOnsicG9zdF9pZCI6IjM4NSJ9fQ==@\u00bb link_option_url_new_window=\u00bbon\u00bb border_radii=\u00bbon|10px|10px|10px|10px\u00bb border_radii_image=\u00bbon|100px|100px|100px|100px\u00bb box_shadow_style=\u00bbpreset1&#8243; box_shadow_vertical=\u00bb10px\u00bb box_shadow_blur=\u00bb60px\u00bb box_shadow_color=\u00bbrgba(1,33,92,0.1)\u00bb box_shadow_style_image=\u00bbpreset1&#8243; box_shadow_vertical_image=\u00bb10px\u00bb box_shadow_blur_image=\u00bb40px\u00bb box_shadow_spread_image=\u00bb-10px\u00bb box_shadow_color_image=\u00bb#15c39a\u00bb image_max_width=\u00bb80px\u00bb image_max_width_tablet=\u00bb60px\u00bb image_max_width_phone=\u00bb\u00bb image_max_width_last_edited=\u00bbon|tablet\u00bb global_colors_info=\u00bb{}\u00bb][\/et_pb_blurb][\/et_pb_column][et_pb_column type=\u00bb1_2&#8243; _builder_version=\u00bb4.27.5&#8243; _module_preset=\u00bbdefault\u00bb global_colors_info=\u00bb{}\u00bb][et_pb_blurb title=\u00bbQu\u00e9 hacer si mi resultado de HEP C es anormal\u00bb url=\u00bb@ET-DC@eyJkeW5hbWljIjp0cnVlLCJjb250ZW50IjoicG9zdF9saW5rX3VybF9wYWdlIiwic2V0dGluZ3MiOnsicG9zdF9pZCI6IjM4NyJ9fQ==@\u00bb url_new_window=\u00bbon\u00bb image=\u00bbhttps:\/\/gethealthyguide.org\/wp-content\/uploads\/2025\/09\/icon-weblink-circle-Black.jpg\u00bb icon_placement=\u00bbleft\u00bb image_icon_width=\u00bb50px\u00bb image_icon_width_tablet=\u00bb60px\u00bb image_icon_width_phone=\u00bb60px\u00bb image_icon_width_last_edited=\u00bbon|tablet\u00bb _builder_version=\u00bb4.27.5&#8243; _dynamic_attributes=\u00bburl,link_option_url\u00bb header_font=\u00bbArial|700|||||||\u00bb header_line_height=\u00bb1.8em\u00bb body_font_size=\u00bb16px\u00bb body_line_height=\u00bb2em\u00bb background_color=\u00bb#ffffff\u00bb custom_padding=\u00bb0px|30px|0px|30px|true|true\u00bb animation_style=\u00bbzoom\u00bb animation_intensity_zoom=\u00bb10%\u00bb link_option_url=\u00bb@ET-DC@eyJkeW5hbWljIjp0cnVlLCJjb250ZW50IjoicG9zdF9saW5rX3VybF9wYWdlIiwic2V0dGluZ3MiOnsicG9zdF9pZCI6IjM4NyJ9fQ==@\u00bb link_option_url_new_window=\u00bbon\u00bb border_radii=\u00bbon|10px|10px|10px|10px\u00bb border_radii_image=\u00bbon|100px|100px|100px|100px\u00bb box_shadow_style=\u00bbpreset1&#8243; box_shadow_vertical=\u00bb10px\u00bb box_shadow_blur=\u00bb60px\u00bb box_shadow_color=\u00bbrgba(1,33,92,0.1)\u00bb box_shadow_style_image=\u00bbpreset1&#8243; box_shadow_vertical_image=\u00bb10px\u00bb box_shadow_blur_image=\u00bb40px\u00bb box_shadow_spread_image=\u00bb-10px\u00bb box_shadow_color_image=\u00bb#15c39a\u00bb image_max_width=\u00bb80px\u00bb image_max_width_tablet=\u00bb60px\u00bb image_max_width_phone=\u00bb\u00bb image_max_width_last_edited=\u00bbon|tablet\u00bb global_colors_info=\u00bb{}\u00bb][\/et_pb_blurb][\/et_pb_column][\/et_pb_row][et_pb_row _builder_version=\u00bb4.27.4&#8243; _module_preset=\u00bbdefault\u00bb global_colors_info=\u00bb{}\u00bb][et_pb_column type=\u00bb4_4&#8243; _builder_version=\u00bb4.27.4&#8243; _module_preset=\u00bbdefault\u00bb global_colors_info=\u00bb{}\u00bb][et_pb_text _builder_version=\u00bb4.27.5&#8243; _module_preset=\u00bbdefault\u00bb hover_enabled=\u00bb0&#8243; global_colors_info=\u00bb{}\u00bb sticky_enabled=\u00bb0&#8243;]<\/p>\n<p>La informaci\u00f3n est\u00e1 adaptada del Grupo de Trabajo de Servicios Preventivos de Estados Unidos sobre el cribado de hepatitis B, con fecha 15\/12\/2020 en <a href=\"https:\/\/www.uspreventiveservicestaskforce.org\/uspstf\/recommendation\/hepatitis-b-virus-infection-screening\">Recomendaci\u00f3n: Infecci\u00f3n por el virus de la hepatitis B en adolescentes y adultos: cribado | Grupo de Trabajo de Servicios Preventivos de Estados Unidos<\/a>, adaptada del Grupo de Trabajo de Servicios Preventivos de Estados Unidos sobre el cribado de hepatitis C, con fecha 02\/03\/2020 en <a href=\"https:\/\/www.uspreventiveservicestaskforce.org\/uspstf\/recommendation\/hepatitis-c-screening\">Recomendaci\u00f3n: Infecci\u00f3n por el virus de la hepatitis C en adolescentes y adultos: cribado | Grupo de Trabajo de Servicios Preventivos de Estados Unidos<\/a>, y de texto generado por Gemini.\u00bb Gemini, Google, 19 nov. 2025 y de OpenAI el 19\/11\/2025 usando \u00abcribado de HEP B y HEP C en lenguaje sencillo\u00bb<\/p>\n<p>[\/et_pb_text][\/et_pb_column][\/et_pb_row][\/et_pb_section][et_pb_section fb_built=\u00bb1&#8243; _builder_version=\u00bb4.27.4&#8243; _module_preset=\u00bbdefault\u00bb custom_padding=\u00bb27px|||||\u00bb global_colors_info=\u00bb{}\u00bb][et_pb_row _builder_version=\u00bb4.27.4&#8243; _module_preset=\u00bbdefault\u00bb global_colors_info=\u00bb{}\u00bb][et_pb_column type=\u00bb4_4&#8243; _builder_version=\u00bb4.27.4&#8243; _module_preset=\u00bbdefault\u00bb global_colors_info=\u00bb{}\u00bb][et_pb_text _builder_version=\u00bb4.27.4&#8243; _module_preset=\u00bbdefault\u00bb global_colors_info=\u00bb{}\u00bb]<\/p>\n<p>Esta informaci\u00f3n no ofrece garant\u00edas respecto a la exactitud o aplicaci\u00f3n de su contenido, renuncia a la responsabilidad por su uso y no ofrece asesoramiento m\u00e9dico o legal. No respalda productos o terapias espec\u00edficos, no exige atenci\u00f3n m\u00e9dica ni representa el est\u00e1ndar de atenci\u00f3n.  Es posible que la informaci\u00f3n no se actualice continuamente, y no sustituye el juicio profesional de un m\u00e9dico tratante. Se proporciona \u00abtal cual\u00bb, no ofrece garant\u00edas expresas o impl\u00edcitas, no asume responsabilidad por ning\u00fan da\u00f1o derivado de su uso y renuncia a la responsabilidad por errores u omisiones.  <\/p>\n<p>[\/et_pb_text][\/et_pb_column][\/et_pb_row][\/et_pb_section]<\/p>\n","protected":false},"excerpt":{"rendered":"<p>El cribado de hepatitis B (Hep B) y hepatitis C (Hep C) consiste en realizarse un an\u00e1lisis de sangre para comprobar si tiene estos virus. Ambos se detectan normalmente mediante una simple extracci\u00f3n de sangre. Tambi\u00e9n puede adquirir un kit de prueba para usar en casa. Consulte con su m\u00e9dico o cl\u00ednica.Puede solicitar una prueba [&hellip;]<\/p>\n","protected":false},"author":1,"featured_media":0,"parent":0,"menu_order":0,"comment_status":"closed","ping_status":"closed","template":"","meta":{"_et_pb_use_builder":"on","_et_pb_old_content":"","_et_gb_content_width":"","footnotes":""},"class_list":["post-452","page","type-page","status-publish","hentry"],"featured_image_src":null,"featured_image_src_square":null,"_links":{"self":[{"href":"https:\/\/gethealthyguide.org\/es\/wp-json\/wp\/v2\/pages\/452","targetHints":{"allow":["GET"]}}],"collection":[{"href":"https:\/\/gethealthyguide.org\/es\/wp-json\/wp\/v2\/pages"}],"about":[{"href":"https:\/\/gethealthyguide.org\/es\/wp-json\/wp\/v2\/types\/page"}],"author":[{"embeddable":true,"href":"https:\/\/gethealthyguide.org\/es\/wp-json\/wp\/v2\/users\/1"}],"replies":[{"embeddable":true,"href":"https:\/\/gethealthyguide.org\/es\/wp-json\/wp\/v2\/comments?post=452"}],"version-history":[{"count":0,"href":"https:\/\/gethealthyguide.org\/es\/wp-json\/wp\/v2\/pages\/452\/revisions"}],"wp:attachment":[{"href":"https:\/\/gethealthyguide.org\/es\/wp-json\/wp\/v2\/media?parent=452"}],"curies":[{"name":"wp","href":"https:\/\/api.w.org\/{rel}","templated":true}]}}