{"id":454,"date":"2026-02-02T03:24:36","date_gmt":"2026-02-02T03:24:36","guid":{"rendered":"https:\/\/gethealthyguide.org\/09-z-ab-hepb\/"},"modified":"2026-04-13T21:56:44","modified_gmt":"2026-04-13T21:56:44","slug":"ab-hepb","status":"publish","type":"page","link":"https:\/\/gethealthyguide.org\/es\/ab-hepb\/","title":{"rendered":"09.z.ab-hepb"},"content":{"rendered":"<p>[et_pb_section fb_built=\u00bb1&#8243; fullwidth=\u00bbon\u00bb _builder_version=\u00bb4.27.4&#8243; _module_preset=\u00bbdefault\u00bb global_colors_info=\u00bb{}\u00bb][et_pb_fullwidth_header title=\u00bbInformaci\u00f3n: despu\u00e9s de un resultado an\u00f3malo en la prueba de detecci\u00f3n de hepatitis B\u00bb _builder_version=\u00bb4.27.4&#8243; _module_preset=\u00bbdefault\u00bb title_font=\u00bb|700|||||||\u00bb subhead_font_size=\u00bb16px\u00bb custom_padding=\u00bb20px||13px|||\u00bb global_colors_info=\u00bb{}\u00bb][\/et_pb_fullwidth_header][\/et_pb_section][et_pb_section fb_built=\u00bb1&#8243; _builder_version=\u00bb4.27.4&#8243; _module_preset=\u00bbdefault\u00bb custom_padding=\u00bb11px||16px|||\u00bb global_colors_info=\u00bb{}\u00bb][et_pb_row _builder_version=\u00bb4.27.4&#8243; _module_preset=\u00bbdefault\u00bb custom_padding=\u00bb||27px|||\u00bb global_colors_info=\u00bb{}\u00bb][et_pb_column type=\u00bb4_4&#8243; _builder_version=\u00bb4.27.4&#8243; _module_preset=\u00bbdefault\u00bb global_colors_info=\u00bb{}\u00bb][et_pb_text _builder_version=\u00bb4.27.5&#8243; _module_preset=\u00bbdefault\u00bb global_colors_info=\u00bb{}\u00bb]<\/p>\n<p>Si tiene un resultado an\u00f3malo en una prueba de hepatitis B (HepB), los siguientes pasos son <strong>acudir al m\u00e9dico para realizar m\u00e1s pruebas<\/strong>, que pueden incluir un \u201cpanel triple\u201d para determinar si tiene una infecci\u00f3n activa o pasada y cu\u00e1n contagioso es. En funci\u00f3n de los resultados, su m\u00e9dico hablar\u00e1 con usted sobre las opciones de tratamiento y seguimiento, que podr\u00edan incluir revisiones peri\u00f3dicas, medicaci\u00f3n y consejos sobre c\u00f3mo evitar la propagaci\u00f3n del virus. <\/p>\n<p>[\/et_pb_text][\/et_pb_column][\/et_pb_row][et_pb_row _builder_version=\u00bb4.27.4&#8243; _module_preset=\u00bbdefault\u00bb custom_padding=\u00bb14px||11px|||\u00bb global_colors_info=\u00bb{}\u00bb][et_pb_column type=\u00bb4_4&#8243; _builder_version=\u00bb4.27.4&#8243; _module_preset=\u00bbdefault\u00bb global_colors_info=\u00bb{}\u00bb][et_pb_blurb icon_placement=\u00bbleft\u00bb image_icon_width=\u00bb24px\u00bb content_max_width=\u00bb1100px\u00bb _builder_version=\u00bb4.27.5&#8243; header_font=\u00bbJosefin Sans|700|||||||\u00bb header_font_size=\u00bb21px\u00bb header_line_height=\u00bb1.4em\u00bb body_font=\u00bb||||||||\u00bb body_line_height=\u00bb1.8em\u00bb custom_margin=\u00bb31px||6px|||\u00bb animation_direction=\u00bbtop\u00bb animation=\u00bboff\u00bb header_font_size_phone=\u00bb24px\u00bb header_font_size_last_edited=\u00bboff|desktop\u00bb icon_font_size=\u00bb24px\u00bb locked=\u00bboff\u00bb global_colors_info=\u00bb{}\u00bb]<\/p>\n<p><strong>Evaluaci\u00f3n m\u00e9dica adicional y pruebas<\/strong><\/p>\n<ul>\n<li><strong>Acuda a un profesional sanitario:<\/strong> Un resultado an\u00f3malo requiere una evaluaci\u00f3n adicional por parte de un m\u00e9dico o especialista para comprender los siguientes pasos.<\/li>\n<li><strong>Complete la prueba del \u201cpanel triple\u201d:<\/strong> Es probable que su m\u00e9dico solicite m\u00e1s an\u00e1lisis de sangre, como un \u201cpanel triple\u201d, para comprobar el ant\u00edgeno de superficie de la hepatitis B, el anticuerpo de superficie de la hepatitis B y el anticuerpo del n\u00facleo de la hepatitis B.<\/li>\n<li><strong>Identifique infecci\u00f3n aguda frente a cr\u00f3nica:<\/strong> Pruebas adicionales como IgM e IgG pueden ayudar a determinar si la infecci\u00f3n es reciente (\u201caguda\u201d) o de larga duraci\u00f3n (\u201ccr\u00f3nica\u201d).<\/li>\n<li><strong>Controle la infectividad y la carga viral:<\/strong> Otras pruebas que pueden solicitarse incluyen el ant\u00edgeno e de la hepatitis B, que indica infectividad, y el ADN viral de la hepatitis B, que mide la cantidad de virus en la sangre.<\/li>\n<\/ul>\n<p>&nbsp;<\/p>\n<p><strong>Tratamiento y seguimiento<\/strong><\/p>\n<ul>\n<li><strong>Cons\u00faltelo con su m\u00e9dico:<\/strong> El tratamiento depende del tipo de infecci\u00f3n y de su estado general de salud. No todas las personas con hepatitis B necesitan tratamiento inmediato. <\/li>\n<li><strong>Revisiones peri\u00f3dicas:<\/strong> Es probable que necesite revisiones peri\u00f3dicas, a menudo cada seis meses, para controlar el virus y comprobar si hay progresi\u00f3n de la enfermedad hep\u00e1tica.<\/li>\n<li><strong>Medicaci\u00f3n:<\/strong> Si el tratamiento es necesario, su m\u00e9dico puede recetarle medicamentos antivirales para reducir la cantidad de virus en la sangre y disminuir el riesgo de complicaciones.<\/li>\n<li><strong>Especialistas en h\u00edgado:<\/strong> Su m\u00e9dico de atenci\u00f3n primaria puede derivarle a un especialista en h\u00edgado, especialmente en infecciones cr\u00f3nicas, para un seguimiento y tratamiento especializados.<\/li>\n<\/ul>\n<p>&nbsp;<\/p>\n<p><strong>Prevenci\u00f3n de la transmisi\u00f3n<\/strong><\/p>\n<ul>\n<li><strong>Informe a sus parejas:<\/strong> Indique a todas sus parejas sexuales que se hagan la prueba y que utilicen m\u00e9todos de barrera como los preservativos para prevenir la transmisi\u00f3n.<\/li>\n<li><strong>No comparta objetos personales:<\/strong> Evite compartir objetos que puedan tener sangre, como cepillos de dientes, cuchillas de afeitar o corta\u00fa\u00f1as.<\/li>\n<li><strong>No done:<\/strong> No done sangre, semen, \u00f3rganos ni tejidos.<\/li>\n<\/ul>\n<p>[\/et_pb_blurb][\/et_pb_column][\/et_pb_row][et_pb_row _builder_version=\u00bb4.27.4&#8243; _module_preset=\u00bbdefault\u00bb global_colors_info=\u00bb{}\u00bb][et_pb_column type=\u00bb4_4&#8243; _builder_version=\u00bb4.27.4&#8243; _module_preset=\u00bbdefault\u00bb global_colors_info=\u00bb{}\u00bb][et_pb_text _builder_version=\u00bb4.27.5&#8243; _module_preset=\u00bbdefault\u00bb hover_enabled=\u00bb0&#8243; global_colors_info=\u00bb{}\u00bb sticky_enabled=\u00bb0&#8243;]<\/p>\n<p>La informaci\u00f3n est\u00e1 adaptada de United States Preventative Task Force Hepatitis B Screening, con fecha 12\/15\/2020, en <a href=\"https:\/\/www.uspreventiveservicestaskforce.org\/uspstf\/recommendation\/hepatitis-b-virus-infection-screening\">Recommendation: Hepatitis B Virus Infection in Adolescents and Adults: Screening | United States Preventive Services Taskforce<\/a>, y est\u00e1 adaptada de texto generado por Gemini. Gemini, Google, 19 Nov 2025, y de OpenAI el 11\/19\/2025 usando \u201cAfter Abnormal HEP B screening in plain language\u201d.<\/p>\n<p>[\/et_pb_text][\/et_pb_column][\/et_pb_row][\/et_pb_section][et_pb_section fb_built=\u00bb1&#8243; _builder_version=\u00bb4.27.4&#8243; _module_preset=\u00bbdefault\u00bb custom_padding=\u00bb27px|||||\u00bb global_colors_info=\u00bb{}\u00bb][et_pb_row _builder_version=\u00bb4.27.4&#8243; _module_preset=\u00bbdefault\u00bb global_colors_info=\u00bb{}\u00bb][et_pb_column type=\u00bb4_4&#8243; _builder_version=\u00bb4.27.4&#8243; _module_preset=\u00bbdefault\u00bb global_colors_info=\u00bb{}\u00bb][et_pb_text _builder_version=\u00bb4.27.4&#8243; _module_preset=\u00bbdefault\u00bb global_colors_info=\u00bb{}\u00bb]<\/p>\n<p>Esta informaci\u00f3n no ofrece garant\u00edas sobre la exactitud o la aplicaci\u00f3n de su contenido, declina toda responsabilidad por su uso y no proporciona asesoramiento m\u00e9dico ni legal. No respalda productos o terapias espec\u00edficos, no impone atenci\u00f3n m\u00e9dica ni representa el est\u00e1ndar de atenci\u00f3n.  Es posible que la informaci\u00f3n no se actualice de forma continua y no sustituye el criterio profesional de un profesional tratante. Se proporciona \u201ctal cual\u201d, no ofrece garant\u00edas expresas ni impl\u00edcitas, no asume responsabilidad alguna por da\u00f1os derivados de su uso y declina toda responsabilidad por errores u omisiones.  <\/p>\n<p>[\/et_pb_text][\/et_pb_column][\/et_pb_row][\/et_pb_section]<\/p>\n","protected":false},"excerpt":{"rendered":"<p>Si tiene un resultado an\u00f3malo en una prueba de hepatitis B (HepB), los siguientes pasos son acudir al m\u00e9dico para realizar m\u00e1s pruebas, que pueden incluir un \u201cpanel triple\u201d para determinar si tiene una infecci\u00f3n activa o pasada y cu\u00e1n contagioso es. En funci\u00f3n de los resultados, su m\u00e9dico hablar\u00e1 con usted sobre las opciones [&hellip;]<\/p>\n","protected":false},"author":1,"featured_media":0,"parent":0,"menu_order":0,"comment_status":"closed","ping_status":"closed","template":"","meta":{"_et_pb_use_builder":"on","_et_pb_old_content":"","_et_gb_content_width":"","footnotes":""},"class_list":["post-454","page","type-page","status-publish","hentry"],"featured_image_src":null,"featured_image_src_square":null,"_links":{"self":[{"href":"https:\/\/gethealthyguide.org\/es\/wp-json\/wp\/v2\/pages\/454","targetHints":{"allow":["GET"]}}],"collection":[{"href":"https:\/\/gethealthyguide.org\/es\/wp-json\/wp\/v2\/pages"}],"about":[{"href":"https:\/\/gethealthyguide.org\/es\/wp-json\/wp\/v2\/types\/page"}],"author":[{"embeddable":true,"href":"https:\/\/gethealthyguide.org\/es\/wp-json\/wp\/v2\/users\/1"}],"replies":[{"embeddable":true,"href":"https:\/\/gethealthyguide.org\/es\/wp-json\/wp\/v2\/comments?post=454"}],"version-history":[{"count":0,"href":"https:\/\/gethealthyguide.org\/es\/wp-json\/wp\/v2\/pages\/454\/revisions"}],"wp:attachment":[{"href":"https:\/\/gethealthyguide.org\/es\/wp-json\/wp\/v2\/media?parent=454"}],"curies":[{"name":"wp","href":"https:\/\/api.w.org\/{rel}","templated":true}]}}