{"id":457,"date":"2026-01-11T15:16:03","date_gmt":"2026-01-11T15:16:03","guid":{"rendered":"https:\/\/gethealthyguide.org\/15-sdoh-familia-comunidad\/"},"modified":"2026-04-13T21:59:42","modified_gmt":"2026-04-13T21:59:42","slug":"family-community","status":"publish","type":"page","link":"https:\/\/gethealthyguide.org\/es\/family-community\/","title":{"rendered":"15.sdoh.familia-comunidad"},"content":{"rendered":"<p>[et_pb_section fb_built=\u00bb1&#8243; fullwidth=\u00bbon\u00bb _builder_version=\u00bb4.27.4&#8243; _module_preset=\u00bbdefault\u00bb global_colors_info=\u00bb{}\u00bb theme_builder_area=\u00bbpost_content\u00bb][et_pb_fullwidth_header title=\u00bbInformaci\u00f3n: apoyo familiar y comunitario\u00bb _builder_version=\u00bb4.27.4&#8243; _module_preset=\u00bbdefault\u00bb title_font=\u00bb|700|||||||\u00bb subhead_font_size=\u00bb16px\u00bb custom_padding=\u00bb20px||13px|||\u00bb global_colors_info=\u00bb{}\u00bb theme_builder_area=\u00bbpost_content\u00bb][\/et_pb_fullwidth_header][\/et_pb_section][et_pb_section fb_built=\u00bb1&#8243; _builder_version=\u00bb4.27.4&#8243; _module_preset=\u00bbdefault\u00bb custom_padding=\u00bb11px||16px|||\u00bb global_colors_info=\u00bb{}\u00bb theme_builder_area=\u00bbpost_content\u00bb][et_pb_row _builder_version=\u00bb4.27.4&#8243; _module_preset=\u00bbdefault\u00bb global_colors_info=\u00bb{}\u00bb theme_builder_area=\u00bbpost_content\u00bb][et_pb_column type=\u00bb4_4&#8243; _builder_version=\u00bb4.27.4&#8243; _module_preset=\u00bbdefault\u00bb global_colors_info=\u00bb{}\u00bb theme_builder_area=\u00bbpost_content\u00bb][et_pb_text _builder_version=\u00bb4.27.5&#8243; _module_preset=\u00bbdefault\u00bb custom_padding=\u00bb1px|||||\u00bb global_colors_info=\u00bb{}\u00bb theme_builder_area=\u00bbpost_content\u00bb]<\/p>\n<p>Si usted o alguien que conoce se encuentra en peligro inmediato de hacerse da\u00f1o a s\u00ed mismo o a otras personas, llame al 911 para solicitar servicios de emergencia.<\/p>\n<p>[\/et_pb_text][et_pb_text _builder_version=\u00bb4.27.5&#8243; _module_preset=\u00bbdefault\u00bb custom_padding=\u00bb1px|||||\u00bb global_colors_info=\u00bb{}\u00bb theme_builder_area=\u00bbpost_content\u00bb]<\/p>\n<p>Los recursos que se indican a continuaci\u00f3n pueden ser \u00fatiles. Si desea otras opciones, p\u00f3ngase en contacto con su orientador. <\/p>\n<p>[\/et_pb_text][\/et_pb_column][\/et_pb_row][et_pb_row _builder_version=\u00bb4.27.4&#8243; _module_preset=\u00bbdefault\u00bb custom_padding=\u00bb14px||11px|||\u00bb global_colors_info=\u00bb{}\u00bb theme_builder_area=\u00bbpost_content\u00bb][et_pb_column type=\u00bb4_4&#8243; _builder_version=\u00bb4.27.4&#8243; _module_preset=\u00bbdefault\u00bb global_colors_info=\u00bb{}\u00bb theme_builder_area=\u00bbpost_content\u00bb][et_pb_blurb title=\u00bbServicios de apoyo gubernamental de Chicago\u00bb use_icon=\u00bbon\u00bb font_icon=\u00bb&#xf64f;||fa||900&#8243; icon_color=\u00bb#0b6623&#8243; icon_placement=\u00bbleft\u00bb image_icon_width=\u00bb24px\u00bb content_max_width=\u00bb1100px\u00bb _builder_version=\u00bb4.27.5&#8243; header_font=\u00bbJosefin Sans|700|||||||\u00bb header_line_height=\u00bb1.4em\u00bb body_font=\u00bb||||||||\u00bb body_line_height=\u00bb1.8em\u00bb custom_margin=\u00bb||6px|||\u00bb animation_direction=\u00bbtop\u00bb animation=\u00bboff\u00bb hover_enabled=\u00bb0&#8243; header_font_size_phone=\u00bb24px\u00bb header_font_size_last_edited=\u00bboff|desktop\u00bb icon_font_size=\u00bb24px\u00bb locked=\u00bboff\u00bb global_colors_info=\u00bb{}\u00bb theme_builder_area=\u00bbpost_content\u00bb sticky_enabled=\u00bb0&#8243;][\/et_pb_blurb][\/et_pb_column][\/et_pb_row][et_pb_row column_structure=\u00bb1_2,1_2&#8243; _builder_version=\u00bb4.27.4&#8243; _module_preset=\u00bbdefault\u00bb custom_padding=\u00bb14px|||||\u00bb global_colors_info=\u00bb{}\u00bb theme_builder_area=\u00bbpost_content\u00bb][et_pb_column type=\u00bb1_2&#8243; _builder_version=\u00bb4.27.4&#8243; _module_preset=\u00bbdefault\u00bb global_colors_info=\u00bb{}\u00bb theme_builder_area=\u00bbpost_content\u00bb][et_pb_blurb title=\u00bb211 Metro Chicago\u00bb url=\u00bbhttps:\/\/211metrochicago.org\/\u00bb url_new_window=\u00bbon\u00bb image=\u00bbhttps:\/\/gethealthyguide.org\/wp-content\/uploads\/2025\/09\/icon-weblink-circle-Black.jpg\u00bb icon_placement=\u00bbleft\u00bb image_icon_width=\u00bb50px\u00bb image_icon_width_tablet=\u00bb60px\u00bb image_icon_width_phone=\u00bb60px\u00bb image_icon_width_last_edited=\u00bbon|tablet\u00bb _builder_version=\u00bb4.27.5&#8243; header_font=\u00bbArial|700|||||||\u00bb header_line_height=\u00bb1.8em\u00bb body_font_size=\u00bb16px\u00bb body_line_height=\u00bb2em\u00bb background_color=\u00bb#ffffff\u00bb custom_padding=\u00bb0px|30px|0px|30px|true|true\u00bb animation_style=\u00bbzoom\u00bb animation_intensity_zoom=\u00bb10%\u00bb link_option_url=\u00bbhttps:\/\/211metrochicago.org\/\u00bb link_option_url_new_window=\u00bbon\u00bb hover_enabled=\u00bb0&#8243; border_radii=\u00bbon|10px|10px|10px|10px\u00bb border_radii_image=\u00bbon|100px|100px|100px|100px\u00bb box_shadow_style=\u00bbpreset1&#8243; box_shadow_vertical=\u00bb10px\u00bb box_shadow_blur=\u00bb60px\u00bb box_shadow_color=\u00bbrgba(1,33,92,0.1)\u00bb box_shadow_style_image=\u00bbpreset1&#8243; box_shadow_vertical_image=\u00bb10px\u00bb box_shadow_blur_image=\u00bb40px\u00bb box_shadow_spread_image=\u00bb-10px\u00bb box_shadow_color_image=\u00bb#15c39a\u00bb image_max_width=\u00bb80px\u00bb image_max_width_tablet=\u00bb60px\u00bb image_max_width_phone=\u00bb\u00bb image_max_width_last_edited=\u00bbon|tablet\u00bb global_colors_info=\u00bb{}\u00bb theme_builder_area=\u00bbpost_content\u00bb sticky_enabled=\u00bb0&#8243;]<\/p>\n<p>Marque 2-1-1 desde cualquier tel\u00e9fono. <b>El 2-1-1 es un servicio local, gratuito, disponible 24\/7\/365<\/b><span> <\/span><strong> <\/strong><span>que conecta a todos los residentes del condado de Cook con apoyo e informaci\u00f3n esenciales sobre servicios de salud y sociales durante situaciones de crisis no urgentes y para necesidades cotidianas.<\/span><\/p>\n<p>[\/et_pb_blurb][\/et_pb_column][et_pb_column type=\u00bb1_2&#8243; _builder_version=\u00bb4.27.4&#8243; _module_preset=\u00bbdefault\u00bb global_colors_info=\u00bb{}\u00bb theme_builder_area=\u00bbpost_content\u00bb][et_pb_blurb title=\u00bbDepartamento de Servicios de Apoyo y Familia de Chicago\u00bb url_new_window=\u00bbon\u00bb icon_placement=\u00bbleft\u00bb image_icon_width=\u00bb50px\u00bb image_icon_width_tablet=\u00bb60px\u00bb image_icon_width_phone=\u00bb60px\u00bb image_icon_width_last_edited=\u00bbon|tablet\u00bb _builder_version=\u00bb4.27.5&#8243; header_font=\u00bbArial|700|||||||\u00bb header_line_height=\u00bb1.8em\u00bb body_font_size=\u00bb16px\u00bb body_line_height=\u00bb2em\u00bb background_color=\u00bb#ffffff\u00bb custom_padding=\u00bb0px|30px|0px|30px|true|true\u00bb animation_style=\u00bbzoom\u00bb animation_intensity_zoom=\u00bb10%\u00bb link_option_url_new_window=\u00bbon\u00bb hover_enabled=\u00bb0&#8243; border_radii=\u00bbon|10px|10px|10px|10px\u00bb border_radii_image=\u00bbon|100px|100px|100px|100px\u00bb box_shadow_style=\u00bbpreset1&#8243; box_shadow_vertical=\u00bb10px\u00bb box_shadow_blur=\u00bb60px\u00bb box_shadow_color=\u00bbrgba(1,33,92,0.1)\u00bb image_max_width=\u00bb80px\u00bb image_max_width_tablet=\u00bb60px\u00bb image_max_width_phone=\u00bb\u00bb image_max_width_last_edited=\u00bbon|tablet\u00bb global_colors_info=\u00bb{}\u00bb theme_builder_area=\u00bbpost_content\u00bb title_text=\u00bbicon-weblink-circle-Black\u00bb image=\u00bbhttps:\/\/gethealthyguide.org\/wp-content\/uploads\/2025\/09\/icon-weblink-circle-Black.jpg\u00bb url=\u00bbhttps:\/\/www.chicago.gov\/city\/en\/depts\/fss.html\u00bb link_option_url=\u00bbhttps:\/\/www.chicago.gov\/city\/en\/depts\/fss.html\u00bb sticky_enabled=\u00bb0&#8243;]<\/p>\n<p><span>Conecta a los residentes y las familias de Chicago con socios y recursos comunitarios que aportan estabilidad, apoyan su bienestar y les permiten prosperar.<\/span><\/p>\n<p>[\/et_pb_blurb][\/et_pb_column][\/et_pb_row][et_pb_row _builder_version=\u00bb4.27.4&#8243; _module_preset=\u00bbdefault\u00bb global_colors_info=\u00bb{}\u00bb theme_builder_area=\u00bbpost_content\u00bb][et_pb_column type=\u00bb4_4&#8243; _builder_version=\u00bb4.27.4&#8243; _module_preset=\u00bbdefault\u00bb global_colors_info=\u00bb{}\u00bb theme_builder_area=\u00bbpost_content\u00bb][et_pb_blurb title=\u00bbOrganizaciones de apoyo familiar\u00bb use_icon=\u00bbon\u00bb font_icon=\u00bb&#xf0c0;||fa||900&#8243; icon_color=\u00bb#0b6623&#8243; icon_placement=\u00bbleft\u00bb image_icon_width=\u00bb24px\u00bb content_max_width=\u00bb1100px\u00bb _builder_version=\u00bb4.27.5&#8243; header_font=\u00bbJosefin Sans|700|||||||\u00bb header_line_height=\u00bb1.4em\u00bb body_font=\u00bb||||||||\u00bb body_line_height=\u00bb1.8em\u00bb custom_margin=\u00bb||6px|||\u00bb animation_direction=\u00bbtop\u00bb animation=\u00bboff\u00bb hover_enabled=\u00bb0&#8243; header_font_size_phone=\u00bb24px\u00bb header_font_size_last_edited=\u00bboff|desktop\u00bb icon_font_size=\u00bb24px\u00bb locked=\u00bboff\u00bb global_colors_info=\u00bb{}\u00bb theme_builder_area=\u00bbpost_content\u00bb sticky_enabled=\u00bb0&#8243;][\/et_pb_blurb][\/et_pb_column][\/et_pb_row][et_pb_row column_structure=\u00bb1_2,1_2&#8243; _builder_version=\u00bb4.27.4&#8243; _module_preset=\u00bbdefault\u00bb custom_padding=\u00bb14px|||||\u00bb global_colors_info=\u00bb{}\u00bb theme_builder_area=\u00bbpost_content\u00bb][et_pb_column type=\u00bb1_2&#8243; _builder_version=\u00bb4.27.4&#8243; _module_preset=\u00bbdefault\u00bb global_colors_info=\u00bb{}\u00bb theme_builder_area=\u00bbpost_content\u00bb][et_pb_blurb title=\u00bbMetro Family Services\u00bb url=\u00bbhttps:\/\/www.metrofamily.org\/programs-and-services\/\u00bb url_new_window=\u00bbon\u00bb image=\u00bbhttps:\/\/gethealthyguide.org\/wp-content\/uploads\/2025\/09\/icon-weblink-circle-Black.jpg\u00bb icon_placement=\u00bbleft\u00bb image_icon_width=\u00bb50px\u00bb image_icon_width_tablet=\u00bb60px\u00bb image_icon_width_phone=\u00bb60px\u00bb image_icon_width_last_edited=\u00bbon|tablet\u00bb _builder_version=\u00bb4.27.5&#8243; header_font=\u00bbArial|700|||||||\u00bb header_line_height=\u00bb1.8em\u00bb body_font_size=\u00bb16px\u00bb body_line_height=\u00bb2em\u00bb background_color=\u00bb#ffffff\u00bb custom_padding=\u00bb0px|30px|0px|30px|true|true\u00bb animation_style=\u00bbzoom\u00bb animation_intensity_zoom=\u00bb10%\u00bb link_option_url=\u00bbhttps:\/\/www.metrofamily.org\/programs-and-services\/\u00bb link_option_url_new_window=\u00bbon\u00bb hover_enabled=\u00bb0&#8243; border_radii=\u00bbon|10px|10px|10px|10px\u00bb border_radii_image=\u00bbon|100px|100px|100px|100px\u00bb box_shadow_style=\u00bbpreset1&#8243; box_shadow_vertical=\u00bb10px\u00bb box_shadow_blur=\u00bb60px\u00bb box_shadow_color=\u00bbrgba(1,33,92,0.1)\u00bb box_shadow_style_image=\u00bbpreset1&#8243; box_shadow_vertical_image=\u00bb10px\u00bb box_shadow_blur_image=\u00bb40px\u00bb box_shadow_spread_image=\u00bb-10px\u00bb box_shadow_color_image=\u00bb#15c39a\u00bb image_max_width=\u00bb80px\u00bb image_max_width_tablet=\u00bb60px\u00bb image_max_width_phone=\u00bb\u00bb image_max_width_last_edited=\u00bbon|tablet\u00bb global_colors_info=\u00bb{}\u00bb theme_builder_area=\u00bbpost_content\u00bb sticky_enabled=\u00bb0&#8243;]<\/p>\n<p><span>Desde programas de aprendizaje temprano, extraescolares y de preparaci\u00f3n para el empleo hasta asesoramiento, servicios de salud mental y asistencia jur\u00eddica.<\/span><\/p>\n<p>[\/et_pb_blurb][et_pb_blurb title=\u00bbCradles to Crayons\u00bb url=\u00bbhttps:\/\/www.cradlestocrayons.org\/chicago\/family-assistance\/\u00bb url_new_window=\u00bbon\u00bb image=\u00bbhttps:\/\/gethealthyguide.org\/wp-content\/uploads\/2025\/09\/icon-weblink-circle-Black.jpg\u00bb icon_placement=\u00bbleft\u00bb image_icon_width=\u00bb50px\u00bb image_icon_width_tablet=\u00bb60px\u00bb image_icon_width_phone=\u00bb60px\u00bb image_icon_width_last_edited=\u00bbon|tablet\u00bb _builder_version=\u00bb4.27.5&#8243; header_font=\u00bbArial|700|||||||\u00bb header_line_height=\u00bb1.8em\u00bb body_font_size=\u00bb16px\u00bb body_line_height=\u00bb2em\u00bb background_color=\u00bb#ffffff\u00bb custom_padding=\u00bb0px|30px|0px|30px|true|true\u00bb animation_style=\u00bbzoom\u00bb animation_intensity_zoom=\u00bb10%\u00bb link_option_url=\u00bbhttps:\/\/www.cradlestocrayons.org\/chicago\/family-assistance\/\u00bb link_option_url_new_window=\u00bbon\u00bb hover_enabled=\u00bb0&#8243; border_radii=\u00bbon|10px|10px|10px|10px\u00bb border_radii_image=\u00bbon|100px|100px|100px|100px\u00bb box_shadow_style=\u00bbpreset1&#8243; box_shadow_vertical=\u00bb10px\u00bb box_shadow_blur=\u00bb60px\u00bb box_shadow_color=\u00bbrgba(1,33,92,0.1)\u00bb image_max_width=\u00bb80px\u00bb image_max_width_tablet=\u00bb60px\u00bb image_max_width_phone=\u00bb\u00bb image_max_width_last_edited=\u00bbon|tablet\u00bb global_colors_info=\u00bb{}\u00bb theme_builder_area=\u00bbpost_content\u00bb sticky_enabled=\u00bb0&#8243;]<\/p>\n<p>Le conecta con socios comunitarios cerca de su c\u00f3digo postal para acceder a art\u00edculos esenciales para ni\u00f1os, como ropa, material escolar, pa\u00f1ales y m\u00e1s.<\/p>\n<p>[\/et_pb_blurb][\/et_pb_column][et_pb_column type=\u00bb1_2&#8243; _builder_version=\u00bb4.27.4&#8243; _module_preset=\u00bbdefault\u00bb global_colors_info=\u00bb{}\u00bb theme_builder_area=\u00bbpost_content\u00bb][et_pb_blurb title=\u00bbFamily Focus  \u00bb url=\u00bbhttps:\/\/www.family-focus.org\/programs\/\u00bb url_new_window=\u00bbon\u00bb image=\u00bbhttps:\/\/gethealthyguide.org\/wp-content\/uploads\/2025\/09\/icon-weblink-circle-Black.jpg\u00bb icon_placement=\u00bbleft\u00bb image_icon_width=\u00bb50px\u00bb image_icon_width_tablet=\u00bb60px\u00bb image_icon_width_phone=\u00bb60px\u00bb image_icon_width_last_edited=\u00bbon|tablet\u00bb _builder_version=\u00bb4.27.5&#8243; header_font=\u00bbArial|700|||||||\u00bb header_line_height=\u00bb1.8em\u00bb body_font_size=\u00bb16px\u00bb body_line_height=\u00bb2em\u00bb background_color=\u00bb#ffffff\u00bb custom_padding=\u00bb0px|30px|0px|30px|true|true\u00bb animation_style=\u00bbzoom\u00bb animation_intensity_zoom=\u00bb10%\u00bb link_option_url=\u00bbhttps:\/\/www.family-focus.org\/programs\/\u00bb link_option_url_new_window=\u00bbon\u00bb hover_enabled=\u00bb0&#8243; border_radii=\u00bbon|10px|10px|10px|10px\u00bb border_radii_image=\u00bbon|100px|100px|100px|100px\u00bb box_shadow_style=\u00bbpreset1&#8243; box_shadow_vertical=\u00bb10px\u00bb box_shadow_blur=\u00bb60px\u00bb box_shadow_color=\u00bbrgba(1,33,92,0.1)\u00bb image_max_width=\u00bb80px\u00bb image_max_width_tablet=\u00bb60px\u00bb image_max_width_phone=\u00bb\u00bb image_max_width_last_edited=\u00bbon|tablet\u00bb global_colors_info=\u00bb{}\u00bb theme_builder_area=\u00bbpost_content\u00bb sticky_enabled=\u00bb0&#8243;]<\/p>\n<p><span>Los servicios de apoyo y enriquecimiento vital para los ni\u00f1os comienzan en la etapa prenatal y contin\u00faan hasta los 18 a\u00f1os.<\/span><\/p>\n<p>[\/et_pb_blurb][\/et_pb_column][\/et_pb_row][\/et_pb_section][et_pb_section fb_built=\u00bb1&#8243; _builder_version=\u00bb4.27.4&#8243; _module_preset=\u00bbdefault\u00bb custom_padding=\u00bb27px|||||\u00bb global_colors_info=\u00bb{}\u00bb theme_builder_area=\u00bbpost_content\u00bb][et_pb_row _builder_version=\u00bb4.27.4&#8243; _module_preset=\u00bbdefault\u00bb global_colors_info=\u00bb{}\u00bb theme_builder_area=\u00bbpost_content\u00bb][et_pb_column type=\u00bb4_4&#8243; _builder_version=\u00bb4.27.4&#8243; _module_preset=\u00bbdefault\u00bb global_colors_info=\u00bb{}\u00bb theme_builder_area=\u00bbpost_content\u00bb][et_pb_text _builder_version=\u00bb4.27.5&#8243; _module_preset=\u00bbdefault\u00bb hover_enabled=\u00bb0&#8243; global_colors_info=\u00bb{}\u00bb theme_builder_area=\u00bbpost_content\u00bb sticky_enabled=\u00bb0&#8243;]<\/p>\n<p>La informaci\u00f3n <span style=\"font-weight: 400;\">se adapt\u00f3 a partir de texto generado por Gemini.\u00bb Gemini, Google, 22 de septiembre de 2025, y de ChatGPT, OpenAI, el 17 de diciembre de 2025, utilizando el prompt \u201cfamily and community connection in Chicago Illinois\u201d<\/span><\/p>\n<p>[\/et_pb_text][et_pb_text _builder_version=\u00bb4.27.4&#8243; _module_preset=\u00bbdefault\u00bb global_colors_info=\u00bb{}\u00bb theme_builder_area=\u00bbpost_content\u00bb]<\/p>\n<p>Esta informaci\u00f3n no ofrece garant\u00edas sobre la exactitud o la aplicaci\u00f3n de su contenido, declina toda responsabilidad por su uso y no proporciona asesoramiento m\u00e9dico ni legal. No respalda productos o terapias espec\u00edficos, no impone atenci\u00f3n m\u00e9dica ni representa el est\u00e1ndar de atenci\u00f3n.  Es posible que la informaci\u00f3n no se actualice de forma continua y no sustituye el criterio profesional de un proveedor tratante. Se proporciona \u201ctal cual\u201d, no ofrece garant\u00edas expresas ni impl\u00edcitas, no asume responsabilidad alguna por da\u00f1os derivados de su uso y declina toda responsabilidad por errores u omisiones.   <\/p>\n<p>[\/et_pb_text][\/et_pb_column][\/et_pb_row][\/et_pb_section]<\/p>\n","protected":false},"excerpt":{"rendered":"<p>Si usted o alguien que conoce se encuentra en peligro inmediato de hacerse da\u00f1o a s\u00ed mismo o a otras personas, llame al 911 para solicitar servicios de emergencia.Los recursos que se indican a continuaci\u00f3n pueden ser \u00fatiles. Si desea otras opciones, p\u00f3ngase en contacto con su orientador. Marque 2-1-1 desde cualquier tel\u00e9fono. El 2-1-1 [&hellip;]<\/p>\n","protected":false},"author":1,"featured_media":0,"parent":0,"menu_order":0,"comment_status":"closed","ping_status":"closed","template":"","meta":{"_et_pb_use_builder":"on","_et_pb_old_content":"","_et_gb_content_width":"","footnotes":""},"class_list":["post-457","page","type-page","status-publish","hentry"],"featured_image_src":null,"featured_image_src_square":null,"_links":{"self":[{"href":"https:\/\/gethealthyguide.org\/es\/wp-json\/wp\/v2\/pages\/457","targetHints":{"allow":["GET"]}}],"collection":[{"href":"https:\/\/gethealthyguide.org\/es\/wp-json\/wp\/v2\/pages"}],"about":[{"href":"https:\/\/gethealthyguide.org\/es\/wp-json\/wp\/v2\/types\/page"}],"author":[{"embeddable":true,"href":"https:\/\/gethealthyguide.org\/es\/wp-json\/wp\/v2\/users\/1"}],"replies":[{"embeddable":true,"href":"https:\/\/gethealthyguide.org\/es\/wp-json\/wp\/v2\/comments?post=457"}],"version-history":[{"count":0,"href":"https:\/\/gethealthyguide.org\/es\/wp-json\/wp\/v2\/pages\/457\/revisions"}],"wp:attachment":[{"href":"https:\/\/gethealthyguide.org\/es\/wp-json\/wp\/v2\/media?parent=457"}],"curies":[{"name":"wp","href":"https:\/\/api.w.org\/{rel}","templated":true}]}}