{"id":461,"date":"2026-01-08T22:03:54","date_gmt":"2026-01-08T22:03:54","guid":{"rendered":"https:\/\/gethealthyguide.org\/11-vacunas\/"},"modified":"2026-04-13T21:59:07","modified_gmt":"2026-04-13T21:59:07","slug":"vaccines","status":"publish","type":"page","link":"https:\/\/gethealthyguide.org\/es\/vaccines\/","title":{"rendered":"11.vacunas"},"content":{"rendered":"<p>[et_pb_section fb_built=\u00bb1&#8243; fullwidth=\u00bbon\u00bb _builder_version=\u00bb4.27.4&#8243; _module_preset=\u00bbdefault\u00bb global_colors_info=\u00bb{}\u00bb][et_pb_fullwidth_header title=\u00bbInformaci\u00f3n: Vacunas para adultos\u00bb _builder_version=\u00bb4.27.4&#8243; _module_preset=\u00bbdefault\u00bb title_font=\u00bb|700|||||||\u00bb subhead_font_size=\u00bb16px\u00bb custom_padding=\u00bb20px||13px|||\u00bb global_colors_info=\u00bb{}\u00bb][\/et_pb_fullwidth_header][\/et_pb_section][et_pb_section fb_built=\u00bb1&#8243; _builder_version=\u00bb4.27.4&#8243; _module_preset=\u00bbdefault\u00bb custom_padding=\u00bb11px||16px|||\u00bb global_colors_info=\u00bb{}\u00bb][et_pb_row _builder_version=\u00bb4.27.4&#8243; _module_preset=\u00bbdefault\u00bb custom_padding=\u00bb||27px|||\u00bb global_colors_info=\u00bb{}\u00bb][et_pb_column type=\u00bb4_4&#8243; _builder_version=\u00bb4.27.4&#8243; _module_preset=\u00bbdefault\u00bb global_colors_info=\u00bb{}\u00bb][et_pb_text _builder_version=\u00bb4.27.5&#8243; _module_preset=\u00bbdefault\u00bb global_colors_info=\u00bb{}\u00bb]<\/p>\n<p>Este resumen de vacunas preventivas para adultos se basa en las recomendaciones est\u00e1ndar de los CDC, pero debe consultar con su m\u00e9dico qu\u00e9 es lo m\u00e1s adecuado para usted, especialmente si padece afecciones cr\u00f3nicas, est\u00e1 embarazada o presenta otros factores de riesgo.<\/p>\n<p>[\/et_pb_text][\/et_pb_column][\/et_pb_row][et_pb_row _builder_version=\u00bb4.27.4&#8243; _module_preset=\u00bbdefault\u00bb custom_padding=\u00bb14px||11px|||\u00bb global_colors_info=\u00bb{}\u00bb][et_pb_column type=\u00bb4_4&#8243; _builder_version=\u00bb4.27.4&#8243; _module_preset=\u00bbdefault\u00bb global_colors_info=\u00bb{}\u00bb][et_pb_blurb title=\u00bbVacunas para todos los adultos\u00bb use_icon=\u00bbon\u00bb font_icon=\u00bb&#xf48e;||fa||900&#8243; icon_color=\u00bb#0b6623&#8243; icon_placement=\u00bbleft\u00bb image_icon_width=\u00bb24px\u00bb content_max_width=\u00bb1100px\u00bb _builder_version=\u00bb4.27.5&#8243; header_font=\u00bbJosefin Sans|700|||||||\u00bb header_font_size=\u00bb21px\u00bb header_line_height=\u00bb1.4em\u00bb body_font=\u00bb||||||||\u00bb body_line_height=\u00bb1.8em\u00bb custom_margin=\u00bb||6px|||\u00bb animation_direction=\u00bbtop\u00bb animation=\u00bboff\u00bb header_font_size_phone=\u00bb24px\u00bb header_font_size_last_edited=\u00bboff|desktop\u00bb icon_font_size=\u00bb24px\u00bb locked=\u00bboff\u00bb global_colors_info=\u00bb{}\u00bb]<\/p>\n<p><strong>Gripe estacional (Influenza): <\/strong>Recomendada para todas las personas cada a\u00f1o para protegerse contra la gripe.<\/p>\n<p><strong>Tdap\/Td (T\u00e9tanos, difteria y tosferina): <\/strong>Reciba una dosis de Tdap (vacuna Tdap) (que incluye protecci\u00f3n contra la tosferina) si no la ha recibido nunca. Despu\u00e9s de eso, reciba una dosis de refuerzo de Td o Tdap (vacuna Tdap) cada 10 a\u00f1os. <\/p>\n<p><strong>Nota especial para personas embarazadas:<\/strong> Se recomienda una dosis de Tdap (vacuna Tdap) durante cada embarazo para proteger al reci\u00e9n nacido de la tosferina.<\/p>\n<p><strong>COVID-19:<\/strong> Todos los adultos deben recibir la versi\u00f3n m\u00e1s reciente de la vacuna contra la COVID-19 para protegerse contra enfermedades graves, hospitalizaciones y fallecimientos.<\/p>\n<p>[\/et_pb_blurb][\/et_pb_column][\/et_pb_row][et_pb_row _builder_version=\u00bb4.27.4&#8243; _module_preset=\u00bbdefault\u00bb global_colors_info=\u00bb{}\u00bb][et_pb_column type=\u00bb4_4&#8243; _builder_version=\u00bb4.27.4&#8243; _module_preset=\u00bbdefault\u00bb global_colors_info=\u00bb{}\u00bb][et_pb_blurb title=\u00bbVacunas recomendadas seg\u00fan la edad u otros factores de riesgo\u00bb use_icon=\u00bbon\u00bb font_icon=\u00bb&#xf48e;||fa||900&#8243; icon_color=\u00bb#0b6623&#8243; icon_placement=\u00bbleft\u00bb image_icon_width=\u00bb24px\u00bb content_max_width=\u00bb1100px\u00bb _builder_version=\u00bb4.27.5&#8243; header_font=\u00bbJosefin Sans|700|||||||\u00bb header_font_size=\u00bb21px\u00bb header_line_height=\u00bb1.4em\u00bb body_font=\u00bb||||||||\u00bb body_line_height=\u00bb1.8em\u00bb custom_margin=\u00bb||8px|||\u00bb animation_direction=\u00bbtop\u00bb animation=\u00bboff\u00bb header_font_size_phone=\u00bb24px\u00bb header_font_size_last_edited=\u00bboff|desktop\u00bb icon_font_size=\u00bb24px\u00bb locked=\u00bboff\u00bb global_colors_info=\u00bb{}\u00bb]<\/p>\n<p><strong>Herpes z\u00f3ster (RZV (vacuna contra el herpes z\u00f3ster)\/Shingrix): <\/strong>Recomendada para adultos sanos de 50 a\u00f1os o m\u00e1s. La vacuna se administra normalmente en dos dosis. <\/p>\n<p><strong>Enfermedad neumoc\u00f3cica: <\/strong>Recomendada para todos los adultos de 50 a\u00f1os o m\u00e1s. Tambi\u00e9n se recomienda para adultos m\u00e1s j\u00f3venes con ciertas afecciones cr\u00f3nicas. <\/p>\n<p><strong>VRS (Virus Respiratorio Sincitial): <\/strong>Recomendada para adultos de 60 a\u00f1os o m\u00e1s. <strong>Nota especial para personas embarazadas:<\/strong> Tambi\u00e9n se recomienda una dosis al final del embarazo (semanas 32 a 36) durante la temporada de VRS para proteger al lactante.<\/p>\n<p><strong>Hepatitis B: <\/strong>Recomendada para todos los adultos hasta los 59 a\u00f1os que no hayan sido vacunados previamente. Tambi\u00e9n se recomienda para adultos de 60 a\u00f1os o m\u00e1s con ciertos factores de riesgo de hepatitis B. <\/p>\n<p><strong>Triple v\u00edrica (Sarampi\u00f3n, paperas y rubeola): <\/strong>Si naci\u00f3 en 1957 o despu\u00e9s, es posible que necesite al menos una dosis de la vacuna triple v\u00edrica. Esto es especialmente relevante para estudiantes universitarios, trabajadores sanitarios o viajeros internacionales, que podr\u00edan necesitar una segunda dosis. <\/p>\n<p><strong>Varicela: <\/strong>Si nunca ha tenido varicela ni se ha vacunado, debe recibir dos dosis. Por lo general, se considera que los adultos nacidos en los EE. UU. antes de 1980 son inmunes, a excepci\u00f3n de las personas embarazadas y los trabajadores sanitarios. <\/p>\n<p><strong>VPH (Virus del Papiloma Humano): <\/strong>Recomendada para todas las personas hasta los 26 a\u00f1os, si a\u00fan no se han vacunado. Algunos adultos de entre 27 y 45 a\u00f1os tambi\u00e9n pueden considerar la vacunaci\u00f3n tras consultarlo con su m\u00e9dico. <\/p>\n<p><strong>Otras vacunas:<\/strong> Dependiendo de su salud, trabajo o planes de viaje, tambi\u00e9n puede necesitar vacunas contra la hepatitis A, la enfermedad meningoc\u00f3cica, la viruela del mono (Mpox) u otras vacunas.<\/p>\n<p>[\/et_pb_blurb][\/et_pb_column][\/et_pb_row][et_pb_row _builder_version=\u00bb4.27.4&#8243; _module_preset=\u00bbdefault\u00bb global_colors_info=\u00bb{}\u00bb][et_pb_column type=\u00bb4_4&#8243; _builder_version=\u00bb4.27.4&#8243; _module_preset=\u00bbdefault\u00bb global_colors_info=\u00bb{}\u00bb][et_pb_text _builder_version=\u00bb4.27.5&#8243; _module_preset=\u00bbdefault\u00bb global_colors_info=\u00bb{}\u00bb]<\/p>\n<p>La informaci\u00f3n ha sido adaptada a partir de un texto generado por Gemini, Google, el 22 de septiembre de 2025 y por OpenAI el 18-11-2025 utilizando la instrucci\u00f3n \u201cDescribir las vacunas preventivas recomendadas para adultos en un lenguaje sencillo\u201d.<\/p>\n<p>[\/et_pb_text][\/et_pb_column][\/et_pb_row][\/et_pb_section][et_pb_section fb_built=\u00bb1&#8243; _builder_version=\u00bb4.27.4&#8243; _module_preset=\u00bbdefault\u00bb custom_padding=\u00bb27px|||||\u00bb global_colors_info=\u00bb{}\u00bb][et_pb_row _builder_version=\u00bb4.27.4&#8243; _module_preset=\u00bbdefault\u00bb global_colors_info=\u00bb{}\u00bb][et_pb_column type=\u00bb4_4&#8243; _builder_version=\u00bb4.27.4&#8243; _module_preset=\u00bbdefault\u00bb global_colors_info=\u00bb{}\u00bb][et_pb_text _builder_version=\u00bb4.27.4&#8243; _module_preset=\u00bbdefault\u00bb global_colors_info=\u00bb{}\u00bb]<\/p>\n<p>Esta informaci\u00f3n no ofrece garant\u00edas respecto a la exactitud o aplicaci\u00f3n de su contenido, declina toda responsabilidad por su uso y no ofrece asesoramiento m\u00e9dico ni legal. No respalda productos o terapias espec\u00edficos, no impone cuidados m\u00e9dicos ni representa el est\u00e1ndar de atenci\u00f3n.  Es posible que la informaci\u00f3n no se actualice continuamente y no sustituye al criterio profesional de un proveedor m\u00e9dico. Se facilita \u201ctal cual\u201d, no ofrece garant\u00edas expresas o impl\u00edcitas, no asume responsabilidad alguna por cualquier da\u00f1o derivado de su uso y declina toda responsabilidad por errores u omisiones.  <\/p>\n<p>[\/et_pb_text][\/et_pb_column][\/et_pb_row][\/et_pb_section]<\/p>\n","protected":false},"excerpt":{"rendered":"<p>Este resumen de vacunas preventivas para adultos se basa en las recomendaciones est\u00e1ndar de los CDC, pero debe consultar con su m\u00e9dico qu\u00e9 es lo m\u00e1s adecuado para usted, especialmente si padece afecciones cr\u00f3nicas, est\u00e1 embarazada o presenta otros factores de riesgo.Gripe estacional (Influenza): Recomendada para todas las personas cada a\u00f1o para protegerse contra la [&hellip;]<\/p>\n","protected":false},"author":1,"featured_media":0,"parent":0,"menu_order":0,"comment_status":"closed","ping_status":"closed","template":"","meta":{"_et_pb_use_builder":"on","_et_pb_old_content":"","_et_gb_content_width":"","footnotes":""},"class_list":["post-461","page","type-page","status-publish","hentry"],"featured_image_src":null,"featured_image_src_square":null,"_links":{"self":[{"href":"https:\/\/gethealthyguide.org\/es\/wp-json\/wp\/v2\/pages\/461","targetHints":{"allow":["GET"]}}],"collection":[{"href":"https:\/\/gethealthyguide.org\/es\/wp-json\/wp\/v2\/pages"}],"about":[{"href":"https:\/\/gethealthyguide.org\/es\/wp-json\/wp\/v2\/types\/page"}],"author":[{"embeddable":true,"href":"https:\/\/gethealthyguide.org\/es\/wp-json\/wp\/v2\/users\/1"}],"replies":[{"embeddable":true,"href":"https:\/\/gethealthyguide.org\/es\/wp-json\/wp\/v2\/comments?post=461"}],"version-history":[{"count":0,"href":"https:\/\/gethealthyguide.org\/es\/wp-json\/wp\/v2\/pages\/461\/revisions"}],"wp:attachment":[{"href":"https:\/\/gethealthyguide.org\/es\/wp-json\/wp\/v2\/media?parent=461"}],"curies":[{"name":"wp","href":"https:\/\/api.w.org\/{rel}","templated":true}]}}