{"id":473,"date":"2026-02-02T03:34:17","date_gmt":"2026-02-02T03:34:17","guid":{"rendered":"https:\/\/gethealthyguide.org\/09-z-ab-hep-c\/"},"modified":"2026-04-13T21:56:36","modified_gmt":"2026-04-13T21:56:36","slug":"ab-hep-c","status":"publish","type":"page","link":"https:\/\/gethealthyguide.org\/es\/ab-hep-c\/","title":{"rendered":"09.z.ab-hep-c"},"content":{"rendered":"<p>[et_pb_section fb_built=\u00bb1&#8243; fullwidth=\u00bbon\u00bb _builder_version=\u00bb4.27.4&#8243; _module_preset=\u00bbdefault\u00bb global_colors_info=\u00bb{}\u00bb][et_pb_fullwidth_header title=\u00bbInformaci\u00f3n: Tras obtener resultados anormales en el cribado de hepatitis C\u00bb _builder_version=\u00bb4.27.4&#8243; _module_preset=\u00bbdefault\u00bb title_font=\u00bb|700|||||||\u00bb subhead_font_size=\u00bb16px\u00bb custom_padding=\u00bb20px||13px|||\u00bb global_colors_info=\u00bb{}\u00bb][\/et_pb_fullwidth_header][\/et_pb_section][et_pb_section fb_built=\u00bb1&#8243; _builder_version=\u00bb4.27.4&#8243; _module_preset=\u00bbdefault\u00bb custom_padding=\u00bb11px||16px|||\u00bb global_colors_info=\u00bb{}\u00bb][et_pb_row _builder_version=\u00bb4.27.4&#8243; _module_preset=\u00bbdefault\u00bb custom_padding=\u00bb||27px|||\u00bb global_colors_info=\u00bb{}\u00bb][et_pb_column type=\u00bb4_4&#8243; _builder_version=\u00bb4.27.4&#8243; _module_preset=\u00bbdefault\u00bb global_colors_info=\u00bb{}\u00bb][et_pb_text _builder_version=\u00bb4.27.5&#8243; _module_preset=\u00bbdefault\u00bb global_colors_info=\u00bb{}\u00bb]<\/p>\n<p>Si una prueba de anticuerpos de la hepatitis C (VHC) es anormal, los siguientes pasos consisten en <strong>realizar una prueba de ARN del VHC para comprobar si existe una infecci\u00f3n activa y, en caso de ser positiva, someterse a m\u00e1s pruebas, como un estudio del genotipo y una evaluaci\u00f3n de la fibrosis, para planificar el tratamiento<\/strong>. Un resultado positivo en la prueba de anticuerpos no significa necesariamente que tenga una infecci\u00f3n activa; es necesaria una prueba de ARN para confirmarlo. <\/p>\n<p>[\/et_pb_text][\/et_pb_column][\/et_pb_row][et_pb_row _builder_version=\u00bb4.27.4&#8243; _module_preset=\u00bbdefault\u00bb custom_padding=\u00bb14px||11px|||\u00bb global_colors_info=\u00bb{}\u00bb][et_pb_column type=\u00bb4_4&#8243; _builder_version=\u00bb4.27.4&#8243; _module_preset=\u00bbdefault\u00bb global_colors_info=\u00bb{}\u00bb][et_pb_blurb icon_placement=\u00bbleft\u00bb image_icon_width=\u00bb24px\u00bb content_max_width=\u00bb1100px\u00bb _builder_version=\u00bb4.27.5&#8243; header_font=\u00bbJosefin Sans|700|||||||\u00bb header_font_size=\u00bb21px\u00bb header_line_height=\u00bb1.4em\u00bb body_font=\u00bb||||||||\u00bb body_line_height=\u00bb1.8em\u00bb custom_margin=\u00bb31px||6px|||\u00bb animation_direction=\u00bbtop\u00bb animation=\u00bboff\u00bb header_font_size_phone=\u00bb24px\u00bb header_font_size_last_edited=\u00bboff|desktop\u00bb icon_font_size=\u00bb24px\u00bb locked=\u00bboff\u00bb global_colors_info=\u00bb{}\u00bb]<\/p>\n<p><strong>Si su prueba de anticuerpos del VHC es positiva<\/strong><\/p>\n<p><strong>Realice una prueba de ARN del VHC:<\/strong> Este es el siguiente paso crucial para determinar si tiene una infecci\u00f3n actual y activa.<\/p>\n<ul>\n<li style=\"list-style-type: none;\">\n<ul>\n<li>Un resultado positivo en la prueba de ARN significa que tiene una infecci\u00f3n activa y su m\u00e9dico deber\u00e1 analizar las opciones de tratamiento.<\/li>\n<li>Un resultado negativo en la prueba de ARN significa que el virus ya no est\u00e1 en su cuerpo, probablemente porque elimin\u00f3 la infecci\u00f3n de forma natural o se cur\u00f3 anteriormente. Seguir\u00e1 dando positivo en anticuerpos, por lo que la prueba de ARN es necesaria para conocer su estado actual. <\/li>\n<\/ul>\n<\/li>\n<\/ul>\n<p><strong>Hable con su m\u00e9dico:<\/strong> Informe a su m\u00e9dico sobre los resultados de sus pruebas y analice los siguientes pasos. Utilizar\u00e1n esta informaci\u00f3n para determinar el mejor plan de acci\u00f3n. <\/p>\n<p><strong>Si tiene una infecci\u00f3n activa (prueba de anticuerpos positiva y prueba de ARN positiva)<\/strong><\/p>\n<ul>\n<li><strong>Realice una prueba de genotipo:<\/strong> Esta prueba identifica la cepa espec\u00edfica del virus de la hepatitis C que tiene, lo cual es importante para seleccionar el plan de tratamiento m\u00e1s eficaz.<\/li>\n<li><strong>Realice una evaluaci\u00f3n de la fibrosis:<\/strong> Un m\u00e9dico evaluar\u00e1 el alcance de cualquier da\u00f1o hep\u00e1tico, lo cual puede hacerse mediante an\u00e1lisis de sangre, una prueba de imagen como la elastograf\u00eda por resonancia magn\u00e9tica (ERM) o una biopsia hep\u00e1tica.<\/li>\n<li><strong>Considere realizar cribados adicionales:<\/strong> Su m\u00e9dico puede recomendarle pruebas para otras infecciones, como el VIH y la hepatitis B, ya que a menudo se propagan por v\u00edas similares.<\/li>\n<li><strong>Consulte a un especialista:<\/strong> Para obtener resultados \u00f3ptimos, especialmente con proveedores sin experiencia, a menudo se recomienda la derivaci\u00f3n a un especialista con experiencia en el tratamiento de la hepatitis C.<\/li>\n<\/ul>\n<p>[\/et_pb_blurb][\/et_pb_column][\/et_pb_row][et_pb_row _builder_version=\u00bb4.27.4&#8243; _module_preset=\u00bbdefault\u00bb global_colors_info=\u00bb{}\u00bb][et_pb_column type=\u00bb4_4&#8243; _builder_version=\u00bb4.27.4&#8243; _module_preset=\u00bbdefault\u00bb global_colors_info=\u00bb{}\u00bb][et_pb_text _builder_version=\u00bb4.27.5&#8243; _module_preset=\u00bbdefault\u00bb hover_enabled=\u00bb0&#8243; global_colors_info=\u00bb{}\u00bb sticky_enabled=\u00bb0&#8243;]<\/p>\n<p>La informaci\u00f3n ha sido adaptada del Cribado de Hepatitis C del Grupo de Trabajo de Servicios Preventivos de los Estados Unidos, con fecha 02-03-2020 en <a href=\"https:\/\/www.uspreventiveservicestaskforce.org\/uspstf\/recommendation\/hepatitis-c-screening\">Recomendaci\u00f3n: Infecci\u00f3n por el virus de la hepatitis C en adolescentes y adultos: Cribado | Grupo de Trabajo de Servicios Preventivos de los Estados Unidos<\/a>, y de texto generado por Gemini. Gemini, Google, 19 de noviembre de 2025 y de OpenAI el 19-11-2025 utilizando \u201cTras un cribado anormal de HEP C en lenguaje sencillo\u201d.<\/p>\n<p>[\/et_pb_text][\/et_pb_column][\/et_pb_row][\/et_pb_section][et_pb_section fb_built=\u00bb1&#8243; _builder_version=\u00bb4.27.4&#8243; _module_preset=\u00bbdefault\u00bb custom_padding=\u00bb27px|||||\u00bb global_colors_info=\u00bb{}\u00bb][et_pb_row _builder_version=\u00bb4.27.4&#8243; _module_preset=\u00bbdefault\u00bb global_colors_info=\u00bb{}\u00bb][et_pb_column type=\u00bb4_4&#8243; _builder_version=\u00bb4.27.4&#8243; _module_preset=\u00bbdefault\u00bb global_colors_info=\u00bb{}\u00bb][et_pb_text _builder_version=\u00bb4.27.4&#8243; _module_preset=\u00bbdefault\u00bb global_colors_info=\u00bb{}\u00bb]<\/p>\n<p>Esta informaci\u00f3n no ofrece garant\u00edas respecto a la exactitud o aplicaci\u00f3n de su contenido, declina toda responsabilidad por su uso y no ofrece asesoramiento m\u00e9dico ni legal. No respalda productos o terapias espec\u00edficos, no impone cuidados m\u00e9dicos ni representa el est\u00e1ndar de atenci\u00f3n. Es posible que la informaci\u00f3n no se actualice continuamente y no sustituye al juicio profesional de un proveedor m\u00e9dico. Proporcionada \u201ctal cual\u201d, no ofrece garant\u00edas expresas o impl\u00edcitas, no asume responsabilidad por cualquier da\u00f1o derivado de su uso y declina toda responsabilidad por errores u omisiones.    <\/p>\n<p>[\/et_pb_text][\/et_pb_column][\/et_pb_row][\/et_pb_section]<\/p>\n","protected":false},"excerpt":{"rendered":"<p>Si una prueba de anticuerpos de la hepatitis C (VHC) es anormal, los siguientes pasos consisten en realizar una prueba de ARN del VHC para comprobar si existe una infecci\u00f3n activa y, en caso de ser positiva, someterse a m\u00e1s pruebas, como un estudio del genotipo y una evaluaci\u00f3n de la fibrosis, para planificar el [&hellip;]<\/p>\n","protected":false},"author":1,"featured_media":0,"parent":0,"menu_order":0,"comment_status":"closed","ping_status":"closed","template":"","meta":{"_et_pb_use_builder":"on","_et_pb_old_content":"","_et_gb_content_width":"","footnotes":""},"class_list":["post-473","page","type-page","status-publish","hentry"],"featured_image_src":null,"featured_image_src_square":null,"_links":{"self":[{"href":"https:\/\/gethealthyguide.org\/es\/wp-json\/wp\/v2\/pages\/473","targetHints":{"allow":["GET"]}}],"collection":[{"href":"https:\/\/gethealthyguide.org\/es\/wp-json\/wp\/v2\/pages"}],"about":[{"href":"https:\/\/gethealthyguide.org\/es\/wp-json\/wp\/v2\/types\/page"}],"author":[{"embeddable":true,"href":"https:\/\/gethealthyguide.org\/es\/wp-json\/wp\/v2\/users\/1"}],"replies":[{"embeddable":true,"href":"https:\/\/gethealthyguide.org\/es\/wp-json\/wp\/v2\/comments?post=473"}],"version-history":[{"count":0,"href":"https:\/\/gethealthyguide.org\/es\/wp-json\/wp\/v2\/pages\/473\/revisions"}],"wp:attachment":[{"href":"https:\/\/gethealthyguide.org\/es\/wp-json\/wp\/v2\/media?parent=473"}],"curies":[{"name":"wp","href":"https:\/\/api.w.org\/{rel}","templated":true}]}}