{"id":474,"date":"2026-02-02T03:20:15","date_gmt":"2026-02-02T03:20:15","guid":{"rendered":"https:\/\/gethealthyguide.org\/08-z-ab-mama\/"},"modified":"2026-04-13T21:56:09","modified_gmt":"2026-04-13T21:56:09","slug":"ab-breast","status":"publish","type":"page","link":"https:\/\/gethealthyguide.org\/es\/ab-breast\/","title":{"rendered":"08.z.ab-mama"},"content":{"rendered":"<p>[et_pb_section fb_built=\u00bb1&#8243; fullwidth=\u00bbon\u00bb _builder_version=\u00bb4.27.4&#8243; _module_preset=\u00bbdefault\u00bb global_colors_info=\u00bb{}\u00bb][et_pb_fullwidth_header title=\u00bbInformaci\u00f3n: Tras un resultado an\u00f3malo en el cribado de c\u00e1ncer de mama\u00bb _builder_version=\u00bb4.27.4&#8243; _module_preset=\u00bbdefault\u00bb title_font=\u00bb|700|||||||\u00bb subhead_font_size=\u00bb16px\u00bb custom_padding=\u00bb20px||13px|||\u00bb global_colors_info=\u00bb{}\u00bb][\/et_pb_fullwidth_header][\/et_pb_section][et_pb_section fb_built=\u00bb1&#8243; _builder_version=\u00bb4.27.4&#8243; _module_preset=\u00bbdefault\u00bb custom_padding=\u00bb11px||16px|||\u00bb global_colors_info=\u00bb{}\u00bb][et_pb_row _builder_version=\u00bb4.27.4&#8243; _module_preset=\u00bbdefault\u00bb custom_padding=\u00bb||27px|||\u00bb global_colors_info=\u00bb{}\u00bb][et_pb_column type=\u00bb4_4&#8243; _builder_version=\u00bb4.27.4&#8243; _module_preset=\u00bbdefault\u00bb global_colors_info=\u00bb{}\u00bb][et_pb_text _builder_version=\u00bb4.27.5&#8243; _module_preset=\u00bbdefault\u00bb global_colors_info=\u00bb{}\u00bb]<\/p>\n<p>Tras una mamograf\u00eda an\u00f3mala, los siguientes pasos son no entrar en p\u00e1nico, <strong>hacer seguimiento con su m\u00e9dico y someterse a pruebas diagn\u00f3sticas adicionales, como una mamograf\u00eda diagn\u00f3stica, una ecograf\u00eda mamaria o una resonancia magn\u00e9tica<\/strong>. Si estas pruebas revelan una zona preocupante, probablemente se recomendar\u00e1 una biopsia para obtener una muestra de tejido y examinarla. <\/p>\n<p>[\/et_pb_text][\/et_pb_column][\/et_pb_row][et_pb_row _builder_version=\u00bb4.27.4&#8243; _module_preset=\u00bbdefault\u00bb custom_padding=\u00bb14px||11px|||\u00bb global_colors_info=\u00bb{}\u00bb][et_pb_column type=\u00bb4_4&#8243; _builder_version=\u00bb4.27.4&#8243; _module_preset=\u00bbdefault\u00bb global_colors_info=\u00bb{}\u00bb][et_pb_blurb icon_placement=\u00bbleft\u00bb image_icon_width=\u00bb24px\u00bb content_max_width=\u00bb1100px\u00bb _builder_version=\u00bb4.27.5&#8243; header_font=\u00bbJosefin Sans|700|||||||\u00bb header_font_size=\u00bb21px\u00bb header_line_height=\u00bb1.4em\u00bb body_font=\u00bb||||||||\u00bb body_line_height=\u00bb1.8em\u00bb custom_margin=\u00bb||6px|||\u00bb animation_direction=\u00bbtop\u00bb animation=\u00bboff\u00bb header_font_size_phone=\u00bb24px\u00bb header_font_size_last_edited=\u00bboff|desktop\u00bb icon_font_size=\u00bb24px\u00bb locked=\u00bboff\u00bb global_colors_info=\u00bb{}\u00bb]<\/p>\n<p><strong>Pasos inmediatos<\/strong><\/p>\n<ul>\n<li><strong>Intente mantener la calma:<\/strong> Muchas mamograf\u00edas an\u00f3malas no resultan ser c\u00e1ncer. Menos del 10% de las mujeres a las que se les pide volver para m\u00e1s pruebas reciben un diagn\u00f3stico de c\u00e1ncer de mama. <\/li>\n<li><strong>Intente no entrar en p\u00e1nico:<\/strong> Es importante realizar las pruebas adicionales para averiguar qu\u00e9 est\u00e1 causando el cambio.<\/li>\n<li><strong>Recopile informaci\u00f3n:<\/strong> Aseg\u00farese de que su m\u00e9dico dispone de sus estudios de imagen previos para compararlos con los nuevos.<\/li>\n<\/ul>\n<p><strong>Pruebas de seguimiento<\/strong><\/p>\n<ul>\n<li><strong>Mamograf\u00eda diagn\u00f3stica:<\/strong> Es una mamograf\u00eda m\u00e1s dirigida que obtiene im\u00e1genes adicionales de la zona concreta de preocupaci\u00f3n.<\/li>\n<li><strong>Ecograf\u00eda mamaria:<\/strong> Utiliza ondas sonoras para crear im\u00e1genes, lo que ayuda a diferenciar entre un quiste lleno de l\u00edquido y una masa s\u00f3lida.<\/li>\n<li><strong>Resonancia magn\u00e9tica de mama:<\/strong> Utiliza imanes potentes para crear im\u00e1genes detalladas y transversales de la mama, que pueden mostrar detalles de tejidos blandos que quiz\u00e1 no sean visibles en una mamograf\u00eda.<\/li>\n<\/ul>\n<p><strong>Biopsia<\/strong><\/p>\n<ul>\n<li><strong>Cu\u00e1ndo es necesaria:<\/strong> Si las pruebas de imagen adicionales siguen siendo preocupantes, se recomendar\u00e1 una biopsia para tomar una peque\u00f1a muestra de tejido.<\/li>\n<li><strong>Procedimiento:<\/strong> Se utiliza una aguja para extraer una peque\u00f1a cantidad de tejido de la zona sospechosa. Se emplea una prueba de imagen para guiar la aguja con precisi\u00f3n hasta el punto correcto. <\/li>\n<li><strong>Finalidad:<\/strong> Un pat\u00f3logo examinar\u00e1 el tejido al microscopio para determinar si es canceroso o benigno.<\/li>\n<\/ul>\n<p><strong>Despu\u00e9s de la biopsia<\/strong><\/p>\n<ul>\n<li><strong>Espere los resultados:<\/strong> Los resultados iniciales suelen estar disponibles en unos d\u00edas.<\/li>\n<li><strong>Comente los resultados:<\/strong> Es importante comentar los resultados con su m\u00e9dico, que le explicar\u00e1 qu\u00e9 significan y cu\u00e1les son los siguientes pasos.<\/li>\n<li><strong>Considere una enfermera gestora de casos:<\/strong> Muchos centros asignan una enfermera gestora de casos para ayudarle a comprender sus resultados y planificar los siguientes pasos.<\/li>\n<li><strong>Siga el plan de tratamiento:<\/strong> Si se detecta c\u00e1ncer, usted y su m\u00e9dico elaborar\u00e1n un plan de tratamiento basado en el tipo y el estadio del c\u00e1ncer y en su estado general de salud.<\/li>\n<\/ul>\n<p>[\/et_pb_blurb][\/et_pb_column][\/et_pb_row][et_pb_row _builder_version=\u00bb4.27.4&#8243; _module_preset=\u00bbdefault\u00bb global_colors_info=\u00bb{}\u00bb][et_pb_column type=\u00bb4_4&#8243; _builder_version=\u00bb4.27.4&#8243; _module_preset=\u00bbdefault\u00bb global_colors_info=\u00bb{}\u00bb][et_pb_text _builder_version=\u00bb4.27.5&#8243; _module_preset=\u00bbdefault\u00bb hover_enabled=\u00bb0&#8243; global_colors_info=\u00bb{}\u00bb sticky_enabled=\u00bb0&#8243;]<\/p>\n<p>La informaci\u00f3n est\u00e1 adaptada de N<span class=\"T286Pc\" data-sfc-cp=\"\" jscontroller=\"fly6D\" jsuid=\"r3PP6d_s\" data-processed=\"true\">ational Comprehensive Cancer Network. (2025). NCCN Clinical Practice Guidelines in Oncology: Breast Cancer Screning and Diagnosis (Version 2.2025). Available at <a href=\"https:\/\/www.nccn.org\/\">https:\/\/www.nccn.org\/<\/a><\/span><span jsuid=\"r3PP6d_u\" class=\"uJ19be notranslate\" jsaction=\"rcuQ6b:&amp;r3PP6d_u|npT2md\" jscontroller=\"udAs2b\" data-wiz-uids=\"r3PP6d_v,r3PP6d_w\" data-processed=\"true\"><span class=\"vKEkVd\" data-animation-atomic=\"\" data-wiz-attrbind=\"class=r3PP6d_u\/TKHnVd\" data-processed=\"true\"><span aria-hidden=\"true\" data-processed=\"true\"> y adaptada de<\/span><\/span><\/span> texto generado por Gemini.\u00bb Gemini, Google, 19 nov 2025 y de OpenAI el 19\/11\/2025 usando \u201cafter abnormal breast cancer screening result in plain language\u201d<\/p>\n<p>[\/et_pb_text][\/et_pb_column][\/et_pb_row][\/et_pb_section][et_pb_section fb_built=\u00bb1&#8243; _builder_version=\u00bb4.27.4&#8243; _module_preset=\u00bbdefault\u00bb custom_padding=\u00bb27px|||||\u00bb global_colors_info=\u00bb{}\u00bb][et_pb_row _builder_version=\u00bb4.27.4&#8243; _module_preset=\u00bbdefault\u00bb global_colors_info=\u00bb{}\u00bb][et_pb_column type=\u00bb4_4&#8243; _builder_version=\u00bb4.27.4&#8243; _module_preset=\u00bbdefault\u00bb global_colors_info=\u00bb{}\u00bb][et_pb_text _builder_version=\u00bb4.27.4&#8243; _module_preset=\u00bbdefault\u00bb global_colors_info=\u00bb{}\u00bb]<\/p>\n<p>Esta informaci\u00f3n no ofrece garant\u00edas sobre la exactitud o la aplicaci\u00f3n de su contenido, rechaza toda responsabilidad por su uso y no proporciona asesoramiento m\u00e9dico ni legal. No respalda productos o terapias espec\u00edficos, no impone atenci\u00f3n m\u00e9dica ni representa el est\u00e1ndar de atenci\u00f3n. Es posible que la informaci\u00f3n no se actualice de forma continua y no sustituye el criterio profesional de un proveedor tratante. Se proporciona \u201ctal cual\u201d, sin garant\u00edas expresas ni impl\u00edcitas, no asume responsabilidad por ning\u00fan da\u00f1o derivado de su uso y rechaza toda responsabilidad por errores u omisiones.    <\/p>\n<p>[\/et_pb_text][\/et_pb_column][\/et_pb_row][\/et_pb_section]<\/p>\n","protected":false},"excerpt":{"rendered":"<p>Tras una mamograf\u00eda an\u00f3mala, los siguientes pasos son no entrar en p\u00e1nico, hacer seguimiento con su m\u00e9dico y someterse a pruebas diagn\u00f3sticas adicionales, como una mamograf\u00eda diagn\u00f3stica, una ecograf\u00eda mamaria o una resonancia magn\u00e9tica. Si estas pruebas revelan una zona preocupante, probablemente se recomendar\u00e1 una biopsia para obtener una muestra de tejido y examinarla. Pasos [&hellip;]<\/p>\n","protected":false},"author":1,"featured_media":0,"parent":0,"menu_order":0,"comment_status":"closed","ping_status":"closed","template":"","meta":{"_et_pb_use_builder":"on","_et_pb_old_content":"","_et_gb_content_width":"","footnotes":""},"class_list":["post-474","page","type-page","status-publish","hentry"],"featured_image_src":null,"featured_image_src_square":null,"_links":{"self":[{"href":"https:\/\/gethealthyguide.org\/es\/wp-json\/wp\/v2\/pages\/474","targetHints":{"allow":["GET"]}}],"collection":[{"href":"https:\/\/gethealthyguide.org\/es\/wp-json\/wp\/v2\/pages"}],"about":[{"href":"https:\/\/gethealthyguide.org\/es\/wp-json\/wp\/v2\/types\/page"}],"author":[{"embeddable":true,"href":"https:\/\/gethealthyguide.org\/es\/wp-json\/wp\/v2\/users\/1"}],"replies":[{"embeddable":true,"href":"https:\/\/gethealthyguide.org\/es\/wp-json\/wp\/v2\/comments?post=474"}],"version-history":[{"count":0,"href":"https:\/\/gethealthyguide.org\/es\/wp-json\/wp\/v2\/pages\/474\/revisions"}],"wp:attachment":[{"href":"https:\/\/gethealthyguide.org\/es\/wp-json\/wp\/v2\/media?parent=474"}],"curies":[{"name":"wp","href":"https:\/\/api.w.org\/{rel}","templated":true}]}}