{"id":475,"date":"2025-12-18T00:30:39","date_gmt":"2025-12-18T00:30:39","guid":{"rendered":"https:\/\/gethealthyguide.org\/08-cribado-del-cancer-de-mama\/"},"modified":"2026-04-13T21:55:59","modified_gmt":"2026-04-13T21:55:59","slug":"bc-screen","status":"publish","type":"page","link":"https:\/\/gethealthyguide.org\/es\/bc-screen\/","title":{"rendered":"08. cribado del c\u00e1ncer de mama"},"content":{"rendered":"<p>[et_pb_section fb_built=\u00bb1&#8243; fullwidth=\u00bbon\u00bb _builder_version=\u00bb4.27.4&#8243; _module_preset=\u00bbdefault\u00bb global_colors_info=\u00bb{}\u00bb][et_pb_fullwidth_header title=\u00bbInformaci\u00f3n: cribado del c\u00e1ncer de mama\u00bb _builder_version=\u00bb4.27.4&#8243; _module_preset=\u00bbdefault\u00bb title_font=\u00bb|700|||||||\u00bb subhead_font_size=\u00bb16px\u00bb custom_padding=\u00bb20px||13px|||\u00bb global_colors_info=\u00bb{}\u00bb][\/et_pb_fullwidth_header][\/et_pb_section][et_pb_section fb_built=\u00bb1&#8243; _builder_version=\u00bb4.27.4&#8243; _module_preset=\u00bbdefault\u00bb custom_padding=\u00bb11px||16px|||\u00bb global_colors_info=\u00bb{}\u00bb][et_pb_row _builder_version=\u00bb4.27.4&#8243; _module_preset=\u00bbdefault\u00bb custom_padding=\u00bb||27px|||\u00bb global_colors_info=\u00bb{}\u00bb][et_pb_column type=\u00bb4_4&#8243; _builder_version=\u00bb4.27.4&#8243; _module_preset=\u00bbdefault\u00bb global_colors_info=\u00bb{}\u00bb][et_pb_text _builder_version=\u00bb4.27.5&#8243; _module_preset=\u00bbdefault\u00bb global_colors_info=\u00bb{}\u00bb]<\/p>\n<p>El cribado del c\u00e1ncer de mama consiste en revisar sus mamas para detectar c\u00e1ncer <em>antes<\/em> de que note cualquier problema. El objetivo es detectar el c\u00e1ncer de forma temprana, cuando es m\u00e1s f\u00e1cil de tratar. La principal prueba de cribado es la <strong>mamograf\u00eda<\/strong>, que es una radiograf\u00eda especial de la mama.  <\/p>\n<p>[\/et_pb_text][\/et_pb_column][\/et_pb_row][et_pb_row _builder_version=\u00bb4.27.4&#8243; _module_preset=\u00bbdefault\u00bb custom_padding=\u00bb14px||11px|||\u00bb global_colors_info=\u00bb{}\u00bb][et_pb_column type=\u00bb4_4&#8243; _builder_version=\u00bb4.27.4&#8243; _module_preset=\u00bbdefault\u00bb global_colors_info=\u00bb{}\u00bb][et_pb_blurb title=\u00bbAspectos clave que debe saber\u00bb use_icon=\u00bbon\u00bb font_icon=\u00bb&#xf05a;||fa||900&#8243; icon_color=\u00bb#0b6623&#8243; icon_placement=\u00bbleft\u00bb image_icon_width=\u00bb24px\u00bb content_max_width=\u00bb1100px\u00bb _builder_version=\u00bb4.27.5&#8243; header_font=\u00bbJosefin Sans|700|||||||\u00bb header_font_size=\u00bb21px\u00bb header_line_height=\u00bb1.4em\u00bb body_font=\u00bb||||||||\u00bb body_line_height=\u00bb1.8em\u00bb custom_margin=\u00bb||6px|||\u00bb animation_direction=\u00bbtop\u00bb animation=\u00bboff\u00bb header_font_size_phone=\u00bb24px\u00bb header_font_size_last_edited=\u00bboff|desktop\u00bb icon_font_size=\u00bb24px\u00bb locked=\u00bboff\u00bb global_colors_info=\u00bb{}\u00bb]<\/p>\n<ul>\n<li><strong>Cribado vs. diagn\u00f3stico:<\/strong><br \/>Una prueba de <em>cribado<\/em> es para personas sin s\u00edntomas.<br \/>Una prueba <em>diagn\u00f3stica<\/em> es para personas que ya tienen un s\u00edntoma (como un bulto) o han tenido un resultado de cribado inusual.<\/li>\n<li><strong>La detecci\u00f3n precoz ayuda:<\/strong><br \/>Detectar el c\u00e1ncer de forma temprana le ofrece m\u00e1s opciones de tratamiento y mejores probabilidades de supervivencia.<\/li>\n<li><strong>Hable con su m\u00e9dico:<\/strong><br \/>Cu\u00e1ndo empezar el cribado y con qu\u00e9 frecuencia depende de su edad, su salud y sus antecedentes familiares.<\/li>\n<\/ul>\n<p>[\/et_pb_blurb][et_pb_blurb title=\u00bbPruebas de cribado habituales\u00bb use_icon=\u00bbon\u00bb font_icon=\u00bb&#xf7f2;||fa||900&#8243; icon_color=\u00bb#0b6623&#8243; icon_placement=\u00bbleft\u00bb image_icon_width=\u00bb24px\u00bb content_max_width=\u00bb1100px\u00bb _builder_version=\u00bb4.27.5&#8243; header_font=\u00bbJosefin Sans|700|||||||\u00bb header_font_size=\u00bb21px\u00bb header_line_height=\u00bb1.4em\u00bb body_font=\u00bb||||||||\u00bb body_line_height=\u00bb1.8em\u00bb custom_margin=\u00bb31px||6px|||\u00bb animation_direction=\u00bbtop\u00bb animation=\u00bboff\u00bb header_font_size_phone=\u00bb24px\u00bb header_font_size_last_edited=\u00bboff|desktop\u00bb icon_font_size=\u00bb24px\u00bb locked=\u00bboff\u00bb global_colors_info=\u00bb{}\u00bb]<\/p>\n<ul>\n<li><strong>Mamograf\u00eda:<\/strong><br \/>Una radiograf\u00eda de la mama de baja dosis. Puede detectar cambios antes de que usted pueda notarlos al tacto.<br \/>La mayor\u00eda de las mujeres comienzan el cribado anual o bienal alrededor de los 40\u201350 a\u00f1os. <\/li>\n<li><strong>Resonancia magn\u00e9tica de mama:<\/strong><br \/>Produce im\u00e1genes muy detalladas. Se utiliza solo en mujeres con <strong>alto riesgo<\/strong>, como aquellas con antecedentes familiares importantes o mutaciones en los genes BRCA1\/BRCA2 (realizada <em>adem\u00e1s<\/em> de una mamograf\u00eda). <\/li>\n<li><strong>Exploraci\u00f3n cl\u00ednica de mama:<\/strong><br \/>Un m\u00e9dico o una enfermera le examina las mamas con las manos. Es \u00fatil, pero <strong>no<\/strong> sustituye a una mamograf\u00eda. <\/li>\n<\/ul>\n<p>[\/et_pb_blurb][\/et_pb_column][\/et_pb_row][et_pb_row _builder_version=\u00bb4.27.4&#8243; _module_preset=\u00bbdefault\u00bb custom_padding=\u00bb10px|||||\u00bb global_colors_info=\u00bb{}\u00bb][et_pb_column type=\u00bb4_4&#8243; _builder_version=\u00bb4.27.4&#8243; _module_preset=\u00bbdefault\u00bb global_colors_info=\u00bb{}\u00bb][et_pb_blurb title=\u00bbQu\u00e9 esperar durante una mamograf\u00eda\u00bb use_icon=\u00bbon\u00bb font_icon=\u00bb&#xf553;||fa||900&#8243; icon_color=\u00bb#0b6623&#8243; icon_placement=\u00bbleft\u00bb image_icon_width=\u00bb24px\u00bb content_max_width=\u00bb1100px\u00bb _builder_version=\u00bb4.27.5&#8243; header_font=\u00bbJosefin Sans|700|||||||\u00bb header_font_size=\u00bb21px\u00bb header_line_height=\u00bb1.4em\u00bb body_font=\u00bb||||||||\u00bb body_line_height=\u00bb1.8em\u00bb custom_margin=\u00bb||8px|||\u00bb animation_direction=\u00bbtop\u00bb animation=\u00bboff\u00bb header_font_size_phone=\u00bb24px\u00bb header_font_size_last_edited=\u00bboff|desktop\u00bb icon_font_size=\u00bb24px\u00bb locked=\u00bboff\u00bb global_colors_info=\u00bb{}\u00bb]<\/p>\n<ul>\n<li>Se desviste de cintura para arriba y se pone una bata.<\/li>\n<li>Cada mama se coloca sobre una placa plana y se presiona suavemente con una paleta de pl\u00e1stico transparente durante unos segundos. Puede resultar inc\u00f3modo, pero es r\u00e1pido. <\/li>\n<li>No use desodorante, antitranspirante ni loci\u00f3n ese d\u00eda, porque puede afectar a las im\u00e1genes.<\/li>\n<\/ul>\n<p>[\/et_pb_blurb][\/et_pb_column][\/et_pb_row][et_pb_row _builder_version=\u00bb4.27.4&#8243; _module_preset=\u00bbdefault\u00bb custom_padding=\u00bb10px|||||\u00bb global_colors_info=\u00bb{}\u00bb][et_pb_column type=\u00bb4_4&#8243; _builder_version=\u00bb4.27.4&#8243; _module_preset=\u00bbdefault\u00bb global_colors_info=\u00bb{}\u00bb][et_pb_blurb title=\u00bbOtros puntos importantes\u00bb use_icon=\u00bbon\u00bb font_icon=\u00bb&#xf12a;||fa||900&#8243; icon_color=\u00bb#0b6623&#8243; icon_placement=\u00bbleft\u00bb image_icon_width=\u00bb24px\u00bb content_max_width=\u00bb1100px\u00bb _builder_version=\u00bb4.27.5&#8243; header_font=\u00bbJosefin Sans|700|||||||\u00bb header_font_size=\u00bb21px\u00bb header_line_height=\u00bb1.4em\u00bb body_font=\u00bb||||||||\u00bb body_line_height=\u00bb1.8em\u00bb custom_margin=\u00bb||8px|||\u00bb animation_direction=\u00bbtop\u00bb animation=\u00bboff\u00bb header_font_size_phone=\u00bb24px\u00bb header_font_size_last_edited=\u00bboff|desktop\u00bb icon_font_size=\u00bb24px\u00bb locked=\u00bboff\u00bb global_colors_info=\u00bb{}\u00bb]<\/p>\n<ul>\n<li><strong>Densidad mamaria:<\/strong><br \/>En la carta de resultados se indicar\u00e1 si tiene mamas densas. El tejido denso puede dificultar la visualizaci\u00f3n del c\u00e1ncer, y puede que necesite pruebas adicionales como una ecograf\u00eda o una resonancia magn\u00e9tica. <\/li>\n<li><strong>Resultados an\u00f3malos:<\/strong><br \/>Una mamograf\u00eda an\u00f3mala <em>no<\/em> significa que tenga c\u00e1ncer. Puede que solo necesite m\u00e1s pruebas de imagen o, en ocasiones, una biopsia. <\/li>\n<li><strong>Seguro:<\/strong><br \/>La mayor\u00eda de los planes de seguro, incluido Medicare, cubren las mamograf\u00edas de cribado sin coste de bolsillo.<\/li>\n<\/ul>\n<p>[\/et_pb_blurb][\/et_pb_column][\/et_pb_row][et_pb_row column_structure=\u00bb1_2,1_2&#8243; _builder_version=\u00bb4.27.5&#8243; _module_preset=\u00bbdefault\u00bb global_colors_info=\u00bb{}\u00bb][et_pb_column type=\u00bb1_2&#8243; _builder_version=\u00bb4.27.5&#8243; _module_preset=\u00bbdefault\u00bb global_colors_info=\u00bb{}\u00bb][et_pb_blurb title=\u00bb\u00bfQu\u00e9 ocurre si mi resultado es an\u00f3malo?\u00bb url=\u00bb@ET-DC@eyJkeW5hbWljIjp0cnVlLCJjb250ZW50IjoicG9zdF9saW5rX3VybF9wYWdlIiwic2V0dGluZ3MiOnsicG9zdF9pZCI6IjM4NCJ9fQ==@\u00bb url_new_window=\u00bbon\u00bb image=\u00bbhttps:\/\/gethealthyguide.org\/wp-content\/uploads\/2025\/09\/icon-weblink-circle-Black.jpg\u00bb icon_placement=\u00bbleft\u00bb image_icon_width=\u00bb50px\u00bb image_icon_width_tablet=\u00bb60px\u00bb image_icon_width_phone=\u00bb60px\u00bb image_icon_width_last_edited=\u00bbon|tablet\u00bb _builder_version=\u00bb4.27.5&#8243; _dynamic_attributes=\u00bburl,link_option_url\u00bb header_font=\u00bbArial|700|||||||\u00bb header_line_height=\u00bb1.8em\u00bb body_font_size=\u00bb16px\u00bb body_line_height=\u00bb2em\u00bb background_color=\u00bb#ffffff\u00bb custom_padding=\u00bb0px|30px|0px|30px|true|true\u00bb animation_style=\u00bbzoom\u00bb animation_intensity_zoom=\u00bb10%\u00bb link_option_url=\u00bb@ET-DC@eyJkeW5hbWljIjp0cnVlLCJjb250ZW50IjoicG9zdF9saW5rX3VybF9wYWdlIiwic2V0dGluZ3MiOnsicG9zdF9pZCI6IjM4NCJ9fQ==@\u00bb link_option_url_new_window=\u00bbon\u00bb border_radii=\u00bbon|10px|10px|10px|10px\u00bb border_radii_image=\u00bbon|100px|100px|100px|100px\u00bb box_shadow_style=\u00bbpreset1&#8243; box_shadow_vertical=\u00bb10px\u00bb box_shadow_blur=\u00bb60px\u00bb box_shadow_color=\u00bbrgba(1,33,92,0.1)\u00bb box_shadow_style_image=\u00bbpreset1&#8243; box_shadow_vertical_image=\u00bb10px\u00bb box_shadow_blur_image=\u00bb40px\u00bb box_shadow_spread_image=\u00bb-10px\u00bb box_shadow_color_image=\u00bb#15c39a\u00bb image_max_width=\u00bb80px\u00bb image_max_width_tablet=\u00bb60px\u00bb image_max_width_phone=\u00bb\u00bb image_max_width_last_edited=\u00bbon|tablet\u00bb global_colors_info=\u00bb{}\u00bb][\/et_pb_blurb][\/et_pb_column][et_pb_column type=\u00bb1_2&#8243; _builder_version=\u00bb4.27.5&#8243; _module_preset=\u00bbdefault\u00bb global_colors_info=\u00bb{}\u00bb][\/et_pb_column][\/et_pb_row][et_pb_row _builder_version=\u00bb4.27.4&#8243; _module_preset=\u00bbdefault\u00bb global_colors_info=\u00bb{}\u00bb][et_pb_column type=\u00bb4_4&#8243; _builder_version=\u00bb4.27.4&#8243; _module_preset=\u00bbdefault\u00bb global_colors_info=\u00bb{}\u00bb][et_pb_text _builder_version=\u00bb4.27.5&#8243; _module_preset=\u00bbdefault\u00bb hover_enabled=\u00bb0&#8243; global_colors_info=\u00bb{}\u00bb sticky_enabled=\u00bb0&#8243;]<\/p>\n<p>La informaci\u00f3n est\u00e1 adaptada de N<span class=\"T286Pc\" data-sfc-cp=\"\" jscontroller=\"fly6D\" jsuid=\"r3PP6d_s\" data-processed=\"true\">ational Comprehensive Cancer Network. (2025). NCCN Clinical Practice Guidelines in Oncology: Breast Cancer Screning and Diagnosis (Version 2.2025). Available at <a href=\"https:\/\/www.nccn.org\/\">https:\/\/www.nccn.org\/<\/a><\/span><span jsuid=\"r3PP6d_u\" class=\"uJ19be notranslate\" jsaction=\"rcuQ6b:&amp;r3PP6d_u|npT2md\" jscontroller=\"udAs2b\" data-wiz-uids=\"r3PP6d_v,r3PP6d_w\" data-processed=\"true\"><span class=\"vKEkVd\" data-animation-atomic=\"\" data-wiz-attrbind=\"class=r3PP6d_u\/TKHnVd\" data-processed=\"true\"><span aria-hidden=\"true\" data-processed=\"true\"> y adaptada de<\/span><\/span><\/span> texto generado por Gemini.\u00bb Gemini, Google, 19 nov 2025 y de OpenAI el 19\/11\/2025 utilizando \u201ccribado del c\u00e1ncer de mama en lenguaje sencillo\u201d<\/p>\n<p>[\/et_pb_text][\/et_pb_column][\/et_pb_row][\/et_pb_section][et_pb_section fb_built=\u00bb1&#8243; _builder_version=\u00bb4.27.4&#8243; _module_preset=\u00bbdefault\u00bb custom_padding=\u00bb27px|||||\u00bb global_colors_info=\u00bb{}\u00bb][et_pb_row _builder_version=\u00bb4.27.4&#8243; _module_preset=\u00bbdefault\u00bb global_colors_info=\u00bb{}\u00bb][et_pb_column type=\u00bb4_4&#8243; _builder_version=\u00bb4.27.4&#8243; _module_preset=\u00bbdefault\u00bb global_colors_info=\u00bb{}\u00bb][et_pb_text _builder_version=\u00bb4.27.4&#8243; _module_preset=\u00bbdefault\u00bb global_colors_info=\u00bb{}\u00bb]<\/p>\n<p>Esta informaci\u00f3n no ofrece garant\u00edas sobre la exactitud o la aplicaci\u00f3n de su contenido, declina toda responsabilidad por su uso y no proporciona asesoramiento m\u00e9dico ni legal. No respalda productos o terapias espec\u00edficos, no impone atenci\u00f3n m\u00e9dica ni representa el est\u00e1ndar de atenci\u00f3n.  Es posible que la informaci\u00f3n no se actualice de forma continua y no sustituye el criterio profesional de un proveedor tratante. Se proporciona \u201ctal cual\u201d, sin garant\u00edas expresas ni impl\u00edcitas, no asume responsabilidad por ning\u00fan da\u00f1o derivado de su uso y declina toda responsabilidad por errores u omisiones.   <\/p>\n<p>[\/et_pb_text][\/et_pb_column][\/et_pb_row][\/et_pb_section]<\/p>\n","protected":false},"excerpt":{"rendered":"<p>El cribado del c\u00e1ncer de mama consiste en revisar sus mamas para detectar c\u00e1ncer antes de que note cualquier problema. El objetivo es detectar el c\u00e1ncer de forma temprana, cuando es m\u00e1s f\u00e1cil de tratar. La principal prueba de cribado es la mamograf\u00eda, que es una radiograf\u00eda especial de la mama. Cribado vs. diagn\u00f3stico:Una prueba [&hellip;]<\/p>\n","protected":false},"author":1,"featured_media":0,"parent":0,"menu_order":0,"comment_status":"closed","ping_status":"closed","template":"","meta":{"_et_pb_use_builder":"on","_et_pb_old_content":"","_et_gb_content_width":"","footnotes":""},"class_list":["post-475","page","type-page","status-publish","hentry"],"featured_image_src":null,"featured_image_src_square":null,"_links":{"self":[{"href":"https:\/\/gethealthyguide.org\/es\/wp-json\/wp\/v2\/pages\/475","targetHints":{"allow":["GET"]}}],"collection":[{"href":"https:\/\/gethealthyguide.org\/es\/wp-json\/wp\/v2\/pages"}],"about":[{"href":"https:\/\/gethealthyguide.org\/es\/wp-json\/wp\/v2\/types\/page"}],"author":[{"embeddable":true,"href":"https:\/\/gethealthyguide.org\/es\/wp-json\/wp\/v2\/users\/1"}],"replies":[{"embeddable":true,"href":"https:\/\/gethealthyguide.org\/es\/wp-json\/wp\/v2\/comments?post=475"}],"version-history":[{"count":0,"href":"https:\/\/gethealthyguide.org\/es\/wp-json\/wp\/v2\/pages\/475\/revisions"}],"wp:attachment":[{"href":"https:\/\/gethealthyguide.org\/es\/wp-json\/wp\/v2\/media?parent=475"}],"curies":[{"name":"wp","href":"https:\/\/api.w.org\/{rel}","templated":true}]}}