{"id":482,"date":"2026-02-01T18:34:44","date_gmt":"2026-02-01T18:34:44","guid":{"rendered":"https:\/\/gethealthyguide.org\/29-sdoh-vision-audicion\/"},"modified":"2026-04-13T22:02:00","modified_gmt":"2026-04-13T22:02:00","slug":"vision-hearing","status":"publish","type":"page","link":"https:\/\/gethealthyguide.org\/es\/vision-hearing\/","title":{"rendered":"29.sdoh-visi\u00f3n-audici\u00f3n"},"content":{"rendered":"<p>[et_pb_section fb_built=\u00bb1&#8243; fullwidth=\u00bbon\u00bb _builder_version=\u00bb4.27.4&#8243; _module_preset=\u00bbdefault\u00bb global_colors_info=\u00bb{}\u00bb][et_pb_fullwidth_header title=\u00bbInformaci\u00f3n: ayuda para la visi\u00f3n o la audici\u00f3n\u00bb _builder_version=\u00bb4.27.5&#8243; _module_preset=\u00bbdefault\u00bb title_font=\u00bb|700|||||||\u00bb subhead_font_size=\u00bb16px\u00bb custom_padding=\u00bb20px||13px|||\u00bb global_colors_info=\u00bb{}\u00bb][\/et_pb_fullwidth_header][\/et_pb_section][et_pb_section fb_built=\u00bb1&#8243; _builder_version=\u00bb4.27.4&#8243; _module_preset=\u00bbdefault\u00bb custom_padding=\u00bb11px||16px|||\u00bb global_colors_info=\u00bb{}\u00bb][et_pb_row column_structure=\u00bb3_5,2_5&#8243; _builder_version=\u00bb4.27.5&#8243; _module_preset=\u00bbdefault\u00bb global_colors_info=\u00bb{}\u00bb][et_pb_column type=\u00bb3_5&#8243; _builder_version=\u00bb4.27.5&#8243; _module_preset=\u00bbdefault\u00bb global_colors_info=\u00bb{}\u00bb][et_pb_blurb title=\u00bbPreguntas para hacer en cl\u00ednicas de visi\u00f3n\u00bb use_icon=\u00bbon\u00bb font_icon=\u00bb&#xf06e;||fa||900&#8243; icon_color=\u00bb#0b6623&#8243; icon_placement=\u00bbleft\u00bb image_icon_width=\u00bb24px\u00bb content_max_width=\u00bb1100px\u00bb _builder_version=\u00bb4.27.5&#8243; header_font=\u00bbJosefin Sans|700|||||||\u00bb header_font_size=\u00bb21px\u00bb header_line_height=\u00bb1.4em\u00bb body_font=\u00bb||||||||\u00bb body_line_height=\u00bb1.8em\u00bb custom_margin=\u00bb||6px|||\u00bb animation_direction=\u00bbtop\u00bb animation=\u00bboff\u00bb header_font_size_phone=\u00bb24px\u00bb header_font_size_last_edited=\u00bboff|desktop\u00bb icon_font_size=\u00bb24px\u00bb locked=\u00bboff\u00bb global_colors_info=\u00bb{}\u00bb]<\/p>\n<ol>\n<li><strong><em> Coste y pago<\/em><\/strong><\/li>\n<\/ol>\n<ul>\n<li><em>\u00bfOfrecen ex\u00e1menes de la vista de bajo coste o con tarifa ajustada seg\u00fan ingresos?<\/em><\/li>\n<li><em>\u00bfCu\u00e1nto cuesta un examen b\u00e1sico de la vista?<\/em><\/li>\n<li><em>\u00bfTienen descuentos para personas mayores o para quienes no tienen seguro?<\/em><\/li>\n<li><em>\u00bfAyudan con gafas de bajo coste?<\/em><\/li>\n<\/ul>\n<ol start=\"2\">\n<li><strong><em> Seguro<\/em><\/strong><\/li>\n<\/ol>\n<ul>\n<li><em>\u00bfAceptan mi seguro?<\/em><\/li>\n<li><em>Si no tengo seguro, \u00bfcu\u00e1l es el coste total?<\/em><\/li>\n<\/ul>\n<ol start=\"3\">\n<li><strong><em> Servicios<\/em><\/strong><\/li>\n<\/ol>\n<ul>\n<li><em>\u00bfOfrecen ex\u00e1menes completos de la vista, no solo cribados?<\/em><\/li>\n<li><em>\u00bfPueden comprobar si hay glaucoma, cataratas o enfermedad ocular diab\u00e9tica?<\/em><\/li>\n<li><em>\u00bfOfrecen gafas en el mismo d\u00eda o monturas de bajo coste?<\/em><\/li>\n<\/ul>\n<ol start=\"4\">\n<li><strong><em> Citas y acceso<\/em><\/strong><\/li>\n<\/ol>\n<ul>\n<li><em>\u00bfCon cu\u00e1nta antelaci\u00f3n puedo conseguir una cita?<\/em><\/li>\n<li><em>\u00bfTienen horario de fin de semana o por la tarde\/noche?<\/em><\/li>\n<li><em>\u00bfEs accesible para sillas de ruedas?<\/em><\/li>\n<\/ul>\n<ol start=\"5\">\n<li><strong><em> Necesidades especiales<\/em><\/strong><\/li>\n<\/ol>\n<ul>\n<li><em>\u00bfOfrecen servicios para personas con baja visi\u00f3n?<\/em><\/li>\n<li><em>\u00bfPuede alguien ayudar a mi familiar mayor durante la visita?<\/em><\/li>\n<li><em>\u00bfTienen personal que hable espa\u00f1ol (u otros idiomas)?<\/em><\/li>\n<\/ul>\n<ol start=\"6\">\n<li><strong><em> Atenci\u00f3n de seguimiento<\/em><\/strong><\/li>\n<\/ol>\n<ul>\n<li><em>\u00bfCon qu\u00e9 frecuencia debo volver para un examen de la vista?<\/em><\/li>\n<li><em>\u00bfEnv\u00edan la receta a programas de gafas con descuento?<\/em><\/li>\n<\/ul>\n<p>[\/et_pb_blurb][\/et_pb_column][et_pb_column type=\u00bb2_5&#8243; _builder_version=\u00bb4.27.5&#8243; _module_preset=\u00bbdefault\u00bb global_colors_info=\u00bb{}\u00bb][et_pb_blurb title=\u00bbIllinois Eye Institute\u00bb url=\u00bbhttps:\/\/www.illinoiseyeinstitute.org\/\u00bb url_new_window=\u00bbon\u00bb image=\u00bbhttps:\/\/gethealthyguide.org\/wp-content\/uploads\/2025\/09\/icon-weblink-circle-Black.jpg\u00bb icon_placement=\u00bbleft\u00bb image_icon_width=\u00bb50px\u00bb image_icon_width_tablet=\u00bb60px\u00bb image_icon_width_phone=\u00bb60px\u00bb image_icon_width_last_edited=\u00bbon|tablet\u00bb _builder_version=\u00bb4.27.5&#8243; header_font=\u00bbArial|700|||||||\u00bb header_line_height=\u00bb1.8em\u00bb body_font_size=\u00bb16px\u00bb body_line_height=\u00bb2em\u00bb background_color=\u00bb#ffffff\u00bb custom_padding=\u00bb1px|30px|1px|30px|true|true\u00bb animation_style=\u00bbzoom\u00bb animation_intensity_zoom=\u00bb10%\u00bb link_option_url=\u00bbhttps:\/\/www.illinoiseyeinstitute.org\/\u00bb link_option_url_new_window=\u00bbon\u00bb border_radii=\u00bbon|10px|10px|10px|10px\u00bb border_radii_image=\u00bbon|100px|100px|100px|100px\u00bb box_shadow_style=\u00bbpreset1&#8243; box_shadow_vertical=\u00bb10px\u00bb box_shadow_blur=\u00bb60px\u00bb box_shadow_color=\u00bbrgba(1,33,92,0.1)\u00bb box_shadow_style_image=\u00bbpreset1&#8243; box_shadow_vertical_image=\u00bb10px\u00bb box_shadow_blur_image=\u00bb40px\u00bb box_shadow_spread_image=\u00bb-10px\u00bb box_shadow_color_image=\u00bb#15c39a\u00bb image_max_width=\u00bb80px\u00bb image_max_width_tablet=\u00bb60px\u00bb image_max_width_phone=\u00bb\u00bb image_max_width_last_edited=\u00bbon|tablet\u00bb global_colors_info=\u00bb{}\u00bb]<\/p>\n<p><span>3241 S. Michigan Ave Chicago; 312.225.6200<\/span><\/p>\n<p>[\/et_pb_blurb][et_pb_blurb title=\u00bbHayat Clinic y Power Vision\u00bb url=\u00bbhttps:\/\/hayatclinicchicago.com\/\u00bb url_new_window=\u00bbon\u00bb image=\u00bbhttps:\/\/gethealthyguide.org\/wp-content\/uploads\/2025\/09\/icon-weblink-circle-Black.jpg\u00bb icon_placement=\u00bbleft\u00bb image_icon_width=\u00bb50px\u00bb image_icon_width_tablet=\u00bb60px\u00bb image_icon_width_phone=\u00bb60px\u00bb image_icon_width_last_edited=\u00bbon|tablet\u00bb _builder_version=\u00bb4.27.5&#8243; header_font=\u00bbArial|700|||||||\u00bb header_line_height=\u00bb1.8em\u00bb body_font_size=\u00bb16px\u00bb body_line_height=\u00bb2em\u00bb background_color=\u00bb#ffffff\u00bb custom_padding=\u00bb1px|30px|1px|30px|true|true\u00bb animation_style=\u00bbzoom\u00bb animation_intensity_zoom=\u00bb10%\u00bb link_option_url=\u00bbhttps:\/\/hayatclinicchicago.com\/\u00bb link_option_url_new_window=\u00bbon\u00bb border_radii=\u00bbon|10px|10px|10px|10px\u00bb border_radii_image=\u00bbon|100px|100px|100px|100px\u00bb box_shadow_style=\u00bbpreset1&#8243; box_shadow_vertical=\u00bb10px\u00bb box_shadow_blur=\u00bb60px\u00bb box_shadow_color=\u00bbrgba(1,33,92,0.1)\u00bb box_shadow_style_image=\u00bbpreset1&#8243; box_shadow_vertical_image=\u00bb10px\u00bb box_shadow_blur_image=\u00bb40px\u00bb box_shadow_spread_image=\u00bb-10px\u00bb box_shadow_color_image=\u00bb#15c39a\u00bb image_max_width=\u00bb80px\u00bb image_max_width_tablet=\u00bb60px\u00bb image_max_width_phone=\u00bb\u00bb image_max_width_last_edited=\u00bbon|tablet\u00bb global_colors_info=\u00bb{}\u00bb]<\/p>\n<p><span class=\"LrzXr\">6350 N Maplewood Ave <\/span><span class=\"LrzXr\">Chicago <span>(773) 465-4749<\/span><\/span><\/p>\n<p>[\/et_pb_blurb][et_pb_blurb title=\u00bbLions of Illinois \u00bb url=\u00bbhttps:\/\/lionsofillinoisfoundation.org\/vision\/\u00bb url_new_window=\u00bbon\u00bb image=\u00bbhttps:\/\/gethealthyguide.org\/wp-content\/uploads\/2025\/09\/icon-weblink-circle-Black.jpg\u00bb icon_placement=\u00bbleft\u00bb image_icon_width=\u00bb50px\u00bb image_icon_width_tablet=\u00bb60px\u00bb image_icon_width_phone=\u00bb60px\u00bb image_icon_width_last_edited=\u00bbon|tablet\u00bb _builder_version=\u00bb4.27.5&#8243; header_font=\u00bbArial|700|||||||\u00bb header_line_height=\u00bb1.8em\u00bb body_font_size=\u00bb16px\u00bb body_line_height=\u00bb2em\u00bb background_color=\u00bb#ffffff\u00bb custom_padding=\u00bb1px|30px|1px|30px|true|true\u00bb animation_style=\u00bbzoom\u00bb animation_intensity_zoom=\u00bb10%\u00bb link_option_url=\u00bbhttps:\/\/lionsofillinoisfoundation.org\/vision\/\u00bb link_option_url_new_window=\u00bbon\u00bb border_radii=\u00bbon|10px|10px|10px|10px\u00bb border_radii_image=\u00bbon|100px|100px|100px|100px\u00bb box_shadow_style=\u00bbpreset1&#8243; box_shadow_vertical=\u00bb10px\u00bb box_shadow_blur=\u00bb60px\u00bb box_shadow_color=\u00bbrgba(1,33,92,0.1)\u00bb box_shadow_style_image=\u00bbpreset1&#8243; box_shadow_vertical_image=\u00bb10px\u00bb box_shadow_blur_image=\u00bb40px\u00bb box_shadow_spread_image=\u00bb-10px\u00bb box_shadow_color_image=\u00bb#15c39a\u00bb image_max_width=\u00bb80px\u00bb image_max_width_tablet=\u00bb60px\u00bb image_max_width_phone=\u00bb\u00bb image_max_width_last_edited=\u00bbon|tablet\u00bb global_colors_info=\u00bb{}\u00bb]<\/p>\n<p><span>(815) 756-5633  <\/span><\/p>\n<p>[\/et_pb_blurb][\/et_pb_column][\/et_pb_row][et_pb_row column_structure=\u00bb3_5,2_5&#8243; _builder_version=\u00bb4.27.5&#8243; _module_preset=\u00bbdefault\u00bb global_colors_info=\u00bb{}\u00bb][et_pb_column type=\u00bb3_5&#8243; _builder_version=\u00bb4.27.5&#8243; _module_preset=\u00bbdefault\u00bb global_colors_info=\u00bb{}\u00bb][et_pb_blurb title=\u00bbPreguntas para hacer en cl\u00ednicas auditivas\u00bb use_icon=\u00bbon\u00bb font_icon=\u00bb&#xf06e;||fa||900&#8243; icon_color=\u00bb#0b6623&#8243; icon_placement=\u00bbleft\u00bb image_icon_width=\u00bb24px\u00bb content_max_width=\u00bb1100px\u00bb _builder_version=\u00bb4.27.5&#8243; header_font=\u00bbJosefin Sans|700|||||||\u00bb header_font_size=\u00bb21px\u00bb header_line_height=\u00bb1.4em\u00bb body_font=\u00bb||||||||\u00bb body_line_height=\u00bb1.8em\u00bb custom_margin=\u00bb||6px|||\u00bb animation_direction=\u00bbtop\u00bb animation=\u00bboff\u00bb header_font_size_phone=\u00bb24px\u00bb header_font_size_last_edited=\u00bboff|desktop\u00bb icon_font_size=\u00bb24px\u00bb locked=\u00bboff\u00bb global_colors_info=\u00bb{}\u00bb]<\/p>\n<ol>\n<li><strong><em> Coste y seguro<\/em><\/strong><\/li>\n<\/ol>\n<ul>\n<li><em>\u00bfAceptan mi seguro? (Medicare, Medicaid, privado) <\/em><\/li>\n<li><em>\u00bfOfrecen una tarifa ajustada seg\u00fan ingresos o planes de pago?<\/em><\/li>\n<li><em>\u00bfCu\u00e1l es el coste de una prueba auditiva completa?<\/em><\/li>\n<li><em>\u00bfCu\u00e1l es el rango de precios medio de los aud\u00edfonos aqu\u00ed?<\/em><\/li>\n<li><em>\u00bfHay opciones de aud\u00edfonos de menor coste o reacondicionados?<\/em><\/li>\n<li><em>\u00bfCobran por las visitas de seguimiento, los ajustes o las limpiezas?<\/em><\/li>\n<li><em>\u00bfOfrecen ayuda financiera o atenci\u00f3n ben\u00e9fica?<\/em><\/li>\n<\/ul>\n<ol start=\"2\">\n<li><strong><em> Prueba de aud\u00edfonos y pol\u00edticas<\/em><\/strong><\/li>\n<\/ol>\n<ul>\n<li><em>\u00bfOfrecen un periodo de prueba para los aud\u00edfonos? \u00bfCu\u00e1nto dura? <\/em><\/li>\n<li><em>Si devuelvo los aud\u00edfonos, \u00bfhay una tasa de devoluci\u00f3n?<\/em><\/li>\n<li><em>\u00bfLos ajustes\/afinaciones de seguimiento est\u00e1n incluidos en el precio?<\/em><\/li>\n<li><em>\u00bfCon qu\u00e9 frecuencia puedo venir para ajustes?<\/em><\/li>\n<li><em>\u00bfHay garant\u00eda? \u00bfQu\u00e9 cubre? <\/em><\/li>\n<\/ul>\n<ol start=\"3\">\n<li><strong><em> Tecnolog\u00eda y servicios<\/em><\/strong><\/li>\n<\/ol>\n<ul>\n<li><em>\u00bfQu\u00e9 tipos de aud\u00edfonos recomienda y por qu\u00e9?<\/em><\/li>\n<li><em>\u00bfOfrecen aud\u00edfonos recargables?<\/em><\/li>\n<li><em>\u00bfOfrecen dispositivos con Bluetooth o conectados al smartphone?<\/em><\/li>\n<li><em>\u00bfOfrecen manejo del tinnitus?<\/em><\/li>\n<li><em>\u00bfRealizan evaluaciones para implante coclear o derivaciones?<\/em><\/li>\n<\/ul>\n<ol start=\"4\">\n<li><strong><em> Para personas mayores \/ accesibilidad<\/em><\/strong><\/li>\n<\/ol>\n<ul>\n<li><em>\u00bfOfrecen formaci\u00f3n a cuidadores para que un familiar pueda ayudar?<\/em><\/li>\n<li><em>\u00bfTienen opciones de visita a domicilio para personas mayores con problemas de movilidad?<\/em><\/li>\n<li><em>\u00bfProporcionan instrucciones impresas con letra grande?<\/em><\/li>\n<li><em>\u00bfOfrecen formaci\u00f3n en comunicaci\u00f3n para nuevos usuarios?<\/em><\/li>\n<\/ul>\n<ol start=\"5\">\n<li><strong><em> Mantenimiento y apoyo a largo plazo<\/em><\/strong><\/li>\n<\/ol>\n<ul>\n<li><em>\u00bfCon qu\u00e9 frecuencia necesito volver para revisiones?<\/em><\/li>\n<li><em>\u00bfLimpian o reparan los aud\u00edfonos in situ?<\/em><\/li>\n<li><em>\u00bfCu\u00e1l es la vida \u00fatil media de los dispositivos que proporcionan?<\/em><\/li>\n<li><em>\u00bfCu\u00e1les son los costes de las pilas o de las piezas de repuesto?<\/em><\/li>\n<\/ul>\n<ol start=\"6\">\n<li><strong><em> Credenciales de la cl\u00ednica<\/em><\/strong><\/li>\n<\/ol>\n<ul>\n<li><em>\u00bfEs usted un audi\u00f3logo titulado o un especialista en aud\u00edfonos?<\/em><\/li>\n<li><em>\u00bfCu\u00e1ntos a\u00f1os de experiencia tiene con programas de p\u00e9rdida auditiva para personas mayores?<\/em><\/li>\n<\/ul>\n<p>[\/et_pb_blurb][\/et_pb_column][et_pb_column type=\u00bb2_5&#8243; _builder_version=\u00bb4.27.5&#8243; _module_preset=\u00bbdefault\u00bb global_colors_info=\u00bb{}\u00bb][et_pb_blurb title=\u00bbHearing Loss Association of America\u00bb url=\u00bbhttps:\/\/www.hearingloss.org\/find-help\/\u00bb url_new_window=\u00bbon\u00bb image=\u00bbhttps:\/\/gethealthyguide.org\/wp-content\/uploads\/2025\/09\/icon-weblink-circle-Black.jpg\u00bb icon_placement=\u00bbleft\u00bb image_icon_width=\u00bb50px\u00bb image_icon_width_tablet=\u00bb60px\u00bb image_icon_width_phone=\u00bb60px\u00bb image_icon_width_last_edited=\u00bbon|tablet\u00bb _builder_version=\u00bb4.27.5&#8243; header_font=\u00bbArial|700|||||||\u00bb header_line_height=\u00bb1.8em\u00bb body_font_size=\u00bb16px\u00bb body_line_height=\u00bb2em\u00bb background_color=\u00bb#ffffff\u00bb custom_padding=\u00bb1px|30px|1px|30px|true|true\u00bb animation_style=\u00bbzoom\u00bb animation_intensity_zoom=\u00bb10%\u00bb link_option_url=\u00bbhttps:\/\/www.hearingloss.org\/find-help\/\u00bb link_option_url_new_window=\u00bbon\u00bb border_radii=\u00bbon|10px|10px|10px|10px\u00bb border_radii_image=\u00bbon|100px|100px|100px|100px\u00bb box_shadow_style=\u00bbpreset1&#8243; box_shadow_vertical=\u00bb10px\u00bb box_shadow_blur=\u00bb60px\u00bb box_shadow_color=\u00bbrgba(1,33,92,0.1)\u00bb box_shadow_style_image=\u00bbpreset1&#8243; box_shadow_vertical_image=\u00bb10px\u00bb box_shadow_blur_image=\u00bb40px\u00bb box_shadow_spread_image=\u00bb-10px\u00bb box_shadow_color_image=\u00bb#15c39a\u00bb image_max_width=\u00bb80px\u00bb image_max_width_tablet=\u00bb60px\u00bb image_max_width_phone=\u00bb\u00bb image_max_width_last_edited=\u00bbon|tablet\u00bb global_colors_info=\u00bb{}\u00bb]<\/p>\n<p><span>Informaci\u00f3n sobre dispositivos auditivos, tecnolog\u00eda de asistencia, proveedores de salud auditiva, recursos financieros y asesoramiento social y laboral.<\/span><\/p>\n<p>[\/et_pb_blurb][et_pb_blurb title=\u00bbLions of Illinois \u00bb url=\u00bbhttps:\/\/lionsofillinoisfoundation.org\/hearing\/\u00bb url_new_window=\u00bbon\u00bb image=\u00bbhttps:\/\/gethealthyguide.org\/wp-content\/uploads\/2025\/09\/icon-weblink-circle-Black.jpg\u00bb icon_placement=\u00bbleft\u00bb image_icon_width=\u00bb50px\u00bb image_icon_width_tablet=\u00bb60px\u00bb image_icon_width_phone=\u00bb60px\u00bb image_icon_width_last_edited=\u00bbon|tablet\u00bb _builder_version=\u00bb4.27.5&#8243; header_font=\u00bbArial|700|||||||\u00bb header_line_height=\u00bb1.8em\u00bb body_font_size=\u00bb16px\u00bb body_line_height=\u00bb2em\u00bb background_color=\u00bb#ffffff\u00bb custom_padding=\u00bb1px|30px|1px|30px|true|true\u00bb animation_style=\u00bbzoom\u00bb animation_intensity_zoom=\u00bb10%\u00bb link_option_url=\u00bbhttps:\/\/lionsofillinoisfoundation.org\/hearing\/\u00bb link_option_url_new_window=\u00bbon\u00bb border_radii=\u00bbon|10px|10px|10px|10px\u00bb border_radii_image=\u00bbon|100px|100px|100px|100px\u00bb box_shadow_style=\u00bbpreset1&#8243; box_shadow_vertical=\u00bb10px\u00bb box_shadow_blur=\u00bb60px\u00bb box_shadow_color=\u00bbrgba(1,33,92,0.1)\u00bb box_shadow_style_image=\u00bbpreset1&#8243; box_shadow_vertical_image=\u00bb10px\u00bb box_shadow_blur_image=\u00bb40px\u00bb box_shadow_spread_image=\u00bb-10px\u00bb box_shadow_color_image=\u00bb#15c39a\u00bb image_max_width=\u00bb80px\u00bb image_max_width_tablet=\u00bb60px\u00bb image_max_width_phone=\u00bb\u00bb image_max_width_last_edited=\u00bbon|tablet\u00bb global_colors_info=\u00bb{}\u00bb]<\/p>\n<p><span>Hearing Aid Bank (HAB): ayuda a personas necesitadas (815) 756-5633 <\/span><\/p>\n<p>[\/et_pb_blurb][et_pb_blurb title=\u00bbHoward Brown Health\u00bb url=\u00bbhttps:\/\/howardbrown.org\/locations\/\u00bb url_new_window=\u00bbon\u00bb image=\u00bbhttps:\/\/gethealthyguide.org\/wp-content\/uploads\/2025\/09\/icon-weblink-circle-Black.jpg\u00bb icon_placement=\u00bbleft\u00bb image_icon_width=\u00bb50px\u00bb image_icon_width_tablet=\u00bb60px\u00bb image_icon_width_phone=\u00bb60px\u00bb image_icon_width_last_edited=\u00bbon|tablet\u00bb _builder_version=\u00bb4.27.5&#8243; header_font=\u00bbArial|700|||||||\u00bb header_line_height=\u00bb1.8em\u00bb body_font_size=\u00bb16px\u00bb body_line_height=\u00bb2em\u00bb background_color=\u00bb#ffffff\u00bb custom_padding=\u00bb1px|30px|1px|30px|true|true\u00bb animation_style=\u00bbzoom\u00bb animation_intensity_zoom=\u00bb10%\u00bb link_option_url=\u00bbhttps:\/\/howardbrown.org\/locations\/\u00bb link_option_url_new_window=\u00bbon\u00bb border_radii=\u00bbon|10px|10px|10px|10px\u00bb border_radii_image=\u00bbon|100px|100px|100px|100px\u00bb box_shadow_style=\u00bbpreset1&#8243; box_shadow_vertical=\u00bb10px\u00bb box_shadow_blur=\u00bb60px\u00bb box_shadow_color=\u00bbrgba(1,33,92,0.1)\u00bb box_shadow_style_image=\u00bbpreset1&#8243; box_shadow_vertical_image=\u00bb10px\u00bb box_shadow_blur_image=\u00bb40px\u00bb box_shadow_spread_image=\u00bb-10px\u00bb box_shadow_color_image=\u00bb#15c39a\u00bb image_max_width=\u00bb80px\u00bb image_max_width_tablet=\u00bb60px\u00bb image_max_width_phone=\u00bb\u00bb image_max_width_last_edited=\u00bbon|tablet\u00bb global_colors_info=\u00bb{}\u00bb]<\/p>\n<p><span>Derivaciones de audici\u00f3n del m\u00e9dico de atenci\u00f3n primaria (PCP), <\/span>773.388.1600<\/p>\n<p>[\/et_pb_blurb][\/et_pb_column][\/et_pb_row][et_pb_row _builder_version=\u00bb4.27.4&#8243; _module_preset=\u00bbdefault\u00bb global_colors_info=\u00bb{}\u00bb][et_pb_column type=\u00bb4_4&#8243; _builder_version=\u00bb4.27.4&#8243; _module_preset=\u00bbdefault\u00bb global_colors_info=\u00bb{}\u00bb][et_pb_text _builder_version=\u00bb4.27.5&#8243; _module_preset=\u00bbdefault\u00bb global_colors_info=\u00bb{}\u00bb]<\/p>\n<p>La informaci\u00f3n est\u00e1 adaptada de texto generado por Gemini.\u00bb Gemini, Google, 19 nov 2025 y de OpenAI el 19\/01\/2026 usando \u201cAyuda con la visi\u00f3n y la audici\u00f3n y preguntas para hacer en Chicago Illinois\u201d<\/p>\n<p>[\/et_pb_text][\/et_pb_column][\/et_pb_row][\/et_pb_section][et_pb_section fb_built=\u00bb1&#8243; _builder_version=\u00bb4.27.4&#8243; _module_preset=\u00bbdefault\u00bb custom_padding=\u00bb27px|||||\u00bb global_colors_info=\u00bb{}\u00bb][et_pb_row _builder_version=\u00bb4.27.4&#8243; _module_preset=\u00bbdefault\u00bb global_colors_info=\u00bb{}\u00bb][et_pb_column type=\u00bb4_4&#8243; _builder_version=\u00bb4.27.4&#8243; _module_preset=\u00bbdefault\u00bb global_colors_info=\u00bb{}\u00bb][et_pb_text _builder_version=\u00bb4.27.4&#8243; _module_preset=\u00bbdefault\u00bb global_colors_info=\u00bb{}\u00bb]<\/p>\n<p>Esta informaci\u00f3n no ofrece garant\u00edas sobre la exactitud o la aplicaci\u00f3n de su contenido, declina toda responsabilidad por su uso y no ofrece asesoramiento m\u00e9dico ni legal. No respalda productos o terapias espec\u00edficos, no impone atenci\u00f3n m\u00e9dica ni representa el est\u00e1ndar de atenci\u00f3n.  Es posible que la informaci\u00f3n no se actualice de forma continua y no sustituye el criterio profesional de un proveedor tratante. Se proporciona \u201ctal cual\u201d, no ofrece garant\u00edas expresas ni impl\u00edcitas, no asume responsabilidad por ning\u00fan da\u00f1o derivado de su uso y declina toda responsabilidad por errores u omisiones.  <\/p>\n<p>[\/et_pb_text][\/et_pb_column][\/et_pb_row][\/et_pb_section]<\/p>\n","protected":false},"excerpt":{"rendered":"<p>Coste y pago \u00bfOfrecen ex\u00e1menes de la vista de bajo coste o con tarifa ajustada seg\u00fan ingresos? \u00bfCu\u00e1nto cuesta un examen b\u00e1sico de la vista? \u00bfTienen descuentos para personas mayores o para quienes no tienen seguro? \u00bfAyudan con gafas de bajo coste? Seguro \u00bfAceptan mi seguro? Si no tengo seguro, \u00bfcu\u00e1l es el coste total? [&hellip;]<\/p>\n","protected":false},"author":1,"featured_media":0,"parent":0,"menu_order":0,"comment_status":"closed","ping_status":"closed","template":"","meta":{"_et_pb_use_builder":"on","_et_pb_old_content":"","_et_gb_content_width":"","footnotes":""},"class_list":["post-482","page","type-page","status-publish","hentry"],"featured_image_src":null,"featured_image_src_square":null,"_links":{"self":[{"href":"https:\/\/gethealthyguide.org\/es\/wp-json\/wp\/v2\/pages\/482","targetHints":{"allow":["GET"]}}],"collection":[{"href":"https:\/\/gethealthyguide.org\/es\/wp-json\/wp\/v2\/pages"}],"about":[{"href":"https:\/\/gethealthyguide.org\/es\/wp-json\/wp\/v2\/types\/page"}],"author":[{"embeddable":true,"href":"https:\/\/gethealthyguide.org\/es\/wp-json\/wp\/v2\/users\/1"}],"replies":[{"embeddable":true,"href":"https:\/\/gethealthyguide.org\/es\/wp-json\/wp\/v2\/comments?post=482"}],"version-history":[{"count":0,"href":"https:\/\/gethealthyguide.org\/es\/wp-json\/wp\/v2\/pages\/482\/revisions"}],"wp:attachment":[{"href":"https:\/\/gethealthyguide.org\/es\/wp-json\/wp\/v2\/media?parent=482"}],"curies":[{"name":"wp","href":"https:\/\/api.w.org\/{rel}","templated":true}]}}