{"id":488,"date":"2026-02-01T23:10:21","date_gmt":"2026-02-01T23:10:21","guid":{"rendered":"https:\/\/gethealthyguide.org\/33-sdoh-hcpoa\/"},"modified":"2026-04-13T22:02:45","modified_gmt":"2026-04-13T22:02:45","slug":"hcpoa","status":"publish","type":"page","link":"https:\/\/gethealthyguide.org\/es\/hcpoa\/","title":{"rendered":"33.sdoh-hcpoa"},"content":{"rendered":"<p>[et_pb_section fb_built=\u00bb1&#8243; fullwidth=\u00bbon\u00bb _builder_version=\u00bb4.27.4&#8243; _module_preset=\u00bbdefault\u00bb global_colors_info=\u00bb{}\u00bb theme_builder_area=\u00bbpost_content\u00bb][et_pb_fullwidth_header title=\u00bbInformaci\u00f3n: poder notarial para atenci\u00f3n sanitaria\u00bb _builder_version=\u00bb4.27.5&#8243; _module_preset=\u00bbdefault\u00bb title_font=\u00bb|700|||||||\u00bb subhead_font_size=\u00bb16px\u00bb custom_padding=\u00bb20px||13px|||\u00bb global_colors_info=\u00bb{}\u00bb theme_builder_area=\u00bbpost_content\u00bb][\/et_pb_fullwidth_header][\/et_pb_section][et_pb_section fb_built=\u00bb1&#8243; _builder_version=\u00bb4.27.4&#8243; _module_preset=\u00bbdefault\u00bb custom_padding=\u00bb11px||16px|||\u00bb global_colors_info=\u00bb{}\u00bb theme_builder_area=\u00bbpost_content\u00bb][et_pb_row _builder_version=\u00bb4.27.4&#8243; _module_preset=\u00bbdefault\u00bb custom_padding=\u00bb||27px|||\u00bb global_colors_info=\u00bb{}\u00bb theme_builder_area=\u00bbpost_content\u00bb][et_pb_column type=\u00bb4_4&#8243; _builder_version=\u00bb4.27.4&#8243; _module_preset=\u00bbdefault\u00bb global_colors_info=\u00bb{}\u00bb theme_builder_area=\u00bbpost_content\u00bb][et_pb_text _builder_version=\u00bb4.27.5&#8243; _module_preset=\u00bbdefault\u00bb hover_enabled=\u00bb0&#8243; global_colors_info=\u00bb{}\u00bb theme_builder_area=\u00bbpost_content\u00bb sticky_enabled=\u00bb0&#8243;]<\/p>\n<p>Un poder notarial para atenci\u00f3n sanitaria (POA) es un documento legal que le permite designar a una persona para que tome decisiones m\u00e9dicas por usted si llega a no poder expresarse por s\u00ed mismo. El documento garantiza que se respeten sus deseos m\u00e9dicos, evita conflictos familiares y ayuda a prevenir posibles disputas legales en una emergencia. <\/p>\n<p>[\/et_pb_text][\/et_pb_column][\/et_pb_row][et_pb_row _builder_version=\u00bb4.27.4&#8243; _module_preset=\u00bbdefault\u00bb custom_padding=\u00bb14px||11px|||\u00bb global_colors_info=\u00bb{}\u00bb theme_builder_area=\u00bbpost_content\u00bb][et_pb_column type=\u00bb4_4&#8243; _builder_version=\u00bb4.27.4&#8243; _module_preset=\u00bbdefault\u00bb global_colors_info=\u00bb{}\u00bb theme_builder_area=\u00bbpost_content\u00bb][et_pb_blurb title=\u00bbPor qu\u00e9 tener un poder notarial para atenci\u00f3n sanitaria\u00bb use_icon=\u00bbon\u00bb font_icon=\u00bb&#xf059;||fa||900&#8243; icon_color=\u00bb#0b6623&#8243; icon_placement=\u00bbleft\u00bb image_icon_width=\u00bb24px\u00bb content_max_width=\u00bb1100px\u00bb _builder_version=\u00bb4.27.5&#8243; header_font=\u00bbJosefin Sans|700|||||||\u00bb header_font_size=\u00bb21px\u00bb header_line_height=\u00bb1.4em\u00bb body_font=\u00bb||||||||\u00bb body_line_height=\u00bb1.8em\u00bb custom_margin=\u00bb31px||6px|||\u00bb animation_direction=\u00bbtop\u00bb animation=\u00bboff\u00bb hover_enabled=\u00bb0&#8243; header_font_size_phone=\u00bb24px\u00bb header_font_size_last_edited=\u00bboff|desktop\u00bb icon_font_size=\u00bb24px\u00bb locked=\u00bboff\u00bb global_colors_info=\u00bb{}\u00bb theme_builder_area=\u00bbpost_content\u00bb sticky_enabled=\u00bb0&#8243;]<\/p>\n<ul>\n<li><strong>Para garantizar que se escuche su voz<\/strong>: Garantiza que una persona de confianza (llamada su agente o representante) tomar\u00e1 decisiones m\u00e9dicas basadas en sus valores y deseos, incluso si usted est\u00e1 inconsciente o incapacitado.<\/li>\n<li><strong>Para cubrir m\u00e1s que un testamento vital<\/strong>: Mientras que un testamento vital solo especifica sus deseos sobre la atenci\u00f3n al final de la vida en determinadas situaciones terminales, un poder notarial para atenci\u00f3n sanitaria otorga a su agente una autoridad m\u00e1s amplia para tomar decisiones en cualquier circunstancia en la que usted no pueda hacerlo.<\/li>\n<li><strong>Para evitar retrasos y desacuerdos<\/strong>: Sin un poder notarial para atenci\u00f3n sanitaria, la ley estatal determinar\u00e1 qui\u00e9n toma decisiones por usted. Podr\u00eda ser una persona que usted no habr\u00eda elegido y puede dar lugar a procedimientos judiciales largos y a disputas familiares durante una crisis. <\/li>\n<li><strong>Para conceder acceso a la informaci\u00f3n m\u00e9dica<\/strong>: A su agente se le otorga la autoridad legal para comunicarse con los m\u00e9dicos y acceder a su historial m\u00e9dico para tomar decisiones informadas, lo cual est\u00e1 protegido por la Norma de Privacidad de la HIPAA.<\/li>\n<li><strong>Es para todo el mundo<\/strong>: Es un documento fundamental para cualquier adulto mayor de 18 a\u00f1os, ya que enfermedades o accidentes inesperados pueden ocurrir a cualquier edad.<\/li>\n<\/ul>\n<p>[\/et_pb_blurb][\/et_pb_column][\/et_pb_row][et_pb_row _builder_version=\u00bb4.27.4&#8243; _module_preset=\u00bbdefault\u00bb custom_padding=\u00bb10px|||||\u00bb global_colors_info=\u00bb{}\u00bb theme_builder_area=\u00bbpost_content\u00bb][et_pb_column type=\u00bb4_4&#8243; _builder_version=\u00bb4.27.4&#8243; _module_preset=\u00bbdefault\u00bb global_colors_info=\u00bb{}\u00bb theme_builder_area=\u00bbpost_content\u00bb][et_pb_blurb title=\u00bbC\u00f3mo documentar un poder notarial para atenci\u00f3n sanitaria\u00bb use_icon=\u00bbon\u00bb font_icon=\u00bb&#xf573;||fa||900&#8243; icon_color=\u00bb#0b6623&#8243; icon_placement=\u00bbleft\u00bb image_icon_width=\u00bb24px\u00bb content_max_width=\u00bb1100px\u00bb _builder_version=\u00bb4.27.5&#8243; header_font=\u00bbJosefin Sans|700|||||||\u00bb header_font_size=\u00bb21px\u00bb header_line_height=\u00bb1.4em\u00bb body_font=\u00bb||||||||\u00bb body_line_height=\u00bb1.8em\u00bb custom_margin=\u00bb||8px|||\u00bb animation_direction=\u00bbtop\u00bb animation=\u00bboff\u00bb hover_enabled=\u00bb0&#8243; header_font_size_phone=\u00bb24px\u00bb header_font_size_last_edited=\u00bboff|desktop\u00bb icon_font_size=\u00bb24px\u00bb locked=\u00bboff\u00bb global_colors_info=\u00bb{}\u00bb theme_builder_area=\u00bbpost_content\u00bb sticky_enabled=\u00bb0&#8243;]<\/p>\n<p><strong>Documentar su poder notarial para atenci\u00f3n sanitaria es un proceso sencillo que no siempre requiere un abogado.<\/strong><\/p>\n<ol>\n<li><strong>Elija a su agente de atenci\u00f3n sanitaria<\/strong>: Seleccione a una persona de confianza que conozca sus valores y est\u00e9 dispuesta a mantener conversaciones francas con usted sobre sus preferencias de atenci\u00f3n sanitaria. Tambi\u00e9n puede designar a un agente suplente por si su primera opci\u00f3n no estuviera disponible. <\/li>\n<li><strong>Utilice el formulario correcto<\/strong>: Obtenga el formulario oficial de poder notarial para atenci\u00f3n sanitaria de su estado. Los formularios pueden descargarse de los sitios web de los departamentos de salud estatales, de proveedores de atenci\u00f3n sanitaria o de recursos legales como LegalZoom o CaringInfo. Utilizar el formulario correcto, espec\u00edfico de su estado, garantiza que el documento cumpla todos los requisitos legales.  <\/li>\n<li><strong>Rell\u00e9nelo y sea espec\u00edfico<\/strong>: Indique claramente su nombre y la informaci\u00f3n de su agente designado. Incluya cualquier instrucci\u00f3n o deseo espec\u00edfico para su atenci\u00f3n m\u00e9dica. Cuanto m\u00e1s detalle aporte, m\u00e1s f\u00e1cil ser\u00e1 para su agente respetar sus deseos.  <\/li>\n<li><strong>Firme y h\u00e1galo legal<\/strong>: Su documento deber\u00e1 estar firmado y fechado. Las leyes estatales difieren en cuanto a si se requieren testigos o un notario para que sea legalmente vinculante. Puede consultar los requisitos de su estado en el propio formulario.  <\/li>\n<li><strong>Comp\u00e1rtalo con todas las personas clave<\/strong>: Distribuya copias a su agente de atenci\u00f3n sanitaria, a sus seres queridos y a todos sus proveedores de atenci\u00f3n sanitaria. Tambi\u00e9n es recomendable guardar el documento original en un lugar seguro y accesible. Algunos estados tambi\u00e9n cuentan con registros para almacenar sus directrices anticipadas y facilitar un acceso r\u00e1pido.  <\/li>\n<\/ol>\n<p>[\/et_pb_blurb][\/et_pb_column][\/et_pb_row][et_pb_row column_structure=\u00bb1_2,1_2&#8243; _builder_version=\u00bb4.27.5&#8243; _module_preset=\u00bbdefault\u00bb global_colors_info=\u00bb{}\u00bb theme_builder_area=\u00bbpost_content\u00bb][et_pb_column type=\u00bb1_2&#8243; _builder_version=\u00bb4.27.5&#8243; _module_preset=\u00bbdefault\u00bb global_colors_info=\u00bb{}\u00bb theme_builder_area=\u00bbpost_content\u00bb][\/et_pb_column][et_pb_column type=\u00bb1_2&#8243; _builder_version=\u00bb4.27.5&#8243; _module_preset=\u00bbdefault\u00bb global_colors_info=\u00bb{}\u00bb theme_builder_area=\u00bbpost_content\u00bb][et_pb_blurb title=\u00bbFormulario espec\u00edfico de HPOA de Illinois\u00bb url=\u00bbhttps:\/\/dph.illinois.gov\/content\/dam\/soi\/en\/web\/idph\/files\/forms\/powerofattorneyhealthcareform.pdf\u00bb url_new_window=\u00bbon\u00bb image=\u00bbhttps:\/\/gethealthyguide.org\/wp-content\/uploads\/2025\/09\/icon-weblink-circle-Black.jpg\u00bb icon_placement=\u00bbleft\u00bb image_icon_width=\u00bb50px\u00bb image_icon_width_tablet=\u00bb60px\u00bb image_icon_width_phone=\u00bb60px\u00bb image_icon_width_last_edited=\u00bbon|tablet\u00bb _builder_version=\u00bb4.27.5&#8243; header_font=\u00bbArial|700|||||||\u00bb header_line_height=\u00bb1.8em\u00bb body_font_size=\u00bb16px\u00bb body_line_height=\u00bb2em\u00bb background_color=\u00bb#ffffff\u00bb custom_padding=\u00bb0px|30px|0px|30px|true|true\u00bb animation_style=\u00bbzoom\u00bb animation_intensity_zoom=\u00bb10%\u00bb link_option_url=\u00bbhttps:\/\/dph.illinois.gov\/content\/dam\/soi\/en\/web\/idph\/files\/forms\/powerofattorneyhealthcareform.pdf\u00bb link_option_url_new_window=\u00bbon\u00bb hover_enabled=\u00bb0&#8243; border_radii=\u00bbon|10px|10px|10px|10px\u00bb border_radii_image=\u00bbon|100px|100px|100px|100px\u00bb box_shadow_style=\u00bbpreset1&#8243; box_shadow_vertical=\u00bb10px\u00bb box_shadow_blur=\u00bb60px\u00bb box_shadow_color=\u00bbrgba(1,33,92,0.1)\u00bb box_shadow_style_image=\u00bbpreset1&#8243; box_shadow_vertical_image=\u00bb10px\u00bb box_shadow_blur_image=\u00bb40px\u00bb box_shadow_spread_image=\u00bb-10px\u00bb box_shadow_color_image=\u00bb#15c39a\u00bb image_max_width=\u00bb80px\u00bb image_max_width_tablet=\u00bb60px\u00bb image_max_width_phone=\u00bb\u00bb image_max_width_last_edited=\u00bbon|tablet\u00bb global_colors_info=\u00bb{}\u00bb theme_builder_area=\u00bbpost_content\u00bb sticky_enabled=\u00bb0&#8243;]<\/p>\n<p>Este enlace lleva al formulario espec\u00edfico de Illinois<\/p>\n<p>[\/et_pb_blurb][\/et_pb_column][\/et_pb_row][et_pb_row _builder_version=\u00bb4.27.4&#8243; _module_preset=\u00bbdefault\u00bb global_colors_info=\u00bb{}\u00bb theme_builder_area=\u00bbpost_content\u00bb][et_pb_column type=\u00bb4_4&#8243; _builder_version=\u00bb4.27.4&#8243; _module_preset=\u00bbdefault\u00bb global_colors_info=\u00bb{}\u00bb theme_builder_area=\u00bbpost_content\u00bb][et_pb_text _builder_version=\u00bb4.27.5&#8243; _module_preset=\u00bbdefault\u00bb hover_enabled=\u00bb0&#8243; global_colors_info=\u00bb{}\u00bb theme_builder_area=\u00bbpost_content\u00bb sticky_enabled=\u00bb0&#8243;]<\/p>\n<p>La informaci\u00f3n est\u00e1 adaptada de texto generado por Gemini.\u00bb Gemini, Google, 19 nov 2025 y de OpenAI el 19\/01\/2026 usando \u201cDescribe why to have a health care power of attorney and how to document it in plain language\u201d<\/p>\n<p>[\/et_pb_text][\/et_pb_column][\/et_pb_row][\/et_pb_section][et_pb_section fb_built=\u00bb1&#8243; _builder_version=\u00bb4.27.4&#8243; _module_preset=\u00bbdefault\u00bb custom_padding=\u00bb27px|||||\u00bb global_colors_info=\u00bb{}\u00bb theme_builder_area=\u00bbpost_content\u00bb][et_pb_row _builder_version=\u00bb4.27.4&#8243; _module_preset=\u00bbdefault\u00bb global_colors_info=\u00bb{}\u00bb theme_builder_area=\u00bbpost_content\u00bb][et_pb_column type=\u00bb4_4&#8243; _builder_version=\u00bb4.27.4&#8243; _module_preset=\u00bbdefault\u00bb global_colors_info=\u00bb{}\u00bb theme_builder_area=\u00bbpost_content\u00bb][et_pb_text _builder_version=\u00bb4.27.4&#8243; _module_preset=\u00bbdefault\u00bb global_colors_info=\u00bb{}\u00bb theme_builder_area=\u00bbpost_content\u00bb]<\/p>\n<p>Esta informaci\u00f3n no ofrece garant\u00edas sobre la exactitud o la aplicaci\u00f3n de su contenido, declina toda responsabilidad por su uso y no ofrece asesoramiento m\u00e9dico ni legal. No respalda productos o terapias espec\u00edficos, no impone atenci\u00f3n m\u00e9dica ni representa el est\u00e1ndar de atenci\u00f3n.  Es posible que la informaci\u00f3n no se actualice de forma continua y no sustituye el criterio profesional de un proveedor tratante. Se proporciona \u201ctal cual\u201d, sin garant\u00edas expresas ni impl\u00edcitas, no asume responsabilidad alguna por da\u00f1os derivados de su uso y declina toda responsabilidad por errores u omisiones.  <\/p>\n<p>[\/et_pb_text][\/et_pb_column][\/et_pb_row][\/et_pb_section]<\/p>\n","protected":false},"excerpt":{"rendered":"<p>Un poder notarial para atenci\u00f3n sanitaria (POA) es un documento legal que le permite designar a una persona para que tome decisiones m\u00e9dicas por usted si llega a no poder expresarse por s\u00ed mismo. El documento garantiza que se respeten sus deseos m\u00e9dicos, evita conflictos familiares y ayuda a prevenir posibles disputas legales en una [&hellip;]<\/p>\n","protected":false},"author":1,"featured_media":0,"parent":0,"menu_order":0,"comment_status":"closed","ping_status":"closed","template":"","meta":{"_et_pb_use_builder":"on","_et_pb_old_content":"","_et_gb_content_width":"","footnotes":""},"class_list":["post-488","page","type-page","status-publish","hentry"],"featured_image_src":null,"featured_image_src_square":null,"_links":{"self":[{"href":"https:\/\/gethealthyguide.org\/es\/wp-json\/wp\/v2\/pages\/488","targetHints":{"allow":["GET"]}}],"collection":[{"href":"https:\/\/gethealthyguide.org\/es\/wp-json\/wp\/v2\/pages"}],"about":[{"href":"https:\/\/gethealthyguide.org\/es\/wp-json\/wp\/v2\/types\/page"}],"author":[{"embeddable":true,"href":"https:\/\/gethealthyguide.org\/es\/wp-json\/wp\/v2\/users\/1"}],"replies":[{"embeddable":true,"href":"https:\/\/gethealthyguide.org\/es\/wp-json\/wp\/v2\/comments?post=488"}],"version-history":[{"count":0,"href":"https:\/\/gethealthyguide.org\/es\/wp-json\/wp\/v2\/pages\/488\/revisions"}],"wp:attachment":[{"href":"https:\/\/gethealthyguide.org\/es\/wp-json\/wp\/v2\/media?parent=488"}],"curies":[{"name":"wp","href":"https:\/\/api.w.org\/{rel}","templated":true}]}}