{"id":507,"date":"2025-11-18T17:12:42","date_gmt":"2025-11-18T17:12:42","guid":{"rendered":"https:\/\/gethealthyguide.org\/03-pcp-preguntas-hombres\/"},"modified":"2026-04-13T21:54:03","modified_gmt":"2026-04-13T21:54:03","slug":"pcp-q-m","status":"publish","type":"page","link":"https:\/\/gethealthyguide.org\/es\/pcp-q-m\/","title":{"rendered":"03.pcp-preguntas-hombres"},"content":{"rendered":"<p>[et_pb_section fb_built=\u00bb1&#8243; fullwidth=\u00bbon\u00bb _builder_version=\u00bb4.27.4&#8243; _module_preset=\u00bbdefault\u00bb global_colors_info=\u00bb{}\u00bb][et_pb_fullwidth_header title=\u00bbPreguntas que conviene plantear a su proveedor de atenci\u00f3n primaria, para hombres\u00bb _builder_version=\u00bb4.27.4&#8243; _module_preset=\u00bbdefault\u00bb title_font=\u00bb|700|||||||\u00bb subhead_font_size=\u00bb16px\u00bb custom_padding=\u00bb20px||13px|||\u00bb global_colors_info=\u00bb{}\u00bb][\/et_pb_fullwidth_header][\/et_pb_section][et_pb_section fb_built=\u00bb1&#8243; _builder_version=\u00bb4.27.4&#8243; _module_preset=\u00bbdefault\u00bb custom_padding=\u00bb11px||16px|||\u00bb global_colors_info=\u00bb{}\u00bb][et_pb_row _builder_version=\u00bb4.27.4&#8243; _module_preset=\u00bbdefault\u00bb custom_padding=\u00bb11px|||||\u00bb global_colors_info=\u00bb{}\u00bb][et_pb_column type=\u00bb4_4&#8243; _builder_version=\u00bb4.27.4&#8243; _module_preset=\u00bbdefault\u00bb global_colors_info=\u00bb{}\u00bb][et_pb_text _builder_version=\u00bb4.27.4&#8243; _module_preset=\u00bbdefault\u00bb global_colors_info=\u00bb{}\u00bb]<\/p>\n<p>A\u00f1ada sus propias preguntas a esta lista<\/p>\n<p>[\/et_pb_text][\/et_pb_column][\/et_pb_row][et_pb_row _builder_version=\u00bb4.27.4&#8243; _module_preset=\u00bbdefault\u00bb custom_padding=\u00bb14px||11px|||\u00bb global_colors_info=\u00bb{}\u00bb][et_pb_column type=\u00bb4_4&#8243; _builder_version=\u00bb4.27.4&#8243; _module_preset=\u00bbdefault\u00bb global_colors_info=\u00bb{}\u00bb][et_pb_blurb title=\u00bbSalud general y prevenci\u00f3n\u00bb use_icon=\u00bbon\u00bb font_icon=\u00bb&#xf0f1;||fa||900&#8243; icon_color=\u00bb#0b6623&#8243; icon_placement=\u00bbleft\u00bb image_icon_width=\u00bb24px\u00bb content_max_width=\u00bb1100px\u00bb _builder_version=\u00bb4.27.4&#8243; header_font=\u00bbJosefin Sans|700|||||||\u00bb header_line_height=\u00bb1.4em\u00bb body_font=\u00bb||||||||\u00bb body_line_height=\u00bb1.8em\u00bb custom_margin=\u00bb||6px|||\u00bb custom_padding=\u00bb||26px|||\u00bb animation_direction=\u00bbtop\u00bb animation=\u00bboff\u00bb header_font_size_phone=\u00bb24px\u00bb header_font_size_last_edited=\u00bboff|desktop\u00bb icon_font_size=\u00bb24px\u00bb locked=\u00bboff\u00bb global_colors_info=\u00bb{}\u00bb]<\/p>\n<ul>\n<li>\u00bfEst\u00e1n mi presi\u00f3n arterial, colesterol, peso y niveles de az\u00facar en sangre dentro de un rango saludable?<\/li>\n<li>\u00bfQu\u00e9 elementos de la lista de verificaci\u00f3n de cribado y apoyo (1-5) necesito?<\/li>\n<li>\u00bfNecesito alguna vacuna o dosis de refuerzo (gripe, herpes z\u00f3ster, Tdap (vacuna Tdap), COVID, etc.)?<\/li>\n<li>\u00bfQu\u00e9 signos de enfermedades cr\u00f3nicas (cardiopat\u00eda, diabetes, enfermedad renal) debo vigilar?<\/li>\n<\/ul>\n<p>[\/et_pb_blurb][\/et_pb_column][\/et_pb_row][et_pb_row _builder_version=\u00bb4.27.4&#8243; _module_preset=\u00bbdefault\u00bb custom_padding=\u00bb11px||0px|||\u00bb global_colors_info=\u00bb{}\u00bb][et_pb_column type=\u00bb4_4&#8243; _builder_version=\u00bb4.27.4&#8243; _module_preset=\u00bbdefault\u00bb global_colors_info=\u00bb{}\u00bb][et_pb_blurb title=\u00bbOtras consideraciones de salud a medida que envejezco\u00bb use_icon=\u00bbon\u00bb font_icon=\u00bb&#xf21e;||fa||900&#8243; icon_color=\u00bb#0b6623&#8243; icon_placement=\u00bbleft\u00bb image_icon_width=\u00bb24px\u00bb content_max_width=\u00bb1100px\u00bb _builder_version=\u00bb4.27.4&#8243; header_font=\u00bbJosefin Sans|700|||||||\u00bb header_line_height=\u00bb1.4em\u00bb body_font=\u00bb||||||||\u00bb body_line_height=\u00bb1.8em\u00bb custom_margin=\u00bb||8px|||\u00bb animation_direction=\u00bbtop\u00bb animation=\u00bboff\u00bb header_font_size_phone=\u00bb24px\u00bb header_font_size_last_edited=\u00bboff|desktop\u00bb icon_font_size=\u00bb24px\u00bb locked=\u00bboff\u00bb global_colors_info=\u00bb{}\u00bb]<\/p>\n<ul>\n<li>\u00bfCu\u00e1l es mi riesgo de cardiopat\u00eda o ictus? \u00bfDeber\u00eda hacerme alguna prueba adicional de cribado cardiaco (p. ej., ECG, puntuaci\u00f3n de calcio)? \u00bfC\u00f3mo puedo reducir mi riesgo si tengo antecedentes familiares o el colesterol elevado?<\/li>\n<li>\u00bfDeber\u00eda someterme a un cribado de baja densidad \u00f3sea?<\/li>\n<li>\u00bfDeber\u00eda comprobar mis niveles de testosterona? \u00bfQu\u00e9 es normal en los cambios del deseo sexual o de la funci\u00f3n er\u00e9ctil con la edad? \u00bfExisten tratamientos seguros y eficaces para la disfunci\u00f3n er\u00e9ctil?<\/li>\n<\/ul>\n<p>[\/et_pb_blurb][et_pb_blurb title=\u00bbAntecedentes familiares y evaluaci\u00f3n del riesgo\u00bb use_icon=\u00bbon\u00bb font_icon=\u00bb&#xf471;||fa||900&#8243; icon_color=\u00bb#0b6623&#8243; icon_placement=\u00bbleft\u00bb image_icon_width=\u00bb24px\u00bb content_max_width=\u00bb1100px\u00bb _builder_version=\u00bb4.27.4&#8243; header_font=\u00bbJosefin Sans|700|||||||\u00bb header_line_height=\u00bb1.4em\u00bb body_font=\u00bb||||||||\u00bb body_line_height=\u00bb1.8em\u00bb custom_margin=\u00bb||6px|||\u00bb animation_direction=\u00bbtop\u00bb animation=\u00bboff\u00bb header_font_size_phone=\u00bb24px\u00bb header_font_size_last_edited=\u00bboff|desktop\u00bb icon_font_size=\u00bb24px\u00bb locked=\u00bboff\u00bb global_colors_info=\u00bb{}\u00bb]<\/p>\n<p>Dado mi historial familiar, \u00bfnecesito cribados m\u00e1s tempranos o m\u00e1s frecuentes (de pr\u00f3stata, colon o cardiopat\u00eda)? \u00bfHay pruebas gen\u00e9ticas que puedan ayudar a identificar mis riesgos personales para la salud?<\/p>\n<p>[\/et_pb_blurb][\/et_pb_column][\/et_pb_row][et_pb_row _builder_version=\u00bb4.27.4&#8243; _module_preset=\u00bbdefault\u00bb custom_padding=\u00bb5px||0px|||\u00bb global_colors_info=\u00bb{}\u00bb][et_pb_column type=\u00bb4_4&#8243; _builder_version=\u00bb4.27.4&#8243; _module_preset=\u00bbdefault\u00bb global_colors_info=\u00bb{}\u00bb][et_pb_blurb title=\u00bbEstr\u00e9s, sue\u00f1o y salud emocional\u00bb use_icon=\u00bbon\u00bb font_icon=\u00bb&#xf241;||fa||900&#8243; icon_color=\u00bb#0b6623&#8243; icon_placement=\u00bbleft\u00bb image_icon_width=\u00bb24px\u00bb content_max_width=\u00bb1100px\u00bb _builder_version=\u00bb4.27.4&#8243; header_font=\u00bbJosefin Sans|700|||||||\u00bb header_line_height=\u00bb1.4em\u00bb body_font=\u00bb||||||||\u00bb body_line_height=\u00bb1.8em\u00bb custom_margin=\u00bb||8px|||\u00bb custom_padding=\u00bb25px|||||\u00bb animation_direction=\u00bbtop\u00bb animation=\u00bboff\u00bb header_font_size_phone=\u00bb24px\u00bb header_font_size_last_edited=\u00bboff|desktop\u00bb icon_font_size=\u00bb24px\u00bb locked=\u00bboff\u00bb global_colors_info=\u00bb{}\u00bb]<\/p>\n<ul>\n<li>\u00bfPodemos hablar sobre mi estr\u00e9s, estado de \u00e1nimo o sue\u00f1o? \u00bfCu\u00e1les son formas saludables de gestionarlo?<\/li>\n<li>\u00bfPodr\u00edan los ronquidos o dormir mal indicar apnea del sue\u00f1o?<\/li>\n<li>\u00bfHay pruebas para comprobar si el cansancio podr\u00eda deberse a la tiroides, hormonas u otros problemas de salud?<\/li>\n<\/ul>\n<p>[\/et_pb_blurb][et_pb_blurb title=\u00bbPreocupaciones cognitivas y de memoria\u00bb use_icon=\u00bbon\u00bb font_icon=\u00bb&#xe064;||fa||900&#8243; icon_color=\u00bb#0b6623&#8243; icon_placement=\u00bbleft\u00bb image_icon_width=\u00bb24px\u00bb content_max_width=\u00bb1100px\u00bb _builder_version=\u00bb4.27.4&#8243; header_font=\u00bbJosefin Sans|700|||||||\u00bb header_line_height=\u00bb1.4em\u00bb body_font=\u00bb||||||||\u00bb body_line_height=\u00bb1.8em\u00bb custom_margin=\u00bb||8px|||\u00bb custom_padding=\u00bb25px|||||\u00bb animation_direction=\u00bbtop\u00bb animation=\u00bboff\u00bb header_font_size_phone=\u00bb24px\u00bb header_font_size_last_edited=\u00bboff|desktop\u00bb icon_font_size=\u00bb24px\u00bb locked=\u00bboff\u00bb global_colors_info=\u00bb{}\u00bb]<\/p>\n<p>He notado algo de olvidos: \u00bfqu\u00e9 es envejecimiento normal y qu\u00e9 es preocupante? \u00bfHay formas de mantener la salud cerebral o reducir el riesgo de demencia?<\/p>\n<p>[\/et_pb_blurb][et_pb_blurb title=\u00bbNutrici\u00f3n, ejercicio y estilo de vida\u00bb use_icon=\u00bbon\u00bb font_icon=\u00bb&#xf5d1;||fa||900&#8243; icon_color=\u00bb#0b6623&#8243; icon_placement=\u00bbleft\u00bb image_icon_width=\u00bb24px\u00bb content_max_width=\u00bb1100px\u00bb _builder_version=\u00bb4.27.4&#8243; header_font=\u00bbJosefin Sans|700|||||||\u00bb header_line_height=\u00bb1.4em\u00bb body_font=\u00bb||||||||\u00bb body_line_height=\u00bb1.8em\u00bb custom_margin=\u00bb||8px|||\u00bb custom_padding=\u00bb25px|||||\u00bb animation_direction=\u00bbtop\u00bb animation=\u00bboff\u00bb header_font_size_phone=\u00bb24px\u00bb header_font_size_last_edited=\u00bboff|desktop\u00bb icon_font_size=\u00bb24px\u00bb locked=\u00bboff\u00bb global_colors_info=\u00bb{}\u00bb]<\/p>\n<ul>\n<li>\u00bfTengo un peso y un porcentaje de grasa corporal saludables? \u00bfC\u00f3mo puedo mejorar mi alimentaci\u00f3n?<\/li>\n<li>\u00bfCu\u00e1nta actividad f\u00edsica y entrenamiento de fuerza deber\u00eda hacer cada semana?<\/li>\n<li>\u00bfQu\u00e9 me aconseja sobre el alcohol, la cafe\u00edna o los suplementos?<\/li>\n<li>\u00bfQu\u00e9 medidas puedo tomar para reducir mi riesgo a largo plazo de cardiopat\u00eda o s\u00edndrome metab\u00f3lico?<\/li>\n<\/ul>\n<p>[\/et_pb_blurb][et_pb_blurb title=\u00bbMedicaci\u00f3n y seguimiento\u00bb use_icon=\u00bbon\u00bb font_icon=\u00bb&#xf484;||fa||900&#8243; icon_color=\u00bb#0b6623&#8243; icon_placement=\u00bbleft\u00bb image_icon_width=\u00bb24px\u00bb content_max_width=\u00bb1100px\u00bb _builder_version=\u00bb4.27.4&#8243; header_font=\u00bbJosefin Sans|700|||||||\u00bb header_line_height=\u00bb1.4em\u00bb body_font=\u00bb||||||||\u00bb body_line_height=\u00bb1.8em\u00bb custom_margin=\u00bb||8px|||\u00bb custom_padding=\u00bb25px|||||\u00bb animation_direction=\u00bbtop\u00bb animation=\u00bboff\u00bb header_font_size_phone=\u00bb24px\u00bb header_font_size_last_edited=\u00bboff|desktop\u00bb icon_font_size=\u00bb24px\u00bb locked=\u00bboff\u00bb global_colors_info=\u00bb{}\u00bb]<\/p>\n<ul>\n<li>\u00bfSon necesarios todos mis medicamentos y suplementos actuales, y son seguros en conjunto? \u00bfNecesito an\u00e1lisis para vigilar los efectos secundarios de la medicaci\u00f3n?<\/li>\n<li>\u00bfCon qu\u00e9 frecuencia debo repetir las anal\u00edticas o cribados rutinarios? \u00bfCon qu\u00e9 frecuencia debo programar visitas de seguimiento o an\u00e1lisis de sangre?<\/li>\n<\/ul>\n<p>[\/et_pb_blurb][\/et_pb_column][\/et_pb_row][et_pb_row _builder_version=\u00bb4.27.4&#8243; _module_preset=\u00bbdefault\u00bb global_colors_info=\u00bb{}\u00bb][et_pb_column type=\u00bb4_4&#8243; _builder_version=\u00bb4.27.4&#8243; _module_preset=\u00bbdefault\u00bb global_colors_info=\u00bb{}\u00bb][et_pb_text _builder_version=\u00bb4.27.5&#8243; _module_preset=\u00bbdefault\u00bb hover_enabled=\u00bb0&#8243; global_colors_info=\u00bb{}\u00bb sticky_enabled=\u00bb0&#8243;]<\/p>\n<p>La informaci\u00f3n <span style=\"font-weight: 400;\">se adapt\u00f3 a partir de texto generado por Gemini.\u00bb Gemini, Google, 22 de septiembre de 2025, usando el prompt \u201cdescribe what is in a typical adult male PCP visit in plain language\u201d, y de ChatGPT, OpenAI, el 10 de octubre de 2025, usando el prompt \u201cQuestions for adult men to ask PCP during annual wellness visit\u00bb.<\/span><\/p>\n<p>[\/et_pb_text][\/et_pb_column][\/et_pb_row][\/et_pb_section][et_pb_section fb_built=\u00bb1&#8243; _builder_version=\u00bb4.27.4&#8243; _module_preset=\u00bbdefault\u00bb custom_padding=\u00bb27px|||||\u00bb global_colors_info=\u00bb{}\u00bb][et_pb_row _builder_version=\u00bb4.27.4&#8243; _module_preset=\u00bbdefault\u00bb global_colors_info=\u00bb{}\u00bb][et_pb_column type=\u00bb4_4&#8243; _builder_version=\u00bb4.27.4&#8243; _module_preset=\u00bbdefault\u00bb global_colors_info=\u00bb{}\u00bb][et_pb_text _builder_version=\u00bb4.27.4&#8243; _module_preset=\u00bbdefault\u00bb global_colors_info=\u00bb{}\u00bb]<\/p>\n<p>Esta informaci\u00f3n no ofrece ninguna garant\u00eda sobre la exactitud o la aplicaci\u00f3n de su contenido, declina toda responsabilidad por su uso y no proporciona asesoramiento m\u00e9dico ni legal. No respalda productos o terapias espec\u00edficos, no impone atenci\u00f3n m\u00e9dica ni representa el est\u00e1ndar de atenci\u00f3n. Es posible que la informaci\u00f3n no se actualice de forma continua y no sustituye el criterio profesional de un proveedor tratante. Se proporciona \u201ctal cual\u201d, sin garant\u00edas expresas ni impl\u00edcitas; no asume responsabilidad alguna por cualquier da\u00f1o derivado de su uso y declina toda responsabilidad por errores u omisiones. <\/p>\n<p>[\/et_pb_text][\/et_pb_column][\/et_pb_row][\/et_pb_section]<\/p>\n","protected":false},"excerpt":{"rendered":"<p>A\u00f1ada sus propias preguntas a esta lista \u00bfEst\u00e1n mi presi\u00f3n arterial, colesterol, peso y niveles de az\u00facar en sangre dentro de un rango saludable? \u00bfQu\u00e9 elementos de la lista de verificaci\u00f3n de cribado y apoyo (1-5) necesito? \u00bfNecesito alguna vacuna o dosis de refuerzo (gripe, herpes z\u00f3ster, Tdap (vacuna Tdap), COVID, etc.)? \u00bfQu\u00e9 signos de [&hellip;]<\/p>\n","protected":false},"author":1,"featured_media":0,"parent":0,"menu_order":0,"comment_status":"closed","ping_status":"closed","template":"","meta":{"_et_pb_use_builder":"on","_et_pb_old_content":"","_et_gb_content_width":"","footnotes":""},"class_list":["post-507","page","type-page","status-publish","hentry"],"featured_image_src":null,"featured_image_src_square":null,"_links":{"self":[{"href":"https:\/\/gethealthyguide.org\/es\/wp-json\/wp\/v2\/pages\/507","targetHints":{"allow":["GET"]}}],"collection":[{"href":"https:\/\/gethealthyguide.org\/es\/wp-json\/wp\/v2\/pages"}],"about":[{"href":"https:\/\/gethealthyguide.org\/es\/wp-json\/wp\/v2\/types\/page"}],"author":[{"embeddable":true,"href":"https:\/\/gethealthyguide.org\/es\/wp-json\/wp\/v2\/users\/1"}],"replies":[{"embeddable":true,"href":"https:\/\/gethealthyguide.org\/es\/wp-json\/wp\/v2\/comments?post=507"}],"version-history":[{"count":0,"href":"https:\/\/gethealthyguide.org\/es\/wp-json\/wp\/v2\/pages\/507\/revisions"}],"wp:attachment":[{"href":"https:\/\/gethealthyguide.org\/es\/wp-json\/wp\/v2\/media?parent=507"}],"curies":[{"name":"wp","href":"https:\/\/api.w.org\/{rel}","templated":true}]}}